{"id":995,"date":"2014-10-28T17:55:24","date_gmt":"2014-10-28T17:55:24","guid":{"rendered":"https:\/\/byomedicsystem.com\/producto\/step-profesional-de-4-bases\/"},"modified":"2024-02-21T13:24:17","modified_gmt":"2024-02-21T13:24:17","slug":"step-profesional-de-4-bases","status":"publish","type":"product","link":"https:\/\/byomedicsystem.com\/en\/tienda\/fitness\/step-profesional-de-4-bases\/","title":{"rendered":"STEP PROFESIONAL DE 4 BASES PROFESIONAL BFL"},"content":{"rendered":"<p><span style=\"text-decoration: underline;\"><strong>Dimensiones:<\/strong><\/span><\/p>\n<p><strong><br \/>\nLong:<\/strong>\u00a0108 cm.<br \/>\n<strong>Wide:<\/strong> 40 cm.<strong><br \/>\nHigh:<\/strong> 30 cm.<br \/>\n<strong>Weight:<\/strong> 9 kg.<\/p>","protected":false},"excerpt":{"rendered":"<p><span style=\"text-decoration: underline;\"><strong>Caracter\u00edsticas T\u00e9cnicas<\/strong><\/span><\/p>\n<p>Set completo 4 bases. M\u00e1xima estabilidad.<br \/>\nPara m\u00faltiples ejercicios de aer\u00f3bic y body pump ideal para entrenar y tonificar piernas y gl\u00fateos.<br \/>\nPlataforma y cuatro bases.\u00a0Topes de goma para evitar posible deslizamiento. En color gris y negro.<\/p>\n<ul>\n<li><strong>PRECIO A CONSULTAR<\/strong><\/li>\n<\/ul>","protected":false},"featured_media":991,"template":"","meta":{"_et_pb_use_builder":"","_et_pb_old_content":"","_et_gb_content_width":""},"product_cat":[141,16],"product_tag":[],"_links":{"self":[{"href":"https:\/\/byomedicsystem.com\/en\/wp-json\/wp\/v2\/product\/995"}],"collection":[{"href":"https:\/\/byomedicsystem.com\/en\/wp-json\/wp\/v2\/product"}],"about":[{"href":"https:\/\/byomedicsystem.com\/en\/wp-json\/wp\/v2\/types\/product"}],"wp:featuredmedia":[{"embeddable":true,"href":"https:\/\/byomedicsystem.com\/en\/wp-json\/wp\/v2\/media\/991"}],"wp:attachment":[{"href":"https:\/\/byomedicsystem.com\/en\/wp-json\/wp\/v2\/media?parent=995"}],"wp:term":[{"taxonomy":"product_cat","embeddable":true,"href":"https:\/\/byomedicsystem.com\/en\/wp-json\/wp\/v2\/product_cat?post=995"},{"taxonomy":"product_tag","embeddable":true,"href":"https:\/\/byomedicsystem.com\/en\/wp-json\/wp\/v2\/product_tag?post=995"}],"curies":[{"name":"wp","href":"https:\/\/api.w.org\/{rel}","templated":true}]}}