{"id":969,"date":"2014-10-28T17:01:09","date_gmt":"2014-10-28T17:01:09","guid":{"rendered":"https:\/\/byomedicsystem.com\/producto\/pack-4-superbandas-resistencia\/"},"modified":"2024-02-21T13:27:19","modified_gmt":"2024-02-21T13:27:19","slug":"pack-4-superbandas-resistencia","status":"publish","type":"product","link":"https:\/\/byomedicsystem.com\/en\/tienda\/fitness\/material-funcional\/pack-4-superbandas-resistencia\/","title":{"rendered":"SUPERBANDS 5 UNIDADES PACK"},"content":{"rendered":"<p><span style=\"text-decoration: underline;\"><strong>Caracter\u00edsticas T\u00e9cnicas<\/strong><\/span><\/p>\n<p>Bandas el\u00e1sticas de latex.<br \/>\nResistencia codificada por colores.<\/p>\n<p><span style=\"text-decoration: underline;\"><strong>Dimensiones:<\/strong><\/span><\/p>\n<ul>\n<li><strong>Roja:<\/strong> 105 x 1.30 cm.<\/li>\n<li><strong>Negra:<\/strong>\u00a0105 x<strong>\u00a0<\/strong>2.20 cm.<\/li>\n<li><strong>Morada:<\/strong> 103 x 3.20 cm.<\/li>\n<li><strong>Verde:<\/strong> \u00a0103 x 4.50 cm.<\/li>\n<li><strong>Naranja:<\/strong>\u00a0 208 x 6.40 cm.<\/li>\n<\/ul>","protected":false},"excerpt":{"rendered":"<h1><\/h1>\n<p>Kit Super Band 5 Intensidades: Ligero\/Medio\/Fuerte\/Extra-Fuerte y Explosive.<\/p>\n<p>Con la banda de resistencia Superband BFL puedes elegir aumentar la resistencia a la hora de realizar cualquier ejercicio. La soluci\u00f3n ideal para subir el nivel de tu entrenamiento o para cuando no quieras usar un sistema de polea. La banda de resistencia te ayuda a reproducir el mismo movimiento aumentado carga de una forma mucho m\u00e1s pr\u00e1ctica.<\/p>\n<p>Puedes usarla como \u00fanico accesorio para potenciar tus entrenamientos o puede ser el acompa\u00f1amiento ideal para el trabajo en una estructura, por ejemplo para guiarte cuando hagas dominadas. En cualquiera de los casos t\u00fa decides el nivel de resistencia. El grosor de la cinta determina el nivel para que compruebes d\u00f3nde est\u00e1n tus l\u00edmites y entrenes para superarlos.<\/p>\n<p>Las Superbands BFL son tan vers\u00e1tiles que se convierten en imprescindibles en tu rutina de entrenamiento. Puedes mejorar tu rutina ya sea en casa o en el gimnasio, la cuesti\u00f3n es aprender a sacarle el m\u00e1ximo rendimiento para que tu entrenamiento sea cada d\u00eda de 10 y m\u00e1s con este s\u00faper Kit de 5 El\u00e1sticos.<\/p>\n<ul>\n<li><strong>PRECIO A CONSULTAR<\/strong><\/li>\n<\/ul>\n<p>&nbsp;<\/p>\n<p>&nbsp;<\/p>","protected":false},"featured_media":236363,"template":"","meta":{"_et_pb_use_builder":"","_et_pb_old_content":"","_et_gb_content_width":""},"product_cat":[141],"product_tag":[],"_links":{"self":[{"href":"https:\/\/byomedicsystem.com\/en\/wp-json\/wp\/v2\/product\/969"}],"collection":[{"href":"https:\/\/byomedicsystem.com\/en\/wp-json\/wp\/v2\/product"}],"about":[{"href":"https:\/\/byomedicsystem.com\/en\/wp-json\/wp\/v2\/types\/product"}],"wp:featuredmedia":[{"embeddable":true,"href":"https:\/\/byomedicsystem.com\/en\/wp-json\/wp\/v2\/media\/236363"}],"wp:attachment":[{"href":"https:\/\/byomedicsystem.com\/en\/wp-json\/wp\/v2\/media?parent=969"}],"wp:term":[{"taxonomy":"product_cat","embeddable":true,"href":"https:\/\/byomedicsystem.com\/en\/wp-json\/wp\/v2\/product_cat?post=969"},{"taxonomy":"product_tag","embeddable":true,"href":"https:\/\/byomedicsystem.com\/en\/wp-json\/wp\/v2\/product_tag?post=969"}],"curies":[{"name":"wp","href":"https:\/\/api.w.org\/{rel}","templated":true}]}}