{"id":746,"date":"2014-09-17T16:58:37","date_gmt":"2014-09-17T16:58:37","guid":{"rendered":"https:\/\/byomedicsystem.com\/producto\/spin-bike-ion-pro3\/"},"modified":"2024-02-21T13:35:05","modified_gmt":"2024-02-21T13:35:05","slug":"spin-bike-ion-pro3","status":"publish","type":"product","link":"https:\/\/byomedicsystem.com\/en\/tienda\/fitness\/spin-bike-ion-pro3\/","title":{"rendered":"SPINING BIKE IRON"},"content":{"rendered":"<p>Con la comodidad de los ajustes r\u00e1pidos y f\u00e1ciles del asiento, la altura y la resistencia, la bicicleta Spinning IRON ofrece un entrenamiento intenso sin distracciones. Cuenta con un asiento y manillar totalmente ajustables que se mueven hacia arriba \/ abajo y hacia adelante y hacia atr\u00e1s.<\/p>\n<p>Adem\u00e1s incluye un f\u00e1ntastico soporte para tu Tablet o Tel\u00e9fono Mobil y podr\u00e1s disfrutar de cualquier App de Ciclyng en tu App Store o Play Store, incluso mientras pedaleas puedes ver una serie de Netflix, HBO, etc&#8230;<\/p>\n<p><strong>CARACTER\u00cdSTICAS T\u00c9CNICAS<\/strong><\/p>\n<ul>\n<li><strong>Smart Release<\/strong> &#8211; caracter\u00edstica de seguridad que<br \/>\npermite liberar la rueda de inercia cuando el<br \/>\nusuario deja de pedalear<\/li>\n<li>Pedales &#8211; est\u00e1ndar<\/li>\n<li>Sill\u00edn ergon\u00f3mico regulable en altura y longitud<\/li>\n<li>18 kg volante<\/li>\n<li>Pedaleo de Alta Precisi\u00f3n<\/li>\n<li>Soporte para Tablet<\/li>\n<li>Multi engranaje<\/li>\n<li>Ruedas de transportes<\/li>\n<li><strong>Dimensiones:<\/strong> 1125x550x1140 mm<\/li>\n<li><strong>Weight:<\/strong> 40 kg<\/li>\n<li><strong>Bloqueo r\u00e1pido<\/strong>\u00a0de emergencia, para un ejercicio m\u00e1s seguro.<\/li>\n<li><strong>Recubrimiento<\/strong>\u00a0de doble capa de pintura en polvo.<\/li>\n<\/ul>","protected":false},"excerpt":{"rendered":"<p>La Bicicleta de Spining Iron, Tiene una transmisi\u00f3n por correa suave y silenciosa y viene en un marco de acero de gran tama\u00f1o. El peso de la rueda de inercia es\u00a0\u00a0de 18 Kg, consiguiendo un impulso suave y constante que imita una verdadera sensaci\u00f3n de bicicleta de carretera al aire libre.<\/p>\n<ul>\n<li><strong>PRECIO A CONSULTAR<\/strong><\/li>\n<\/ul>\n<p>&nbsp;<\/p>","protected":false},"featured_media":236066,"template":"","meta":{"_et_pb_use_builder":"","_et_pb_old_content":"","_et_gb_content_width":""},"product_cat":[29,16],"product_tag":[],"_links":{"self":[{"href":"https:\/\/byomedicsystem.com\/en\/wp-json\/wp\/v2\/product\/746"}],"collection":[{"href":"https:\/\/byomedicsystem.com\/en\/wp-json\/wp\/v2\/product"}],"about":[{"href":"https:\/\/byomedicsystem.com\/en\/wp-json\/wp\/v2\/types\/product"}],"wp:featuredmedia":[{"embeddable":true,"href":"https:\/\/byomedicsystem.com\/en\/wp-json\/wp\/v2\/media\/236066"}],"wp:attachment":[{"href":"https:\/\/byomedicsystem.com\/en\/wp-json\/wp\/v2\/media?parent=746"}],"wp:term":[{"taxonomy":"product_cat","embeddable":true,"href":"https:\/\/byomedicsystem.com\/en\/wp-json\/wp\/v2\/product_cat?post=746"},{"taxonomy":"product_tag","embeddable":true,"href":"https:\/\/byomedicsystem.com\/en\/wp-json\/wp\/v2\/product_tag?post=746"}],"curies":[{"name":"wp","href":"https:\/\/api.w.org\/{rel}","templated":true}]}}