{"id":524,"date":"2014-07-22T19:21:50","date_gmt":"2014-07-22T19:21:50","guid":{"rendered":"https:\/\/byomedicsystem.com\/producto\/stalker-radar-ats-ii\/"},"modified":"2024-02-21T13:37:20","modified_gmt":"2024-02-21T13:37:20","slug":"stalker-radar-ats-ii","status":"publish","type":"product","link":"https:\/\/byomedicsystem.com\/en\/tienda\/itech\/stalker-radar-ats-ii\/","title":{"rendered":"STALKER RADAR ATS II"},"content":{"rendered":"","protected":false},"excerpt":{"rendered":"<p>\u00bfPor qu\u00e9 comprar un Stalker radar?<\/p>\n<p>El STalker Acceleration Testing System (STATS) es la combinaci\u00f3n del incre\u00edble radar de mano profesional Stalker ATS II y el nuevo y m\u00e1s potente software Stalker ATS II.<\/p>\n<p>La pistola de radar Stalker ATS II es un instrumento port\u00e1til y preciso para registrar la aceleraci\u00f3n y desaceleraci\u00f3n de veh\u00edculos y otros objetos en movimiento. Al igual que su predecesor, el Stalker ATS, el ATS II es un radar de detecci\u00f3n de velocidad. Pero en lugar de enviar datos solo a una computadora conectada, el ATS II tambi\u00e9n almacena los datos en la memoria ubicada dentro del arma. Por lo tanto, a diferencia del ATS, el ATS II no requiere conexi\u00f3n a una computadora para recopilar sus datos de velocidad y aceleraci\u00f3n.<\/p>\n<p>El Stalker ATS II proporciona una imagen detallada de la din\u00e1mica de la aceleraci\u00f3n. Es la herramienta definitiva para los corredores y fabricantes para probar y ajustar productos para obtener el m\u00e1ximo rendimiento.<\/p>\n<ul>\n<li><strong>PRECIO A CONSULTAR<\/strong><\/li>\n<\/ul>","protected":false},"featured_media":523,"template":"","meta":{"_et_pb_use_builder":"","_et_pb_old_content":"","_et_gb_content_width":""},"product_cat":[36],"product_tag":[],"_links":{"self":[{"href":"https:\/\/byomedicsystem.com\/en\/wp-json\/wp\/v2\/product\/524"}],"collection":[{"href":"https:\/\/byomedicsystem.com\/en\/wp-json\/wp\/v2\/product"}],"about":[{"href":"https:\/\/byomedicsystem.com\/en\/wp-json\/wp\/v2\/types\/product"}],"wp:featuredmedia":[{"embeddable":true,"href":"https:\/\/byomedicsystem.com\/en\/wp-json\/wp\/v2\/media\/523"}],"wp:attachment":[{"href":"https:\/\/byomedicsystem.com\/en\/wp-json\/wp\/v2\/media?parent=524"}],"wp:term":[{"taxonomy":"product_cat","embeddable":true,"href":"https:\/\/byomedicsystem.com\/en\/wp-json\/wp\/v2\/product_cat?post=524"},{"taxonomy":"product_tag","embeddable":true,"href":"https:\/\/byomedicsystem.com\/en\/wp-json\/wp\/v2\/product_tag?post=524"}],"curies":[{"name":"wp","href":"https:\/\/api.w.org\/{rel}","templated":true}]}}