{"id":522,"date":"2014-07-22T19:09:32","date_gmt":"2014-07-22T19:09:32","guid":{"rendered":"https:\/\/byomedicsystem.com\/producto\/stalker-radar-pro-ii\/"},"modified":"2024-02-21T13:38:00","modified_gmt":"2024-02-21T13:38:00","slug":"stalker-radar-pro-ii","status":"publish","type":"product","link":"https:\/\/byomedicsystem.com\/en\/tienda\/itech\/stalker-radar-pro-ii\/","title":{"rendered":"STALKER RADAR PRO II"},"content":{"rendered":"","protected":false},"excerpt":{"rendered":"<p>Pistola de radar deportivo de alto rendimiento<br \/>\nLa elecci\u00f3n de profesionales<\/p>\n<p>El vers\u00e1til Stalker Pro II es la elecci\u00f3n de las Grandes Ligas de B\u00e9isbol y los equipos universitarios y semiprofesionales de primer nivel en todo el mundo. El Pro II mide de forma r\u00e1pida y precisa la velocidad de cualquier cosa que se mueva por el aire, por tierra o en el agua. \u00a1El \u00fanico radar deportivo que lo hace todo!<\/p>\n<p>Ning\u00fan otro radar deportivo es tan preciso, sensible o tiene tanto alcance y versatilidad como el Stalker Pro II.<\/p>\n<p>Modo B\u00e9isbol &#8211; \u00a1Alcance de 500 pies!<br \/>\nEl Pro II bidireccional mide la velocidad m\u00e1xima (liberaci\u00f3n) y la velocidad del plato (roll-down) de un campo de b\u00e9isbol, as\u00ed como la velocidad de una pelota bateada que viaja en la direcci\u00f3n opuesta. Las tres velocidades se muestran al mismo tiempo.<\/p>\n<p>Modo de veh\u00edculo:<br \/>\nRegistre veh\u00edculos en tierra o agua hasta a dos millas de distancia. El Stalker Pro II filtra otros veh\u00edculos que se mueven en la direcci\u00f3n opuesta de inter\u00e9s.<\/p>\n<p>Modo Carnival:<br \/>\nEl Pro II se adhiere al lado de un tel\u00f3n de fondo y mide la velocidad de las bolas de juego intermedias lanzadas desde solo unos metros de distancia.<\/p>\n<p>Modo Tenis:<br \/>\nSiga las bolas en cualquier lado de la cancha, ya que el ancho de haz del Pro II mide tanto la velocidad m\u00e1xima (saque) de la pelota como la velocidad de desaceleraci\u00f3n en vivo.<\/p>\n<p>El paquete de radar deportivo de alto rendimiento Pro II incluye:<\/p>\n<p>La pistola de radar deportivo Stalker Pro II<br \/>\nAsa de bater\u00eda recargable de iones de litio<br \/>\nMalet\u00edn de pl\u00e1stico duro. Hardcase<br \/>\nCargador de bater\u00eda<br \/>\nInstruction manual<\/p>\n<ul>\n<li><strong>PRECIO A CONSULTAR<\/strong><\/li>\n<\/ul>","protected":false},"featured_media":521,"template":"","meta":{"_et_pb_use_builder":"","_et_pb_old_content":"","_et_gb_content_width":""},"product_cat":[36],"product_tag":[],"_links":{"self":[{"href":"https:\/\/byomedicsystem.com\/en\/wp-json\/wp\/v2\/product\/522"}],"collection":[{"href":"https:\/\/byomedicsystem.com\/en\/wp-json\/wp\/v2\/product"}],"about":[{"href":"https:\/\/byomedicsystem.com\/en\/wp-json\/wp\/v2\/types\/product"}],"wp:featuredmedia":[{"embeddable":true,"href":"https:\/\/byomedicsystem.com\/en\/wp-json\/wp\/v2\/media\/521"}],"wp:attachment":[{"href":"https:\/\/byomedicsystem.com\/en\/wp-json\/wp\/v2\/media?parent=522"}],"wp:term":[{"taxonomy":"product_cat","embeddable":true,"href":"https:\/\/byomedicsystem.com\/en\/wp-json\/wp\/v2\/product_cat?post=522"},{"taxonomy":"product_tag","embeddable":true,"href":"https:\/\/byomedicsystem.com\/en\/wp-json\/wp\/v2\/product_tag?post=522"}],"curies":[{"name":"wp","href":"https:\/\/api.w.org\/{rel}","templated":true}]}}