{"id":474,"date":"2014-06-02T13:21:04","date_gmt":"2014-06-02T13:21:04","guid":{"rendered":"https:\/\/byomedicsystem.com\/producto\/aerosling-elite-plus\/"},"modified":"2024-02-21T13:43:30","modified_gmt":"2024-02-21T13:43:30","slug":"aerosling-elite-plus","status":"publish","type":"product","link":"https:\/\/byomedicsystem.com\/en\/tienda\/performance\/material-deportivo\/aerosling-elite-plus\/","title":{"rendered":"AEROSLING ELITE (PROFESIONAL)"},"content":{"rendered":"","protected":false},"excerpt":{"rendered":"<p><span style=\"color: #0000ff;\"><strong>AEROSLING ELITE<\/strong><\/span>, preparado y reforzado con una polea para los entrenamientos, tanto en casa como en centros de preparaci\u00f3n f\u00edsica. aeroSling Elite nos proporciona inestabilidad y con esto, podemos mejorar la resistencia de los m\u00fasculos de nuestro cuerpo trabajando la fuerza exc\u00e9ntrica y conc\u00e9ntrica.<\/p>\n<p>&nbsp;<\/p>\n<p>El entrenamiento con el <span style=\"color: #0000ff;\"><strong>AeroSling Elite<\/strong><\/span>\u00a0est\u00e1 basado en la utilizaci\u00f3n del propio peso del cuerpo como resistencia, que resulta la forma m\u00e1s efectiva y natural de entrenarse. Gracias a su capacidad de ajuste, el <span style=\"color: #0000ff;\"><strong>AeroSling Elite <\/strong><\/span>se adapta a la necesidad del usuario.<\/p>\n<ul>\n<li><strong>PRECIO A CONSULTAR<\/strong><\/li>\n<\/ul>\n<p>______________________________________________________________________________<\/p>\n<p><img loading=\"lazy\" decoding=\"async\" class=\"size-full wp-image-473\" src=\"https:\/\/byomedicsystem.com\/wp-content\/uploads\/2014\/06\/16887817-bandera-de-alemania-smartphone-botones-de-aplicacion-cuadrados.jpg\" alt=\"\" width=\"82\" height=\"82\" srcset=\"https:\/\/byomedicsystem.com\/wp-content\/uploads\/2014\/06\/16887817-bandera-de-alemania-smartphone-botones-de-aplicacion-cuadrados.jpg 168w, https:\/\/byomedicsystem.com\/wp-content\/uploads\/2014\/06\/16887817-bandera-de-alemania-smartphone-botones-de-aplicacion-cuadrados-150x150.jpg 150w, https:\/\/byomedicsystem.com\/wp-content\/uploads\/2014\/06\/16887817-bandera-de-alemania-smartphone-botones-de-aplicacion-cuadrados-100x100.jpg 100w\" sizes=\"(max-width: 82px) 100vw, 82px\" \/><\/p>\n<p><strong>Made in Germany<\/strong><\/p>","protected":false},"featured_media":466,"template":"","meta":{"_et_pb_use_builder":"","_et_pb_old_content":"","_et_gb_content_width":""},"product_cat":[141,16,41],"product_tag":[],"_links":{"self":[{"href":"https:\/\/byomedicsystem.com\/en\/wp-json\/wp\/v2\/product\/474"}],"collection":[{"href":"https:\/\/byomedicsystem.com\/en\/wp-json\/wp\/v2\/product"}],"about":[{"href":"https:\/\/byomedicsystem.com\/en\/wp-json\/wp\/v2\/types\/product"}],"wp:featuredmedia":[{"embeddable":true,"href":"https:\/\/byomedicsystem.com\/en\/wp-json\/wp\/v2\/media\/466"}],"wp:attachment":[{"href":"https:\/\/byomedicsystem.com\/en\/wp-json\/wp\/v2\/media?parent=474"}],"wp:term":[{"taxonomy":"product_cat","embeddable":true,"href":"https:\/\/byomedicsystem.com\/en\/wp-json\/wp\/v2\/product_cat?post=474"},{"taxonomy":"product_tag","embeddable":true,"href":"https:\/\/byomedicsystem.com\/en\/wp-json\/wp\/v2\/product_tag?post=474"}],"curies":[{"name":"wp","href":"https:\/\/api.w.org\/{rel}","templated":true}]}}