{"id":437,"date":"2014-06-02T13:21:04","date_gmt":"2014-06-02T13:21:04","guid":{"rendered":"https:\/\/byomedicsystem.com\/producto\/jumper\/"},"modified":"2024-02-21T13:41:50","modified_gmt":"2024-02-21T13:41:50","slug":"jumper","status":"publish","type":"product","link":"https:\/\/byomedicsystem.com\/en\/tienda\/fitness\/material-funcional\/jumper\/","title":{"rendered":"TOGU Jumper"},"content":{"rendered":"<p>&nbsp;<\/p>\n<p>&nbsp;<\/p>","protected":false},"excerpt":{"rendered":"<p><span id=\"result_box\" lang=\"es\"><span title=\"Der Togu Jumper ist f\u00fcr unsere orthop\u00e4disch-traumatologisch ausgerichtetes Zentrum f\u00fcr Physiotherapie ein ideales Trainingsger\u00e4t.\">The <strong><em>Togu Jumper\u00a0<\/em> <\/strong>es una herramienta de entrenamiento ideal para nuestro centro de fisioterapia y de Prepar<\/span><\/span><\/p>\n<p><span id=\"result_box\" lang=\"es\"><span title=\"Der Togu Jumper ist f\u00fcr unsere orthop\u00e4disch-traumatologisch ausgerichtetes Zentrum f\u00fcr Physiotherapie ein ideales Trainingsger\u00e4t.\">aci\u00f3n F\u00edsica. <\/span><span title=\"Die Vielseitigkeit im Kr\u00e4ftigungs-, Stabilisations- und Ausdauerbereich sucht vergleichbares.\">La versatilidad en el fortalecimiento, la estabilizaci\u00f3n y b\u00fasquedas similares de resistencia.<\/span><br \/>\n<span title=\"Dadurch ist man als Therapeut im funktionellen bzw. plyometrischen Training sehr einfallsreich und in den Anwendungsbereichen selten begrenzt.\">The <em><strong>Togu Jumper<\/strong> <\/em>se utiliza sobre todo para el entrenamiento funcional y pliom\u00e9trico.<\/span><br \/>\n<span title=\"Die M\u00f6glichkeiten in Kombination mit dem Trampolineffekt sind in der Rehabilitation und Pr\u00e4vention sehr gro\u00df.\">Las posibilidades de combinaci\u00f3n con el efecto trampol\u00edn es muy importante en la rehabilitaci\u00f3n y prevenci\u00f3n de lesiones.<\/span><\/span><\/p>\n<ul>\n<li><strong>PRECIO A CONSULTAR<\/strong><\/li>\n<\/ul>\n<p>&nbsp;<\/p>\n<p>&nbsp;<\/p>\n<p>&nbsp;<\/p>\n<p>&nbsp;<\/p>\n<p>&nbsp;<\/p>\n<p>&nbsp;<\/p>\n<p><strong><span id=\"result_box\" lang=\"es\"><span style=\"text-decoration: underline;\"><span class=\"hps\">Especificaciones:<\/span><\/span><\/span><\/strong><\/p>\n<p><span class=\"hps\">Dimensiones:<\/span> <span class=\"hps\">52<\/span> <span class=\"hps\">cm<\/span> <span class=\"hps\">x<\/span> <span class=\"hps\">max.<\/span> <span class=\"hps\">24<\/span> <span class=\"hps\">cm<\/span><br \/>\n<span class=\"hps\">Weight:<\/span> <span class=\"hps\">4400<\/span> <span class=\"hps\">g<\/span><br \/>\n<span class=\"hps\">Capacidad de carga<\/span>: <span class=\"hps\">200<\/span> <span class=\"hps\">kg<\/span><\/p>\n<p><strong><span lang=\"es\"><span class=\"hps\">Portes de env\u00edo incluidos en Pen\u00ednsula y Baleares.<\/span><\/span><\/strong><\/p>\n<p>&nbsp;<\/p>","protected":false},"featured_media":236961,"template":"","meta":{"_et_pb_use_builder":"","_et_pb_old_content":"","_et_gb_content_width":""},"product_cat":[141,16],"product_tag":[],"_links":{"self":[{"href":"https:\/\/byomedicsystem.com\/en\/wp-json\/wp\/v2\/product\/437"}],"collection":[{"href":"https:\/\/byomedicsystem.com\/en\/wp-json\/wp\/v2\/product"}],"about":[{"href":"https:\/\/byomedicsystem.com\/en\/wp-json\/wp\/v2\/types\/product"}],"wp:featuredmedia":[{"embeddable":true,"href":"https:\/\/byomedicsystem.com\/en\/wp-json\/wp\/v2\/media\/236961"}],"wp:attachment":[{"href":"https:\/\/byomedicsystem.com\/en\/wp-json\/wp\/v2\/media?parent=437"}],"wp:term":[{"taxonomy":"product_cat","embeddable":true,"href":"https:\/\/byomedicsystem.com\/en\/wp-json\/wp\/v2\/product_cat?post=437"},{"taxonomy":"product_tag","embeddable":true,"href":"https:\/\/byomedicsystem.com\/en\/wp-json\/wp\/v2\/product_tag?post=437"}],"curies":[{"name":"wp","href":"https:\/\/api.w.org\/{rel}","templated":true}]}}