{"id":434,"date":"2014-06-02T13:21:04","date_gmt":"2014-06-02T13:21:04","guid":{"rendered":"https:\/\/byomedicsystem.com\/producto\/pielaster\/"},"modified":"2024-02-21T13:41:02","modified_gmt":"2024-02-21T13:41:02","slug":"pielaster","status":"publish","type":"product","link":"https:\/\/byomedicsystem.com\/en\/tienda\/fitness\/pielaster\/","title":{"rendered":"PIELASTER"},"content":{"rendered":"","protected":false},"excerpt":{"rendered":"<p class=\"p1\" style=\"text-align: justify;\"><span class=\"s1\">The\u00a0<em><strong>Pielaster<\/strong><\/em>\u00a0 es una pieza muy sencilla, para facilitar el entrenamiento propioceptivo de forma personalizada; al suministrar el Pielaster, a pesar de que hablamos de 1 unidad, realmente se compone de 2 piezas exactamente iguales.\u00a0<\/span><\/p>\n<p class=\"p1\" style=\"text-align: justify;\"><span class=\"s1\">Es utilizable por cualquier persona que pretenda mejorar sus cualidades de propiocepci\u00f3n en extremidades inferiores, aunque es especialmente recomendable para los ni\u00f1os con deformidades del apoyo plantar, desviaciones axiales o dificultad de coordinaci\u00f3n de sus movimientos y tambi\u00e9n para cualquier persona, sobre todo deportista, que pretenda compensar el d\u00e9ficit de estabilidad de los tobillos por esguinces de repetici\u00f3n, y prevenir de esta forma nuevos esguinces. Cumple por tanto una doble funci\u00f3n, rehabilitadora y preventiva.<\/span><\/p>\n<ul>\n<li><strong>PRECIO A CONSULTAR<\/strong><\/li>\n<\/ul>\n<p class=\"p1\">","protected":false},"featured_media":430,"template":"","meta":{"_et_pb_use_builder":"","_et_pb_old_content":"","_et_gb_content_width":""},"product_cat":[141,16],"product_tag":[],"_links":{"self":[{"href":"https:\/\/byomedicsystem.com\/en\/wp-json\/wp\/v2\/product\/434"}],"collection":[{"href":"https:\/\/byomedicsystem.com\/en\/wp-json\/wp\/v2\/product"}],"about":[{"href":"https:\/\/byomedicsystem.com\/en\/wp-json\/wp\/v2\/types\/product"}],"wp:featuredmedia":[{"embeddable":true,"href":"https:\/\/byomedicsystem.com\/en\/wp-json\/wp\/v2\/media\/430"}],"wp:attachment":[{"href":"https:\/\/byomedicsystem.com\/en\/wp-json\/wp\/v2\/media?parent=434"}],"wp:term":[{"taxonomy":"product_cat","embeddable":true,"href":"https:\/\/byomedicsystem.com\/en\/wp-json\/wp\/v2\/product_cat?post=434"},{"taxonomy":"product_tag","embeddable":true,"href":"https:\/\/byomedicsystem.com\/en\/wp-json\/wp\/v2\/product_tag?post=434"}],"curies":[{"name":"wp","href":"https:\/\/api.w.org\/{rel}","templated":true}]}}