{"id":236971,"date":"2022-07-26T11:55:19","date_gmt":"2022-07-26T11:55:19","guid":{"rendered":"https:\/\/byomedicsystem.com\/?post_type=product&#038;p=236971"},"modified":"2024-02-21T10:57:00","modified_gmt":"2024-02-21T10:57:00","slug":"stic-funcional","status":"publish","type":"product","link":"https:\/\/byomedicsystem.com\/en\/tienda\/fitness\/stic-funcional\/","title":{"rendered":"Stic Funcional"},"content":{"rendered":"<p>Caracter\u00edsticas:<\/p>\n<p>Dos piezas met\u00e1licas de 50cm con un punto de fijaci\u00f3n s\u00f3lido<\/p>\n<p>enganche en cada extremo para multiplicar las posibilidades<\/p>\n<p>recubrimiento protector para un agarre c\u00f3modo y antideslizante<\/p>\n<p>Incluye 1 goma de resistencia alta<\/p>\n<p>Incluye 1 anclaje de puerta<\/p>\n<p>Aplicaciones:<\/p>\n<p>-Tonificaci\u00f3n<\/p>\n<p>\u2013 Fuerza brazos y tronco<\/p>\n<p>-Ejercicio bloque abdominal<\/p>\n<p>-Entrenamiento funcional<\/p>\n<p>\u2013 Potencia y resistencia<\/p>\n<p>\u2013 Entrenamiento por parejas<\/p>","protected":false},"excerpt":{"rendered":"<p>Elemento espec\u00edficamente dise\u00f1ado para la realizaci\u00f3n de ejercicios con resistencias el\u00e1sticas que permiten multitud de ejercicios tanto de brazos, tronco y musculatura abdominal. Espec\u00edficamente dise\u00f1ado para la realizaci\u00f3n de ejercicios con resistencias el\u00e1sticas que permiten multitud de ejercicios tanto de brazos, tronco y musculatura abdominal.<\/p>\n<ul>\n<li><strong>PRECIO A CONSULTAR<\/strong><\/li>\n<\/ul>","protected":false},"featured_media":236972,"template":"","meta":{"_et_pb_use_builder":"","_et_pb_old_content":"","_et_gb_content_width":""},"product_cat":[141,16],"product_tag":[],"_links":{"self":[{"href":"https:\/\/byomedicsystem.com\/en\/wp-json\/wp\/v2\/product\/236971"}],"collection":[{"href":"https:\/\/byomedicsystem.com\/en\/wp-json\/wp\/v2\/product"}],"about":[{"href":"https:\/\/byomedicsystem.com\/en\/wp-json\/wp\/v2\/types\/product"}],"wp:featuredmedia":[{"embeddable":true,"href":"https:\/\/byomedicsystem.com\/en\/wp-json\/wp\/v2\/media\/236972"}],"wp:attachment":[{"href":"https:\/\/byomedicsystem.com\/en\/wp-json\/wp\/v2\/media?parent=236971"}],"wp:term":[{"taxonomy":"product_cat","embeddable":true,"href":"https:\/\/byomedicsystem.com\/en\/wp-json\/wp\/v2\/product_cat?post=236971"},{"taxonomy":"product_tag","embeddable":true,"href":"https:\/\/byomedicsystem.com\/en\/wp-json\/wp\/v2\/product_tag?post=236971"}],"curies":[{"name":"wp","href":"https:\/\/api.w.org\/{rel}","templated":true}]}}