{"id":236962,"date":"2022-07-26T11:34:25","date_gmt":"2022-07-26T11:34:25","guid":{"rendered":"https:\/\/byomedicsystem.com\/?post_type=product&#038;p=236962"},"modified":"2024-02-21T11:01:56","modified_gmt":"2024-02-21T11:01:56","slug":"slider","status":"publish","type":"product","link":"https:\/\/byomedicsystem.com\/en\/tienda\/fitness\/slider\/","title":{"rendered":"Slider"},"content":{"rendered":"<p style=\"text-align: left;\">Color: Negro y Naranja<\/p>\n<p>Se vende el PAR completo<\/p>\n<p>Marca BFL<\/p>","protected":false},"excerpt":{"rendered":"<p>Con superficie en foam antdeslizante para apoyos, por un lado y por el otro, en tejido deslizante. Especialmente indicados para suelos de madera o superficies espec\u00edficas para sliders, sliders mats. Los sliders son b\u00e1sicamente un par de apoyos con una superficie no deslizante sobre la que asentaremos nuestras manos o pies, y otra deslizante con la que realizar ejercicios de\u00a0 deslizamiento. El uso de sliders nos permiten trabajar pr\u00e1cticamente todo el cuerpo. Pensados para un entrenamiento intenso de Core, nos permiten una tonificaci\u00f3n general y mejorar la coordinaci\u00f3n y el equilibrio. Nos permiten realizar variantes en ejercicios cl\u00e1sicos de flexiones de brazos, piernas etc.<\/p>\n<ul>\n<li><strong>PRECIO A CONSULTAR<\/strong><\/li>\n<\/ul>","protected":false},"featured_media":236963,"template":"","meta":{"_et_pb_use_builder":"","_et_pb_old_content":"","_et_gb_content_width":""},"product_cat":[141,16],"product_tag":[],"_links":{"self":[{"href":"https:\/\/byomedicsystem.com\/en\/wp-json\/wp\/v2\/product\/236962"}],"collection":[{"href":"https:\/\/byomedicsystem.com\/en\/wp-json\/wp\/v2\/product"}],"about":[{"href":"https:\/\/byomedicsystem.com\/en\/wp-json\/wp\/v2\/types\/product"}],"wp:featuredmedia":[{"embeddable":true,"href":"https:\/\/byomedicsystem.com\/en\/wp-json\/wp\/v2\/media\/236963"}],"wp:attachment":[{"href":"https:\/\/byomedicsystem.com\/en\/wp-json\/wp\/v2\/media?parent=236962"}],"wp:term":[{"taxonomy":"product_cat","embeddable":true,"href":"https:\/\/byomedicsystem.com\/en\/wp-json\/wp\/v2\/product_cat?post=236962"},{"taxonomy":"product_tag","embeddable":true,"href":"https:\/\/byomedicsystem.com\/en\/wp-json\/wp\/v2\/product_tag?post=236962"}],"curies":[{"name":"wp","href":"https:\/\/api.w.org\/{rel}","templated":true}]}}