{"id":236956,"date":"2022-07-26T11:24:29","date_gmt":"2022-07-26T11:24:29","guid":{"rendered":"https:\/\/byomedicsystem.com\/?post_type=product&#038;p=236956"},"modified":"2024-02-21T11:03:08","modified_gmt":"2024-02-21T11:03:08","slug":"236956","status":"publish","type":"product","link":"https:\/\/byomedicsystem.com\/en\/tienda\/fitness\/236956\/","title":{"rendered":""},"content":{"rendered":"<p>Color: Negro<\/p>\n<p>Marca: BFL<\/p>","protected":false},"excerpt":{"rendered":"<ul>\n<li>El Roller PU Miofascial BFL mejora la circulaci\u00f3n sangu\u00ednea en las zonas trabajadas y sobre todo ayuda a corregir problemas de movilidad provocados por acortamientos de m\u00fasculos, ligamentos y tendones.<\/li>\n<\/ul>\n<ul>\n<li><strong>PRECIO A CONSULTAR<\/strong><\/li>\n<\/ul>","protected":false},"featured_media":236958,"template":"","meta":{"_et_pb_use_builder":"","_et_pb_old_content":"","_et_gb_content_width":""},"product_cat":[141,16],"product_tag":[],"_links":{"self":[{"href":"https:\/\/byomedicsystem.com\/en\/wp-json\/wp\/v2\/product\/236956"}],"collection":[{"href":"https:\/\/byomedicsystem.com\/en\/wp-json\/wp\/v2\/product"}],"about":[{"href":"https:\/\/byomedicsystem.com\/en\/wp-json\/wp\/v2\/types\/product"}],"wp:featuredmedia":[{"embeddable":true,"href":"https:\/\/byomedicsystem.com\/en\/wp-json\/wp\/v2\/media\/236958"}],"wp:attachment":[{"href":"https:\/\/byomedicsystem.com\/en\/wp-json\/wp\/v2\/media?parent=236956"}],"wp:term":[{"taxonomy":"product_cat","embeddable":true,"href":"https:\/\/byomedicsystem.com\/en\/wp-json\/wp\/v2\/product_cat?post=236956"},{"taxonomy":"product_tag","embeddable":true,"href":"https:\/\/byomedicsystem.com\/en\/wp-json\/wp\/v2\/product_tag?post=236956"}],"curies":[{"name":"wp","href":"https:\/\/api.w.org\/{rel}","templated":true}]}}