{"id":236953,"date":"2022-07-26T11:18:13","date_gmt":"2022-07-26T11:18:13","guid":{"rendered":"https:\/\/byomedicsystem.com\/?post_type=product&#038;p=236953"},"modified":"2024-02-21T11:03:38","modified_gmt":"2024-02-21T11:03:38","slug":"foam-roller-90-cm-bfl","status":"publish","type":"product","link":"https:\/\/byomedicsystem.com\/en\/tienda\/fitness\/foam-roller-90-cm-bfl\/","title":{"rendered":"FOAM ROLLER 90 CM BFL"},"content":{"rendered":"<p>Con este rodillo de ejercicios, puede hacer estiramientos, masajes, apoyo corporal y ejercicios de estabilidad. Puede ayudar a mejorar la estabilidad y la flexibilidad y es ideal para promover la capacitaci\u00f3n de equilibrio y fuerza central. Se puede utilizar en el cuello, caderas, brazos, muslos, piernas y tobillos. Gracias a su peso ligero, el rodillo de entrenamiento es f\u00e1cil de llevar.<\/p>\n<p>Los productos BFL ayudan a deportistas de todos los niveles a mejorar su rendimiento. Tanto si le gusta el f\u00fatbol, el patinaje sobre hielo, el hockey o la nataci\u00f3n, una forma f\u00edsica \u00f3ptima le permitir\u00e1 mejorar su rendimiento y le proteger\u00e1 de las lesiones. Cada deporte tiene sus propias exigencias f\u00edsicas. Dependiendo de su actividad, puede necesitar una mejora en su equilibrio, su flexibilidad o su agilidad para destacar en su disciplina deportiva.<\/p>\n<ul>\n<li>color: Gris Oscuro<\/li>\n<li>dimensiones: 90 x 15 cm (di\u00e1metro x largo)<\/li>\n<li>mejora la estabilidad y la flexibilidad<\/li>\n<li>reduce el dolor de columna<\/li>\n<li>ideal para usar en casa o el gimnasio<\/li>\n<\/ul>","protected":false},"excerpt":{"rendered":"<p>El rodillo de entrenamiento BFL le ayudar\u00e1 a mejorar su estabilidad y flexibilidad y es ideal para entrenar en casa o en el gimnasio.<\/p>\n<ul>\n<li><strong>PRECIO A CONSULTAR<\/strong><\/li>\n<\/ul>","protected":false},"featured_media":236954,"template":"","meta":{"_et_pb_use_builder":"","_et_pb_old_content":"","_et_gb_content_width":""},"product_cat":[141,16],"product_tag":[],"_links":{"self":[{"href":"https:\/\/byomedicsystem.com\/en\/wp-json\/wp\/v2\/product\/236953"}],"collection":[{"href":"https:\/\/byomedicsystem.com\/en\/wp-json\/wp\/v2\/product"}],"about":[{"href":"https:\/\/byomedicsystem.com\/en\/wp-json\/wp\/v2\/types\/product"}],"wp:featuredmedia":[{"embeddable":true,"href":"https:\/\/byomedicsystem.com\/en\/wp-json\/wp\/v2\/media\/236954"}],"wp:attachment":[{"href":"https:\/\/byomedicsystem.com\/en\/wp-json\/wp\/v2\/media?parent=236953"}],"wp:term":[{"taxonomy":"product_cat","embeddable":true,"href":"https:\/\/byomedicsystem.com\/en\/wp-json\/wp\/v2\/product_cat?post=236953"},{"taxonomy":"product_tag","embeddable":true,"href":"https:\/\/byomedicsystem.com\/en\/wp-json\/wp\/v2\/product_tag?post=236953"}],"curies":[{"name":"wp","href":"https:\/\/api.w.org\/{rel}","templated":true}]}}