{"id":236922,"date":"2022-06-01T15:52:31","date_gmt":"2022-06-01T15:52:31","guid":{"rendered":"https:\/\/byomedicsystem.com\/?post_type=product&#038;p=236922"},"modified":"2024-02-21T11:53:51","modified_gmt":"2024-02-21T11:53:51","slug":"elastico","status":"publish","type":"product","link":"https:\/\/byomedicsystem.com\/en\/tienda\/fitness\/material-funcional\/elastico\/","title":{"rendered":"Superbands Individual BFL"},"content":{"rendered":"<ul>\n<li><strong>EL PRODUCTO FITNESS M\u00c1S PR\u00c1CTICO Y VERSATIL<\/strong>: Bandas de resistencia adaptadas a todo tipo de disciplinas deportivas y fitness. Gana velocidad, resistencia, fuerza, agilidad, potencia f\u00edsica en entrenamientos de gimnasio o en casa.<\/li>\n<li><strong>ENTRENA EN CASA<\/strong>: Las bandas el\u00e1sticas pueden ser utilizadas en\u00a0entrenamiento fitness para entrenar en casa, ya que se adaptan a m\u00faltiples ejercicios y a todo tipo de necesidades de mejora f\u00edsica.<\/li>\n<li><strong>DISPONIBLES VARIOS TAMA\u00d1OS Y COLORES<\/strong>:<\/li>\n<li><strong>EL MEJOR MATERIAL<\/strong>: Bandas de el\u00e1sticas fabricadas en\u00a0caucho de alta resistencia y durabilidad. Adaptadas a las necesidades de cualquier entrenamiento fitness y soportar presi\u00f3n durante a\u00f1os y no perder elasticidad.<\/li>\n<li><strong>F\u00c1CIL DE GUARDAR Y TRANSPORTAR<\/strong>: Las super bands de resistencia pueden ser dobladas todas las veces que necesites para ser guardadas en el lugar de tu casa, gimnasio o centro deportivo que necesites. Adem\u00e1s, son extremadamente ligeras, por lo que, una vez dobladas, podr\u00e1s transportarlas sin problema.<\/li>\n<\/ul>","protected":false},"excerpt":{"rendered":"<p>Las bandas el\u00e1sticas o tambi\u00e9n conocidas como superbands son bandas de caucho de diferente resistencia dise\u00f1adas para ejercitar todo el cuerpo. Las puedes utilizar de distintas maneras. Por ejemplo, para ayudarte en las dominadas o para ganar m\u00e1s fuerza en los brazos.<\/p>\n<ul>\n<li><strong>PRECIO A CONSULTAR<\/strong><\/li>\n<\/ul>","protected":false},"featured_media":236928,"template":"","meta":{"_et_pb_use_builder":"","_et_pb_old_content":"","_et_gb_content_width":""},"product_cat":[141],"product_tag":[],"_links":{"self":[{"href":"https:\/\/byomedicsystem.com\/en\/wp-json\/wp\/v2\/product\/236922"}],"collection":[{"href":"https:\/\/byomedicsystem.com\/en\/wp-json\/wp\/v2\/product"}],"about":[{"href":"https:\/\/byomedicsystem.com\/en\/wp-json\/wp\/v2\/types\/product"}],"wp:featuredmedia":[{"embeddable":true,"href":"https:\/\/byomedicsystem.com\/en\/wp-json\/wp\/v2\/media\/236928"}],"wp:attachment":[{"href":"https:\/\/byomedicsystem.com\/en\/wp-json\/wp\/v2\/media?parent=236922"}],"wp:term":[{"taxonomy":"product_cat","embeddable":true,"href":"https:\/\/byomedicsystem.com\/en\/wp-json\/wp\/v2\/product_cat?post=236922"},{"taxonomy":"product_tag","embeddable":true,"href":"https:\/\/byomedicsystem.com\/en\/wp-json\/wp\/v2\/product_tag?post=236922"}],"curies":[{"name":"wp","href":"https:\/\/api.w.org\/{rel}","templated":true}]}}