{"id":236910,"date":"2022-06-01T15:24:07","date_gmt":"2022-06-01T15:24:07","guid":{"rendered":"https:\/\/byomedicsystem.com\/?post_type=product&#038;p=236910"},"modified":"2024-02-21T11:56:18","modified_gmt":"2024-02-21T11:56:18","slug":"fitball-55-65-75-cm-bfl","status":"publish","type":"product","link":"https:\/\/byomedicsystem.com\/en\/tienda\/fitness\/material-funcional\/fitball-55-65-75-cm-bfl\/","title":{"rendered":"FITBALL 55-65-75 CM BFL"},"content":{"rendered":"","protected":false},"excerpt":{"rendered":"<p><strong>Fitball<\/strong> es una pelota especialmente dise\u00f1ada para el entrenamiento f\u00edsico, pero tambi\u00e9n para fisoterapia, gimnasia, pilates, rehabilitaci\u00f3n e incluso como silla de escritorio en nuestras oficinas. Permite fortalecer la musculatura de todo el cuerpo sin impacto ni cargas y desarrolla el equilibrio. Las\u00a0<strong>Fitball BFL<\/strong> se han convertido en uno de los artilugios m\u00e1s demandados en los \u00faltimos a\u00f1is, es una herramienta imprescindible para nuestros gimnasios, centros de fisioterapia, Box Crossfit, etc, etc&#8230;.<\/p>\n<ul>\n<li><strong>PRECIO A CONSULTAR<\/strong><\/li>\n<\/ul>","protected":false},"featured_media":236914,"template":"","meta":{"_et_pb_use_builder":"","_et_pb_old_content":"","_et_gb_content_width":""},"product_cat":[141],"product_tag":[],"_links":{"self":[{"href":"https:\/\/byomedicsystem.com\/en\/wp-json\/wp\/v2\/product\/236910"}],"collection":[{"href":"https:\/\/byomedicsystem.com\/en\/wp-json\/wp\/v2\/product"}],"about":[{"href":"https:\/\/byomedicsystem.com\/en\/wp-json\/wp\/v2\/types\/product"}],"wp:featuredmedia":[{"embeddable":true,"href":"https:\/\/byomedicsystem.com\/en\/wp-json\/wp\/v2\/media\/236914"}],"wp:attachment":[{"href":"https:\/\/byomedicsystem.com\/en\/wp-json\/wp\/v2\/media?parent=236910"}],"wp:term":[{"taxonomy":"product_cat","embeddable":true,"href":"https:\/\/byomedicsystem.com\/en\/wp-json\/wp\/v2\/product_cat?post=236910"},{"taxonomy":"product_tag","embeddable":true,"href":"https:\/\/byomedicsystem.com\/en\/wp-json\/wp\/v2\/product_tag?post=236910"}],"curies":[{"name":"wp","href":"https:\/\/api.w.org\/{rel}","templated":true}]}}