{"id":236829,"date":"2022-05-27T08:57:01","date_gmt":"2022-05-27T08:57:01","guid":{"rendered":"https:\/\/byomedicsystem.com\/?post_type=product&#038;p=236829"},"modified":"2024-02-21T11:58:46","modified_gmt":"2024-02-21T11:58:46","slug":"disco-trigrip","status":"publish","type":"product","link":"https:\/\/byomedicsystem.com\/en\/tienda\/fitness\/disco-trigrip\/","title":{"rendered":"Disco Trigrip"},"content":{"rendered":"","protected":false},"excerpt":{"rendered":"<p>Los discos con agarres <strong>TRIGRIP BFL<\/strong> que permiten trabajar con barra o utilizar directamente el peso para tonificar diversos m\u00fasculos del cuerpo, principalmente el tren superior. Fabricados en hierro con revestimiento de goma, lo que los hace muy resistentes a los impactos, c\u00f3modos y precisos. Aro interior met\u00e1lico de di\u00e1metro 50.<\/p>\n<ul>\n<li><strong>PRECIO A CONSULTAR<\/strong><\/li>\n<\/ul>","protected":false},"featured_media":236837,"template":"","meta":{"_et_pb_use_builder":"","_et_pb_old_content":"","_et_gb_content_width":""},"product_cat":[16,35],"product_tag":[],"_links":{"self":[{"href":"https:\/\/byomedicsystem.com\/en\/wp-json\/wp\/v2\/product\/236829"}],"collection":[{"href":"https:\/\/byomedicsystem.com\/en\/wp-json\/wp\/v2\/product"}],"about":[{"href":"https:\/\/byomedicsystem.com\/en\/wp-json\/wp\/v2\/types\/product"}],"wp:featuredmedia":[{"embeddable":true,"href":"https:\/\/byomedicsystem.com\/en\/wp-json\/wp\/v2\/media\/236837"}],"wp:attachment":[{"href":"https:\/\/byomedicsystem.com\/en\/wp-json\/wp\/v2\/media?parent=236829"}],"wp:term":[{"taxonomy":"product_cat","embeddable":true,"href":"https:\/\/byomedicsystem.com\/en\/wp-json\/wp\/v2\/product_cat?post=236829"},{"taxonomy":"product_tag","embeddable":true,"href":"https:\/\/byomedicsystem.com\/en\/wp-json\/wp\/v2\/product_tag?post=236829"}],"curies":[{"name":"wp","href":"https:\/\/api.w.org\/{rel}","templated":true}]}}