{"id":236815,"date":"2022-05-27T08:43:13","date_gmt":"2022-05-27T08:43:13","guid":{"rendered":"https:\/\/byomedicsystem.com\/?post_type=product&#038;p=236815"},"modified":"2024-02-21T12:15:55","modified_gmt":"2024-02-21T12:15:55","slug":"kettlebell-competicion-bfl","status":"publish","type":"product","link":"https:\/\/byomedicsystem.com\/en\/tienda\/fitness\/kettlebell-competicion-bfl\/","title":{"rendered":"Kettlebell Competici\u00f3n BFL"},"content":{"rendered":"<p><strong>Caracter\u00edsticas T\u00e9cnicas:<\/strong><\/p>\n<p><strong>ALTO:<\/strong> 29 cm<\/p>\n<p><strong>DIAMETRO:<\/strong> 18 cm<\/p>\n<p><strong>GORSOR:<\/strong> 32 mm<\/p>","protected":false},"excerpt":{"rendered":"<p>El entrenamiento con las Kettlebell de Competici\u00f3n BFL tiene efectos beneficiosos en la fuerza y la flexibilidad. Los entrenamientos con pesas rusas aumentan la fuerza, resistencia, agilidad y equilibrio, desafiando tanto la fuerza muscular como el sistema cardiovascular. En los \u00faltimos a\u00f1os, las pesas rusas se han hecho populares entre los atletas.<\/p>\n<ul>\n<li><strong>PRECIO A CONSULTAR<\/strong><\/li>\n<\/ul>","protected":false},"featured_media":236827,"template":"","meta":{"_et_pb_use_builder":"","_et_pb_old_content":"","_et_gb_content_width":""},"product_cat":[16,35],"product_tag":[],"_links":{"self":[{"href":"https:\/\/byomedicsystem.com\/en\/wp-json\/wp\/v2\/product\/236815"}],"collection":[{"href":"https:\/\/byomedicsystem.com\/en\/wp-json\/wp\/v2\/product"}],"about":[{"href":"https:\/\/byomedicsystem.com\/en\/wp-json\/wp\/v2\/types\/product"}],"wp:featuredmedia":[{"embeddable":true,"href":"https:\/\/byomedicsystem.com\/en\/wp-json\/wp\/v2\/media\/236827"}],"wp:attachment":[{"href":"https:\/\/byomedicsystem.com\/en\/wp-json\/wp\/v2\/media?parent=236815"}],"wp:term":[{"taxonomy":"product_cat","embeddable":true,"href":"https:\/\/byomedicsystem.com\/en\/wp-json\/wp\/v2\/product_cat?post=236815"},{"taxonomy":"product_tag","embeddable":true,"href":"https:\/\/byomedicsystem.com\/en\/wp-json\/wp\/v2\/product_tag?post=236815"}],"curies":[{"name":"wp","href":"https:\/\/api.w.org\/{rel}","templated":true}]}}