{"id":236807,"date":"2022-05-27T08:18:33","date_gmt":"2022-05-27T08:18:33","guid":{"rendered":"https:\/\/byomedicsystem.com\/?post_type=product&#038;p=236807"},"modified":"2024-02-21T12:16:58","modified_gmt":"2024-02-21T12:16:58","slug":"kettlebell-vinilo-bfl","status":"publish","type":"product","link":"https:\/\/byomedicsystem.com\/en\/tienda\/fitness\/kettlebell-vinilo-bfl\/","title":{"rendered":"Kettlebell Vinilo BFL"},"content":{"rendered":"","protected":false},"excerpt":{"rendered":"<p>Las <strong>Kettlebell de Vinilo BFL<\/strong> est\u00e1n recubiertas de vinilo, que protege el suelo y la propia Kettlebell o pesa rusa. Su \u00f3ptimo dise\u00f1o de agarre proporciona confort y seguridad al usuario.<\/p>\n<ul>\n<li><strong>PRECIO A CONSULTAR<\/strong><\/li>\n<\/ul>","protected":false},"featured_media":236805,"template":"","meta":{"_et_pb_use_builder":"","_et_pb_old_content":"","_et_gb_content_width":""},"product_cat":[16,35],"product_tag":[],"_links":{"self":[{"href":"https:\/\/byomedicsystem.com\/en\/wp-json\/wp\/v2\/product\/236807"}],"collection":[{"href":"https:\/\/byomedicsystem.com\/en\/wp-json\/wp\/v2\/product"}],"about":[{"href":"https:\/\/byomedicsystem.com\/en\/wp-json\/wp\/v2\/types\/product"}],"wp:featuredmedia":[{"embeddable":true,"href":"https:\/\/byomedicsystem.com\/en\/wp-json\/wp\/v2\/media\/236805"}],"wp:attachment":[{"href":"https:\/\/byomedicsystem.com\/en\/wp-json\/wp\/v2\/media?parent=236807"}],"wp:term":[{"taxonomy":"product_cat","embeddable":true,"href":"https:\/\/byomedicsystem.com\/en\/wp-json\/wp\/v2\/product_cat?post=236807"},{"taxonomy":"product_tag","embeddable":true,"href":"https:\/\/byomedicsystem.com\/en\/wp-json\/wp\/v2\/product_tag?post=236807"}],"curies":[{"name":"wp","href":"https:\/\/api.w.org\/{rel}","templated":true}]}}