{"id":236515,"date":"2022-03-23T12:45:08","date_gmt":"2022-03-23T12:45:08","guid":{"rendered":"https:\/\/byomedicsystem.com\/?post_type=product&#038;p=236515"},"modified":"2024-02-21T11:10:18","modified_gmt":"2024-02-21T11:10:18","slug":"rack-9-barras-vertical-bfl","status":"publish","type":"product","link":"https:\/\/byomedicsystem.com\/en\/tienda\/fitness\/rack-9-barras-vertical-bfl\/","title":{"rendered":"RACK 9 BARRAS VERTICAL BFL"},"content":{"rendered":"<p><strong>DIMENSIONES:\u00a0<\/strong><\/p>\n<ul>\n<li><strong>Long:<\/strong>\u00a044 cm.<\/li>\n<li><strong>Wide:<\/strong>\u00a044.5 cm.<\/li>\n<li><strong>High:<\/strong>\u00a017 cm.<\/li>\n<\/ul>\n<p>BRAND: BFL FITNESS<\/p>","protected":false},"excerpt":{"rendered":"<ul>\n<li>Soporte fabricado en hierro con terminaci\u00f3n epoxi negro, para 9 barras de di\u00e1metro 50 mm y de colocaci\u00f3n vertical.<\/li>\n<\/ul>\n<ul>\n<li><strong>PRECIO A CONSULTAR<\/strong><\/li>\n<\/ul>","protected":false},"featured_media":236517,"template":"","meta":{"_et_pb_use_builder":"","_et_pb_old_content":"","_et_gb_content_width":""},"product_cat":[16,35],"product_tag":[],"_links":{"self":[{"href":"https:\/\/byomedicsystem.com\/en\/wp-json\/wp\/v2\/product\/236515"}],"collection":[{"href":"https:\/\/byomedicsystem.com\/en\/wp-json\/wp\/v2\/product"}],"about":[{"href":"https:\/\/byomedicsystem.com\/en\/wp-json\/wp\/v2\/types\/product"}],"wp:featuredmedia":[{"embeddable":true,"href":"https:\/\/byomedicsystem.com\/en\/wp-json\/wp\/v2\/media\/236517"}],"wp:attachment":[{"href":"https:\/\/byomedicsystem.com\/en\/wp-json\/wp\/v2\/media?parent=236515"}],"wp:term":[{"taxonomy":"product_cat","embeddable":true,"href":"https:\/\/byomedicsystem.com\/en\/wp-json\/wp\/v2\/product_cat?post=236515"},{"taxonomy":"product_tag","embeddable":true,"href":"https:\/\/byomedicsystem.com\/en\/wp-json\/wp\/v2\/product_tag?post=236515"}],"curies":[{"name":"wp","href":"https:\/\/api.w.org\/{rel}","templated":true}]}}