{"id":236496,"date":"2022-03-23T11:45:44","date_gmt":"2022-03-23T11:45:44","guid":{"rendered":"https:\/\/byomedicsystem.com\/?post_type=product&#038;p=236496"},"modified":"2024-02-21T11:12:42","modified_gmt":"2024-02-21T11:12:42","slug":"ab-wheel-bfl","status":"publish","type":"product","link":"https:\/\/byomedicsystem.com\/en\/tienda\/fitness\/ab-wheel-bfl\/","title":{"rendered":"AB WHEEL BFL"},"content":{"rendered":"<p>DIMENSIONES:<\/p>\n<ul>\n<li><strong>Long:<\/strong>\u00a025 cm.<\/li>\n<li><strong>Wide:<\/strong>\u00a018.5 cm.<\/li>\n<li><strong>High:<\/strong>\u00a018.5 cm.<\/li>\n<li><strong>Weight:<\/strong>\u00a0400 gr.<\/li>\n<\/ul>\n<p>BRAND: BFL FITNESS<\/p>","protected":false},"excerpt":{"rendered":"<ul>\n<li>Doble rueda pl\u00e1stica con barra de aluminio y agarres de goma, para trabajo de la zona media.<\/li>\n<li>Es un complemento dise\u00f1ado espec\u00edficamente para la pr\u00e1ctica de CrossTraining, musculaci\u00f3n y fitness. Podr\u00e1s trabajar en profundidad los m\u00fasculos abdominales, brazos, hombros y piernas.<\/li>\n<\/ul>\n<ul>\n<li><strong>PRECIO A CONSULTAR<\/strong><\/li>\n<\/ul>","protected":false},"featured_media":236497,"template":"","meta":{"_et_pb_use_builder":"","_et_pb_old_content":"","_et_gb_content_width":""},"product_cat":[141,16],"product_tag":[],"_links":{"self":[{"href":"https:\/\/byomedicsystem.com\/en\/wp-json\/wp\/v2\/product\/236496"}],"collection":[{"href":"https:\/\/byomedicsystem.com\/en\/wp-json\/wp\/v2\/product"}],"about":[{"href":"https:\/\/byomedicsystem.com\/en\/wp-json\/wp\/v2\/types\/product"}],"wp:featuredmedia":[{"embeddable":true,"href":"https:\/\/byomedicsystem.com\/en\/wp-json\/wp\/v2\/media\/236497"}],"wp:attachment":[{"href":"https:\/\/byomedicsystem.com\/en\/wp-json\/wp\/v2\/media?parent=236496"}],"wp:term":[{"taxonomy":"product_cat","embeddable":true,"href":"https:\/\/byomedicsystem.com\/en\/wp-json\/wp\/v2\/product_cat?post=236496"},{"taxonomy":"product_tag","embeddable":true,"href":"https:\/\/byomedicsystem.com\/en\/wp-json\/wp\/v2\/product_tag?post=236496"}],"curies":[{"name":"wp","href":"https:\/\/api.w.org\/{rel}","templated":true}]}}