{"id":236480,"date":"2022-03-23T09:05:39","date_gmt":"2022-03-23T09:05:39","guid":{"rendered":"https:\/\/byomedicsystem.com\/?post_type=product&#038;p=236480"},"modified":"2024-02-21T11:17:37","modified_gmt":"2024-02-21T11:17:37","slug":"barra-hexagonal-bfl","status":"publish","type":"product","link":"https:\/\/byomedicsystem.com\/en\/tienda\/fitness\/barra-hexagonal-bfl\/","title":{"rendered":"BARRA HEXAGONAL BFL"},"content":{"rendered":"<p>TECHNICAL CHARACTERISTICS:<\/p>\n<ul>\n<li><strong>Long:<\/strong> 150 cm.<\/li>\n<li><strong>Wide:<\/strong>\u00a069 cm.<\/li>\n<li><strong>High:<\/strong>\u00a016 cm.<\/li>\n<li><strong>Weight:<\/strong>\u00a032 kg.<\/li>\n<li><strong>\u00c1rea de carga:<\/strong>\u00a033 cm.<\/li>\n<li><strong>Peso m\u00e1ximo:<\/strong>\u00a0227 kg. (500 lb).<\/li>\n<li>Incluye cierres de seguridad<\/li>\n<\/ul>\n<p>BRAND: BFL FITNESS<\/p>","protected":false},"excerpt":{"rendered":"<ul>\n<li>Una barra de elevaci\u00f3n, muy s\u00f3lida y vers\u00e1til.<\/li>\n<li>Perfecta para trabajar c\u00f3modamente dejando las piernas con libertad de movimiento.<\/li>\n<li>Dise\u00f1ada para ejercicios de\u00a0trapecios\u00a0con carga pesada, peso muerto, sentadillas\u2026<\/li>\n<li>La barra hexagonal distribuye el peso en l\u00ednea, evitando sobrecargar la espalda.<\/li>\n<li>Fabricada en acero con acabado cromado.<\/li>\n<li><strong>PRECIO A CONSULTAR<\/strong><\/li>\n<\/ul>","protected":false},"featured_media":236481,"template":"","meta":{"_et_pb_use_builder":"","_et_pb_old_content":"","_et_gb_content_width":""},"product_cat":[16,35],"product_tag":[],"_links":{"self":[{"href":"https:\/\/byomedicsystem.com\/en\/wp-json\/wp\/v2\/product\/236480"}],"collection":[{"href":"https:\/\/byomedicsystem.com\/en\/wp-json\/wp\/v2\/product"}],"about":[{"href":"https:\/\/byomedicsystem.com\/en\/wp-json\/wp\/v2\/types\/product"}],"wp:featuredmedia":[{"embeddable":true,"href":"https:\/\/byomedicsystem.com\/en\/wp-json\/wp\/v2\/media\/236481"}],"wp:attachment":[{"href":"https:\/\/byomedicsystem.com\/en\/wp-json\/wp\/v2\/media?parent=236480"}],"wp:term":[{"taxonomy":"product_cat","embeddable":true,"href":"https:\/\/byomedicsystem.com\/en\/wp-json\/wp\/v2\/product_cat?post=236480"},{"taxonomy":"product_tag","embeddable":true,"href":"https:\/\/byomedicsystem.com\/en\/wp-json\/wp\/v2\/product_tag?post=236480"}],"curies":[{"name":"wp","href":"https:\/\/api.w.org\/{rel}","templated":true}]}}