{"id":236465,"date":"2022-03-23T08:10:16","date_gmt":"2022-03-23T08:10:16","guid":{"rendered":"https:\/\/byomedicsystem.com\/?post_type=product&#038;p=236465"},"modified":"2022-03-23T08:10:49","modified_gmt":"2022-03-23T08:10:49","slug":"air-runner-bfl-run","status":"publish","type":"product","link":"https:\/\/byomedicsystem.com\/en\/tienda\/fitness\/air-runner-bfl-run\/","title":{"rendered":"AIR RUNNER BFL RUN"},"content":{"rendered":"<p><strong>TECHNICAL CHARACTERISTICS:\u00a0<\/strong><\/p>\n<ul>\n<li><strong>Autogenerado.<\/strong>\u00a0Sistema de propulsi\u00f3n no motorizado que se mueve en una direcci\u00f3n.<\/li>\n<li><strong>Structure<\/strong>\u00a0met\u00e1lica con terminaci\u00f3n con pintura electroest\u00e1tica.<\/li>\n<li><strong>Sistema individual de listones<\/strong>\u00a0que se mueven a trav\u00e9s de los rodillos.<\/li>\n<li><strong>Rueda de transmisi\u00f3n<\/strong>\u00a0de aluminio.<\/li>\n<li><strong>Superficie de carrera:<\/strong>\u00a0tiene un grosor de 4.5 mm. y est\u00e1 dise\u00f1ada para absorber el impacto.<\/li>\n<li>Pantalla LCD con alto contraste y legibilidad.<\/li>\n<li>Indicador de Tiempo, Velocidad, Distancia, Calor\u00edas, Vatios, Frecuencia card\u00edaca y contador de pasos.<\/li>\n<li>8 programas de entrenamiento.<\/li>\n<\/ul>\n<p><strong>DIMENSIONES:<\/strong><\/p>\n<ul>\n<li><strong>Long:<\/strong>\u00a0172 cm.<\/li>\n<li><strong>Wide:<\/strong>\u00a081 cm.<\/li>\n<li><strong>High:<\/strong>\u00a0157 cm.<\/li>\n<li><strong>Weight:<\/strong>\u00a0130 kg.<\/li>\n<li><strong>Maximum user weight:<\/strong>\u00a0150 kg.<\/li>\n<li><strong>Superficie de carrera:<\/strong>\u00a044 x 160 cm.<\/li>\n<\/ul>\n<p>BRAND: BFL FITNESS<\/p>","protected":false},"excerpt":{"rendered":"<p>La Air Runner BFL Run ha sido especialmente dise\u00f1ada para los entrenamientos de alta intensidad. Mejora el rendimiento, aumenta la combusti\u00f3n cal\u00f3rica y, a la vez, ahorra energ\u00eda, ya que funciona sin motor.<\/p>\n<p>El usuario controla la velocidad a trav\u00e9s de la posici\u00f3n del cuerpo encima del tapiz curvado de la cinta. No tiene l\u00edmite de velocidad, cada uno marca su propio desaf\u00edo. El movimiento se inicia dando pasos, y a medida que el usuario incrementa la frecuencia de zancada y avanza la posici\u00f3n encima de la cinta, la velocidad se incrementa. Para frenar tiene que volver hacia la parte trasera de la cinta.<span class=\"Apple-converted-space\">\u00a0<\/span><\/p>\n<p>El tapiz de la cinta permite un bajo impacto en la superficie, absorbiendo el da\u00f1o nocivo sobre las articulaciones y los tejidos conectivos durante el ejercicio y obligando al usuario a correr correctamente eliminando la sobrecarga articular.<\/p>","protected":false},"featured_media":236466,"template":"","meta":{"_et_pb_use_builder":"","_et_pb_old_content":"","_et_gb_content_width":""},"product_cat":[29,16],"product_tag":[],"_links":{"self":[{"href":"https:\/\/byomedicsystem.com\/en\/wp-json\/wp\/v2\/product\/236465"}],"collection":[{"href":"https:\/\/byomedicsystem.com\/en\/wp-json\/wp\/v2\/product"}],"about":[{"href":"https:\/\/byomedicsystem.com\/en\/wp-json\/wp\/v2\/types\/product"}],"wp:featuredmedia":[{"embeddable":true,"href":"https:\/\/byomedicsystem.com\/en\/wp-json\/wp\/v2\/media\/236466"}],"wp:attachment":[{"href":"https:\/\/byomedicsystem.com\/en\/wp-json\/wp\/v2\/media?parent=236465"}],"wp:term":[{"taxonomy":"product_cat","embeddable":true,"href":"https:\/\/byomedicsystem.com\/en\/wp-json\/wp\/v2\/product_cat?post=236465"},{"taxonomy":"product_tag","embeddable":true,"href":"https:\/\/byomedicsystem.com\/en\/wp-json\/wp\/v2\/product_tag?post=236465"}],"curies":[{"name":"wp","href":"https:\/\/api.w.org\/{rel}","templated":true}]}}