{"id":236456,"date":"2022-03-22T12:25:24","date_gmt":"2022-03-22T12:25:24","guid":{"rendered":"https:\/\/byomedicsystem.com\/?post_type=product&#038;p=236456"},"modified":"2024-02-21T11:24:52","modified_gmt":"2024-02-21T11:24:52","slug":"air-rower-ultimate-bfl","status":"publish","type":"product","link":"https:\/\/byomedicsystem.com\/en\/tienda\/fitness\/air-rower-ultimate-bfl\/","title":{"rendered":"AIR ROWER ULTIMATE BFL"},"content":{"rendered":"<ul>\n<li><strong>Long:<\/strong>\u00a0244 cm.<\/li>\n<li><strong>Wide:<\/strong>\u00a068 cm.<\/li>\n<li><strong>High:<\/strong>\u00a0109 cm.<\/li>\n<li><strong>Peso producto:<\/strong>\u00a037 kg.<\/li>\n<\/ul>\n<p>BRAND: BFL FITNESS<\/p>","protected":false},"excerpt":{"rendered":"<p>El remo es un ejercicio muy completo y \u00fatil tanto para mantenerse en forma y adelgazar como para prepararse para una competici\u00f3n en el agua o rehabilitarse de una lesi\u00f3n o cirug\u00eda.<\/p>\n<p>El nuevo AIR ROWER ULTIMATE es el nuevo miembro de la familia BFL HIIT CARDIO,<\/p>\n<p>Marco de acero robusto, construido con acero de gran tama\u00f1o: acero cortado con l\u00e1ser de calibre 11\/3 mm.<\/p>\n<ul>\n<li><strong>PRECIO A CONSULTAR<\/strong><\/li>\n<\/ul>","protected":false},"featured_media":236457,"template":"","meta":{"_et_pb_use_builder":"","_et_pb_old_content":"","_et_gb_content_width":""},"product_cat":[29,16],"product_tag":[],"_links":{"self":[{"href":"https:\/\/byomedicsystem.com\/en\/wp-json\/wp\/v2\/product\/236456"}],"collection":[{"href":"https:\/\/byomedicsystem.com\/en\/wp-json\/wp\/v2\/product"}],"about":[{"href":"https:\/\/byomedicsystem.com\/en\/wp-json\/wp\/v2\/types\/product"}],"wp:featuredmedia":[{"embeddable":true,"href":"https:\/\/byomedicsystem.com\/en\/wp-json\/wp\/v2\/media\/236457"}],"wp:attachment":[{"href":"https:\/\/byomedicsystem.com\/en\/wp-json\/wp\/v2\/media?parent=236456"}],"wp:term":[{"taxonomy":"product_cat","embeddable":true,"href":"https:\/\/byomedicsystem.com\/en\/wp-json\/wp\/v2\/product_cat?post=236456"},{"taxonomy":"product_tag","embeddable":true,"href":"https:\/\/byomedicsystem.com\/en\/wp-json\/wp\/v2\/product_tag?post=236456"}],"curies":[{"name":"wp","href":"https:\/\/api.w.org\/{rel}","templated":true}]}}