{"id":236447,"date":"2022-03-22T11:50:11","date_gmt":"2022-03-22T11:50:11","guid":{"rendered":"https:\/\/byomedicsystem.com\/?post_type=product&#038;p=236447"},"modified":"2024-02-21T11:25:21","modified_gmt":"2024-02-21T11:25:21","slug":"banco-regulable-declinado-pro-bfl","status":"publish","type":"product","link":"https:\/\/byomedicsystem.com\/en\/tienda\/fitness\/banco-regulable-declinado-pro-bfl\/","title":{"rendered":"BANCO REGULABLE\/DECLINADO PRO BFL"},"content":{"rendered":"<ul>\n<li><strong>Long:<\/strong>\u00a0134.5 cm.<\/li>\n<li><strong>Wide:<\/strong>\u00a045 cm.<\/li>\n<li><strong>Altura m\u00e1xima:<\/strong>\u00a0117 cm.<\/li>\n<li><strong>Altura m\u00ednima:<\/strong>\u00a041.5 cm.<\/li>\n<li><strong>Weight:<\/strong>\u00a036 kg.<\/li>\n<li><strong>Color<\/strong>: Negro\/Amarillo<\/li>\n<\/ul>\n<p>BRAND: BFL FITNESS<\/p>","protected":false},"excerpt":{"rendered":"<ul>\n<li><strong>Structure<\/strong>\u00a0construida en tubo oval de acero de 3 mm.<\/li>\n<li>La tecnolog\u00eda de pulverizaci\u00f3n electrost\u00e1tica en polvo termoendurecible hace que la estructura sea brillante y tenga un fuerte impacto visual. Adem\u00e1s, tambi\u00e9n le aporta resistencia a la humedad.<\/li>\n<li>Todos los\u00a0<strong>pernos de uni\u00f3n<\/strong>\u00a0est\u00e1n hechos de acero inoxidable para garantizar la estabilidad y la resistencia de las conexiones de la m\u00e1quina.<\/li>\n<li><strong>Tapizado<\/strong>\u00a0realizado con goma espuma de 3 cm. de espesor con 150 kg. de presi\u00f3n. La polipiel es ign\u00edfuga y porosa. El tapizado de las maquinas es anat\u00f3mico. Con la capa extra de cuero en el acolchado del coj\u00edn, prolonga la vida de su relleno y facilita su reemplazo en superficies desgastadas.<\/li>\n<li><strong>Agarres<\/strong>\u00a0en goma.<\/li>\n<li><strong>Ajustes<\/strong>\u00a0de \u00e1ngulos m\u00faltiples para adaptarse a diferentes alturas y movimientos.<\/li>\n<li><strong>Tacos<\/strong>\u00a0de PVC blando en las patas que garantizan la estabilidad y evitan el desgaste.<\/li>\n<\/ul>\n<ul>\n<li><strong>PRECIO A CONSULTAR<\/strong><\/li>\n<\/ul>","protected":false},"featured_media":236448,"template":"","meta":{"_et_pb_use_builder":"","_et_pb_old_content":"","_et_gb_content_width":""},"product_cat":[16,35],"product_tag":[],"_links":{"self":[{"href":"https:\/\/byomedicsystem.com\/en\/wp-json\/wp\/v2\/product\/236447"}],"collection":[{"href":"https:\/\/byomedicsystem.com\/en\/wp-json\/wp\/v2\/product"}],"about":[{"href":"https:\/\/byomedicsystem.com\/en\/wp-json\/wp\/v2\/types\/product"}],"wp:featuredmedia":[{"embeddable":true,"href":"https:\/\/byomedicsystem.com\/en\/wp-json\/wp\/v2\/media\/236448"}],"wp:attachment":[{"href":"https:\/\/byomedicsystem.com\/en\/wp-json\/wp\/v2\/media?parent=236447"}],"wp:term":[{"taxonomy":"product_cat","embeddable":true,"href":"https:\/\/byomedicsystem.com\/en\/wp-json\/wp\/v2\/product_cat?post=236447"},{"taxonomy":"product_tag","embeddable":true,"href":"https:\/\/byomedicsystem.com\/en\/wp-json\/wp\/v2\/product_tag?post=236447"}],"curies":[{"name":"wp","href":"https:\/\/api.w.org\/{rel}","templated":true}]}}