{"id":236444,"date":"2022-03-22T11:43:53","date_gmt":"2022-03-22T11:43:53","guid":{"rendered":"https:\/\/byomedicsystem.com\/?post_type=product&#038;p=236444"},"modified":"2022-03-23T08:06:15","modified_gmt":"2022-03-23T08:06:15","slug":"functional-trainer-2-cuerpos-bfl","status":"publish","type":"product","link":"https:\/\/byomedicsystem.com\/en\/tienda\/fitness\/functional-trainer-2-cuerpos-bfl\/","title":{"rendered":"FUNCTIONAL TRAINER 2 CUERPOS BFL"},"content":{"rendered":"<div class=\"et_pb_section et_pb_section_3 et_section_regular\">\n<div class=\"et_pb_row et_pb_row_3\">\n<div class=\"et_pb_column et_pb_column_4_4 et_pb_column_4 et_pb_css_mix_blend_mode_passthrough et-last-child\">\n<div class=\"et_pb_module et_pb_woopro_description et_pb_woopro_description_0 wcbd_module\">\n<div class=\"et_pb_module_inner\">\n<p><strong>TECHNICAL CHARACTERISTICS:\u00a0<\/strong><\/p>\n<ul>\n<li>Construcci\u00f3n en tubo de acero.<\/li>\n<li>Estructura recubierta con pintura en polvo de color negro. Los elementos pintados electrost\u00e1ticamente en color rojo est\u00e1n fabricados en aluminio. Especialmente dise\u00f1ado para ser anclado a la pared lo que permite ahorrar espacio. Transmisi\u00f3n por cable ajustable de 1 a 26 grados.<\/li>\n<li>Barra gu\u00eda de acero.<\/li>\n<li>Placas de acero pintadas en negro.<\/li>\n<li><span class=\"JtukPc\">Grosor de los tubos 100 x 50 x 3 mm.<\/span><\/li>\n<li><span class=\"JtukPc\">Barra vertical reguladora de poleas 40 x 40 mm. regulable en 26 posiciones de altura<\/span><\/li>\n<li><span class=\"JtukPc\">Di\u00e1metro de las ruedas de polea 7 cm.<\/span><\/li>\n<li><span class=\"JtukPc\">20 placas de acero de 2.5 kg cada una.<\/span><\/li>\n<li>Cable de 9,5 m.<\/li>\n<\/ul>\n<p><strong>DIMENSIONS AND WEIGHT:\u00a0<\/strong><\/p>\n<ul>\n<li><strong>Long:<\/strong> 120 cm.<\/li>\n<li><strong>Wide:<\/strong>\u00a016.5 cm.<\/li>\n<li><strong>High:<\/strong>\u00a0198 cm.<\/li>\n<li><strong>Carga total: 10<\/strong>\u00a0kg.<\/li>\n<li><strong>Maximum user weight:<\/strong>\u00a0150 kg.<\/li>\n<li><strong>Weight:<\/strong>\u00a0103 kg.<\/li>\n<\/ul>\n<p>BRAND: BFL FITNESS<\/p>\n<\/div>\n<\/div>\n<\/div>\n<\/div>\n<\/div>\n<div class=\"et_pb_section et_pb_section_4 et_pb_with_background et_section_regular et_had_animation\">\n<div class=\"et_pb_row et_pb_row_4\">\n<div class=\"et_pb_column et_pb_column_4_4 et_pb_column_5 et_pb_css_mix_blend_mode_passthrough et-last-child\">\n<div class=\"et_pb_module et_pb_woopro_reviews et_pb_woopro_reviews_0 wcbd_module\">\n<div class=\"et_pb_module_inner\">\n<div id=\"reviews\" class=\"woocommerce-Reviews\">\n<div id=\"comments\">\n<h2 class=\"woocommerce-Reviews-title\"><\/h2>\n<\/div>\n<\/div>\n<\/div>\n<\/div>\n<\/div>\n<\/div>\n<\/div>","protected":false},"excerpt":{"rendered":"<p>Distinguida estaci\u00f3n de poleas de pared con revestimiento de acero que ofrece una amplia variedad de ejercicios. Est\u00e1 m\u00e1quina cuenta con poleas giratorias ajustables en altura para aportar diferentes alternativas a tus entrenamientos incluso en espacios reducidos gracias a sus compactas dimensiones.<br \/>\nSu estabilidad y atractiva est\u00e9tica convierten a este producto en una estaci\u00f3n de primera clase como alternativa a las cl\u00e1sicas multiestaciones, con una versatilidad que la dota de una extraordinaria utilidad en diferentes entrenos din\u00e1micos tanto de jalones como de ejercicios de presi\u00f3n, adem\u00e1s de reforzar la musculatura de espalda.<\/p>","protected":false},"featured_media":236445,"template":"","meta":{"_et_pb_use_builder":"","_et_pb_old_content":"","_et_gb_content_width":""},"product_cat":[16,34],"product_tag":[],"_links":{"self":[{"href":"https:\/\/byomedicsystem.com\/en\/wp-json\/wp\/v2\/product\/236444"}],"collection":[{"href":"https:\/\/byomedicsystem.com\/en\/wp-json\/wp\/v2\/product"}],"about":[{"href":"https:\/\/byomedicsystem.com\/en\/wp-json\/wp\/v2\/types\/product"}],"wp:featuredmedia":[{"embeddable":true,"href":"https:\/\/byomedicsystem.com\/en\/wp-json\/wp\/v2\/media\/236445"}],"wp:attachment":[{"href":"https:\/\/byomedicsystem.com\/en\/wp-json\/wp\/v2\/media?parent=236444"}],"wp:term":[{"taxonomy":"product_cat","embeddable":true,"href":"https:\/\/byomedicsystem.com\/en\/wp-json\/wp\/v2\/product_cat?post=236444"},{"taxonomy":"product_tag","embeddable":true,"href":"https:\/\/byomedicsystem.com\/en\/wp-json\/wp\/v2\/product_tag?post=236444"}],"curies":[{"name":"wp","href":"https:\/\/api.w.org\/{rel}","templated":true}]}}