{"id":236440,"date":"2022-03-22T11:29:47","date_gmt":"2022-03-22T11:29:47","guid":{"rendered":"https:\/\/byomedicsystem.com\/?post_type=product&#038;p=236440"},"modified":"2022-03-22T11:29:47","modified_gmt":"2022-03-22T11:29:47","slug":"dual-cable-functional-trainer-bfl","status":"publish","type":"product","link":"https:\/\/byomedicsystem.com\/en\/tienda\/fitness\/dual-cable-functional-trainer-bfl\/","title":{"rendered":"DUAL CABLE FUNCTIONAL TRAINER BFL"},"content":{"rendered":"<p><strong>DIMENSIONS AND WEIGHT:\u00a0<\/strong><\/p>\n<ul>\n<li><strong>Long:<\/strong>\u00a0130 cm.<\/li>\n<li><strong>High:<\/strong>\u00a0185 cm.<\/li>\n<li><strong>Wide:<\/strong>\u00a0318 cm.<\/li>\n<li><strong>Peso de la m\u00e1quina:<\/strong>\u00a0350 kg.<\/li>\n<li><strong>Carga de placas:<\/strong>\u00a0136 kg. (68 kg. en cada torre).<\/li>\n<\/ul>\n<p>BRAND: BFL FITNESS<\/p>","protected":false},"excerpt":{"rendered":"<ul>\n<li>La Dual Cable Trainer BFL ofrece una gama casi ilimitada de ejercicios gracias a la libertad de movimientos que proporcionan las poleas giratorias y los brazos m\u00f3viles. Permite trabajar conjuntamente la fuerza de todos los m\u00fasculos del cuerpo a la vez que se desarrolla la estabilidad y la coordinaci\u00f3n.<\/li>\n<li><strong>Poleas de aluminio con rodamientos<\/strong>. Aseguran un movimiento fluido y proporcionan una gama casi ilimitada de ejercicios<\/li>\n<li>Cada\u00a0<strong>brazo gira vertical y horizontalmente<\/strong>\u00a0mediante 12 ajustes que permiten ejecutar cualquier tipo de movimiento. Los brazos son contra-equilibrados para facilitar la colocaci\u00f3n.<\/li>\n<li>Los 234 cm. de\u00a0<strong>cable<\/strong>\u00a0en cada uno de los brazos permiten realizar una completa gama de ejercicios de extensi\u00f3n y flexi\u00f3n.<\/li>\n<li><strong>Las placas de peso<\/strong>\u00a0se encuentran cubiertas para garantizar la seguridad del usuario. Las placas de peso duales permiten entrenar simult\u00e1neamente a dos usuarios.<\/li>\n<li>La Dual Cable Trainer est\u00e1 construida con acero de calibre 11 y 7 y terminado con un proceso electrost\u00e1tico con recubrimiento de polvo.<\/li>\n<li>Una proporci\u00f3n 3:1 ha sido incorporada a esta 2\u00aa generaci\u00f3n de Dual Cable con la misma resistencia de movimiento pero con menos peso.<\/li>\n<li>Los<strong>\u00a0grips<\/strong>\u00a0pueden moverse de forma independiente ofreciendo multitud de ejercicios.<\/li>\n<\/ul>","protected":false},"featured_media":236441,"template":"","meta":{"_et_pb_use_builder":"","_et_pb_old_content":"","_et_gb_content_width":""},"product_cat":[16,34],"product_tag":[],"_links":{"self":[{"href":"https:\/\/byomedicsystem.com\/en\/wp-json\/wp\/v2\/product\/236440"}],"collection":[{"href":"https:\/\/byomedicsystem.com\/en\/wp-json\/wp\/v2\/product"}],"about":[{"href":"https:\/\/byomedicsystem.com\/en\/wp-json\/wp\/v2\/types\/product"}],"wp:featuredmedia":[{"embeddable":true,"href":"https:\/\/byomedicsystem.com\/en\/wp-json\/wp\/v2\/media\/236441"}],"wp:attachment":[{"href":"https:\/\/byomedicsystem.com\/en\/wp-json\/wp\/v2\/media?parent=236440"}],"wp:term":[{"taxonomy":"product_cat","embeddable":true,"href":"https:\/\/byomedicsystem.com\/en\/wp-json\/wp\/v2\/product_cat?post=236440"},{"taxonomy":"product_tag","embeddable":true,"href":"https:\/\/byomedicsystem.com\/en\/wp-json\/wp\/v2\/product_tag?post=236440"}],"curies":[{"name":"wp","href":"https:\/\/api.w.org\/{rel}","templated":true}]}}