{"id":236438,"date":"2022-03-22T11:22:06","date_gmt":"2022-03-22T11:22:06","guid":{"rendered":"https:\/\/byomedicsystem.com\/?post_type=product&#038;p=236438"},"modified":"2024-02-21T11:26:28","modified_gmt":"2024-02-21T11:26:28","slug":"rack-suspension-trainer-bfl","status":"publish","type":"product","link":"https:\/\/byomedicsystem.com\/en\/tienda\/fitness\/rack-suspension-trainer-bfl\/","title":{"rendered":"RACK SUSPENSION TRAINER BFL"},"content":{"rendered":"<p>Incluye tornilleria<\/p>\n<p>BRAND: BFL FITNESS<\/p>","protected":false},"excerpt":{"rendered":"<p>Soporte de pared para correas de suspensi\u00f3n profesionalmente para que pueda crear una agradable experiencia de fitness y segura. Nuevo para hacer ejercicio. Una manera elegante y nueva forma para hacer ejercicio y entrenamiento. Entrenamiento de suspensi\u00f3n se est\u00e1 convirtiendo r\u00e1pidamente en una de Am\u00e9rica favoritos de maneras para quemar grasa, construir m\u00fasculo, y aumentar la flexibilidad.\u00a0 calidad superior de metal no s\u00f3lo es asequible, duradero, sino que tambi\u00e9n es c\u00f3modo y seguro.<\/p>\n<ul>\n<li><strong>PRECIO A CONSULTAR<\/strong><\/li>\n<\/ul>","protected":false},"featured_media":236439,"template":"","meta":{"_et_pb_use_builder":"","_et_pb_old_content":"","_et_gb_content_width":""},"product_cat":[141,16],"product_tag":[],"_links":{"self":[{"href":"https:\/\/byomedicsystem.com\/en\/wp-json\/wp\/v2\/product\/236438"}],"collection":[{"href":"https:\/\/byomedicsystem.com\/en\/wp-json\/wp\/v2\/product"}],"about":[{"href":"https:\/\/byomedicsystem.com\/en\/wp-json\/wp\/v2\/types\/product"}],"wp:featuredmedia":[{"embeddable":true,"href":"https:\/\/byomedicsystem.com\/en\/wp-json\/wp\/v2\/media\/236439"}],"wp:attachment":[{"href":"https:\/\/byomedicsystem.com\/en\/wp-json\/wp\/v2\/media?parent=236438"}],"wp:term":[{"taxonomy":"product_cat","embeddable":true,"href":"https:\/\/byomedicsystem.com\/en\/wp-json\/wp\/v2\/product_cat?post=236438"},{"taxonomy":"product_tag","embeddable":true,"href":"https:\/\/byomedicsystem.com\/en\/wp-json\/wp\/v2\/product_tag?post=236438"}],"curies":[{"name":"wp","href":"https:\/\/api.w.org\/{rel}","templated":true}]}}