{"id":236418,"date":"2022-03-22T08:56:10","date_gmt":"2022-03-22T08:56:10","guid":{"rendered":"https:\/\/byomedicsystem.com\/?post_type=product&#038;p=236418"},"modified":"2024-02-21T11:26:52","modified_gmt":"2024-02-21T11:26:52","slug":"leafpull","status":"publish","type":"product","link":"https:\/\/byomedicsystem.com\/en\/tienda\/fitness\/leafpull\/","title":{"rendered":"LEAFPULL BFL"},"content":{"rendered":"<p>Esta es la pieza perfecta de equipo que es todo lo que puedes pedir: ligero, port\u00e1til y altamente eficaz. Estos vienen como un conjunto de dos de f\u00e1cil instalaci\u00f3n: potente ventosa de montaje, f\u00e1cil y seguro, se instala en pocos segundos. * Entrenamiento multiposici\u00f3n: satisface tus diferentes demandas de ejercicio: aprieta el brazo\/moldea la cintura\/aprieta el muslo\/estiramiento de pantorrilla * Usa estas superficies: superficies lisas y limpias paredes y suelos: vidrio, baldosas de cer\u00e1mica y ladrillo de piedra; port\u00e1til: este entrenador de cuerda de tensi\u00f3n es peque\u00f1o y ligero, lo que te da la capacidad de llevar tu entrenamiento para que puedas llevarlo f\u00e1cilmente. en cualquier lugar, casa, gimnasio, oficina, viajes y m\u00e1s! Solo el requisito es superficie lisa, m\u00e9todos de fijaci\u00f3n: placa de soltura y perno de fijaci\u00f3n, 3 niveles de resistencia: 2,5 KG, 5 KG y 7,5 KG, se puede utilizar en casa, gimnasio, oficina o incluso pr\u00e1ctica de golf. Atenci\u00f3n: el suelo no debe tener huecos.<\/p>\n<p>BRAND: BFL FITNESS<\/p>","protected":false},"excerpt":{"rendered":"<ul class=\"a-unordered-list a-vertical a-spacing-mini\">\n<li><span class=\"a-list-item\">M\u00e1quina de cuerda de tracci\u00f3n de resistencia<\/span><\/li>\n<li><span class=\"a-list-item\">Ideal para construir y tonificar los m\u00fasculos de los b\u00edceps<\/span><\/li>\n<\/ul>\n<ul>\n<li><strong>PRECIO A CONSULTAR<\/strong><\/li>\n<\/ul>","protected":false},"featured_media":236419,"template":"","meta":{"_et_pb_use_builder":"","_et_pb_old_content":"","_et_gb_content_width":""},"product_cat":[141,16],"product_tag":[],"_links":{"self":[{"href":"https:\/\/byomedicsystem.com\/en\/wp-json\/wp\/v2\/product\/236418"}],"collection":[{"href":"https:\/\/byomedicsystem.com\/en\/wp-json\/wp\/v2\/product"}],"about":[{"href":"https:\/\/byomedicsystem.com\/en\/wp-json\/wp\/v2\/types\/product"}],"wp:featuredmedia":[{"embeddable":true,"href":"https:\/\/byomedicsystem.com\/en\/wp-json\/wp\/v2\/media\/236419"}],"wp:attachment":[{"href":"https:\/\/byomedicsystem.com\/en\/wp-json\/wp\/v2\/media?parent=236418"}],"wp:term":[{"taxonomy":"product_cat","embeddable":true,"href":"https:\/\/byomedicsystem.com\/en\/wp-json\/wp\/v2\/product_cat?post=236418"},{"taxonomy":"product_tag","embeddable":true,"href":"https:\/\/byomedicsystem.com\/en\/wp-json\/wp\/v2\/product_tag?post=236418"}],"curies":[{"name":"wp","href":"https:\/\/api.w.org\/{rel}","templated":true}]}}