{"id":236382,"date":"2022-03-21T12:55:06","date_gmt":"2022-03-21T12:55:06","guid":{"rendered":"https:\/\/byomedicsystem.com\/?post_type=product&#038;p=236382"},"modified":"2022-03-22T10:12:09","modified_gmt":"2022-03-22T10:12:09","slug":"ms-fondo-de-triceps","status":"publish","type":"product","link":"https:\/\/byomedicsystem.com\/en\/tienda\/fitness\/ms-fondo-de-triceps\/","title":{"rendered":"MS FONDO DE TR\u00cdCEPS"},"content":{"rendered":"<p><strong>CARACTER\u00cdSTICAS T\u00c9CNICAS<\/strong><\/p>\n<ul>\n<li>Estructura construida en tubo oval de acero de alta calidad de 3mm. de espesor.<\/li>\n<li>Partes desmontables de acero macizo con el que se evitan problemas de desgaste.<\/li>\n<li>Las m\u00e1quinas est\u00e1n montadas sobre rodamientos (circulares o lineales) o ruedas de bronce y rodamientos.<\/li>\n<li>Las barras gu\u00edas son de acero inoxidable con tratamiento a alta temperatura.<\/li>\n<li>Poleas con rodamientos que aseguran un movimiento fluido.<\/li>\n<li>Las placas son de acero calibrado de alta calidad laminadas en caliente, cortadas al l\u00e1ser y resistentes a la corrosi\u00f3n. Incluyen casquillos para evitar fricciones y ruido durante el ejercicio.<\/li>\n<li>Transmisi\u00f3n por cable de acero resistente a una carga m\u00e1xima de 1.000 kg.<\/li>\n<li>Pasador de selecci\u00f3n de placas en acero inoxidable con cabezal imantado para evitar que el selector se salga durante el ejercicio.<\/li>\n<li>Contrapeso de acero resistente de alta calidad.<\/li>\n<li>El proceso de pintado de las m\u00e1quinas se realiza en t\u00fanel de tratamiento de dos capas.<\/li>\n<li>Carenado protector en la torre de placas para evitar posibles accidentes mientras las placas est\u00e1n en movimiento.<\/li>\n<li>Regulaciones tanto en el asiento como en el respaldo y los rodillos, lo que permite la adaptaci\u00f3n de las m\u00e1quinas a cualquier usuario y ayuda a realizar los ejercicios con la postura correcta. Regulaci\u00f3n mediante sistema de palanca f\u00e1cil.<\/li>\n<li>Tapizado realizado en goma espuma de 3 cm. de espesor con 150 kg. de presi\u00f3n, y polipiel ignifuga.<\/li>\n<li>Agarres de PVC impermeable con forma anat\u00f3mica.<\/li>\n<li>Pictogramas explicativos sobre la postura correcta para la realizaci\u00f3n del ejercicio y los m\u00fasculos implicados en el mismo.<\/li>\n<li>Incluyen botellero y soporte para toalla.<\/li>\n<\/ul>\n<p>BRAND: BFL FITNESS<\/p>","protected":false},"excerpt":{"rendered":"<p>La MS07 ha sido fabricada para uso profesional. Se caracteriza por tener un dise\u00f1o elegante y funcional. Ha sido ergon\u00f3micamente dise\u00f1ada para proporcionar un movimiento natural y maximizar la efectividad de los ejercicios.<\/p>\n<p>&nbsp;<\/p>","protected":false},"featured_media":236383,"template":"","meta":{"_et_pb_use_builder":"","_et_pb_old_content":"","_et_gb_content_width":""},"product_cat":[16,34],"product_tag":[],"_links":{"self":[{"href":"https:\/\/byomedicsystem.com\/en\/wp-json\/wp\/v2\/product\/236382"}],"collection":[{"href":"https:\/\/byomedicsystem.com\/en\/wp-json\/wp\/v2\/product"}],"about":[{"href":"https:\/\/byomedicsystem.com\/en\/wp-json\/wp\/v2\/types\/product"}],"wp:featuredmedia":[{"embeddable":true,"href":"https:\/\/byomedicsystem.com\/en\/wp-json\/wp\/v2\/media\/236383"}],"wp:attachment":[{"href":"https:\/\/byomedicsystem.com\/en\/wp-json\/wp\/v2\/media?parent=236382"}],"wp:term":[{"taxonomy":"product_cat","embeddable":true,"href":"https:\/\/byomedicsystem.com\/en\/wp-json\/wp\/v2\/product_cat?post=236382"},{"taxonomy":"product_tag","embeddable":true,"href":"https:\/\/byomedicsystem.com\/en\/wp-json\/wp\/v2\/product_tag?post=236382"}],"curies":[{"name":"wp","href":"https:\/\/api.w.org\/{rel}","templated":true}]}}