{"id":236139,"date":"2021-02-17T17:54:20","date_gmt":"2021-02-17T17:54:20","guid":{"rendered":"https:\/\/byomedicsystem.com\/?post_type=product&#038;p=236139"},"modified":"2024-02-21T11:32:55","modified_gmt":"2024-02-21T11:32:55","slug":"preparacion-fisica-en-automovilismo","status":"publish","type":"product","link":"https:\/\/byomedicsystem.com\/en\/tienda\/formacion\/preparacion-fisica-en-automovilismo\/","title":{"rendered":"Preparaci\u00f3n f\u00edsica en automovilismo"},"content":{"rendered":"<p><strong><u>PREPARACI\u00d3N F\u00cdSICA EN AUTOMOVILISMO METODOLOG\u00cdA INTEGRADA<\/u><\/strong><\/p>\n<p>El objetivo de este libro es presentar una propuesta metodol\u00f3gica para preparar f\u00edsicamente a los pilotos del automovilismo deportivo. El lector descubrir\u00e1 las demandas que exige, a nivel de la condici\u00f3n f\u00edsica, la pr\u00e1ctica de este deporte y su importancia para conseguir el m\u00e1ximo rendimiento en las carreras. Se presenta un planteamiento innovador, fundamentado en la teor\u00eda de los sistemas din\u00e1micos y el cognitivismo, desarrollado a trav\u00e9s de la metodolog\u00eda integrada donde las cualidades f\u00edsicas se entrenan de forma conjunta con la t\u00e9cnica, la toma de decisi\u00f3n y las habilidades psicol\u00f3gicas del piloto. Afrontar el proceso de entrenamiento de los pilotos desde este paradigma ideol\u00f3gico convierte este libro en un referente en el deporte del motor y, m\u00e1s espec\u00edficamente, en el automovilismo de velocidad.<\/p>\n<p><span style=\"text-decoration: underline;\">Autores:<\/span><\/p>\n<p>Joan Sol\u00e9 y Xavier Martos<\/p>","protected":false},"excerpt":{"rendered":"<ul>\n<li><strong>PRECIO A CONSULTAR<\/strong><\/li>\n<\/ul>","protected":false},"featured_media":236153,"template":"","meta":{"_et_pb_use_builder":"","_et_pb_old_content":"","_et_gb_content_width":""},"product_cat":[13],"product_tag":[],"_links":{"self":[{"href":"https:\/\/byomedicsystem.com\/en\/wp-json\/wp\/v2\/product\/236139"}],"collection":[{"href":"https:\/\/byomedicsystem.com\/en\/wp-json\/wp\/v2\/product"}],"about":[{"href":"https:\/\/byomedicsystem.com\/en\/wp-json\/wp\/v2\/types\/product"}],"wp:featuredmedia":[{"embeddable":true,"href":"https:\/\/byomedicsystem.com\/en\/wp-json\/wp\/v2\/media\/236153"}],"wp:attachment":[{"href":"https:\/\/byomedicsystem.com\/en\/wp-json\/wp\/v2\/media?parent=236139"}],"wp:term":[{"taxonomy":"product_cat","embeddable":true,"href":"https:\/\/byomedicsystem.com\/en\/wp-json\/wp\/v2\/product_cat?post=236139"},{"taxonomy":"product_tag","embeddable":true,"href":"https:\/\/byomedicsystem.com\/en\/wp-json\/wp\/v2\/product_tag?post=236139"}],"curies":[{"name":"wp","href":"https:\/\/api.w.org\/{rel}","templated":true}]}}