{"id":235945,"date":"2019-10-11T14:08:40","date_gmt":"2019-10-11T14:08:40","guid":{"rendered":"https:\/\/byomedicsystem.com\/?post_type=product&#038;p=235945"},"modified":"2024-02-21T11:33:33","modified_gmt":"2024-02-21T11:33:33","slug":"powerbreathe-kinetic-kh2","status":"publish","type":"product","link":"https:\/\/byomedicsystem.com\/en\/tienda\/itech\/powerbreathe-kinetic-kh2\/","title":{"rendered":"POWERBREATHE KINETIC KH2 &#8211; AZUL\/LILA"},"content":{"rendered":"<p><strong><em>Incluye los tests MIP y PIF para recoger los datos iniciales y de los resultados obtenidos<\/em><\/strong><\/p>\n<p><strong>Utiliza Tecnolog\u00eda de EMR\/EMI \u00fanica Auto-Optimizada gracias a la cual adapta autom\u00e1ticamente la resistencia de entrenamiento a la capacidad personal de la musculatura inspiratoria del usuario.<\/strong><\/p>\n<p>El Software Breathe-link Medic ofrece un simple y f\u00e1cil encuadre interactivo que permite ajustar cada respiraci\u00f3n del entrenamiento clickando y arrastrando las barras de la pantalla.<\/p>\n<p>Permite a los profesionales crear sesiones personalizadas de entrenamiento para optimizar el entrenamiento del paciente.<\/p>\n<p>Flexibilidad de cambio de carga de entrenamiento del paciente en cada respiraci\u00f3n.<\/p>\n<ul>\n<li><em><strong>Shipping costs included<\/strong><\/em><\/li>\n<\/ul>","protected":false},"excerpt":{"rendered":"<p>El NUEVO POWERbreathe KH2 incluye varias caracter\u00edsticas innovadoras aportando la posibilidad del test MIP y PIF, permitiendo a los profesionales registrar los datos del entrenamiento del paciente a trav\u00e9s del aparato manual port\u00e1til KH2.<\/p>\n<p>El modelo avanzado KH2 permite visualizar en tiempo real los resultados mediante el revolucionario Software Breathe-Link Medic. Con el desarrollo\u00a0 de la v\u00e1lvula controlada electr\u00f3nicamente de POWERbreathe, se puede ver al instante la carga media, la fuerza y el volumen inhalado.<\/p>\n<p>El POWERbreathe KH2 es el \u00faltimo aparato de testaje, monitorizaci\u00f3n y an\u00e1lisis de Entrenamiento de la Musculatura Respiratoria.<\/p>\n<ul>\n<li><strong>PRECIO A CONSULTAR<\/strong><\/li>\n<\/ul>","protected":false},"featured_media":236054,"template":"","meta":{"_et_pb_use_builder":"","_et_pb_old_content":"","_et_gb_content_width":""},"product_cat":[36],"product_tag":[],"_links":{"self":[{"href":"https:\/\/byomedicsystem.com\/en\/wp-json\/wp\/v2\/product\/235945"}],"collection":[{"href":"https:\/\/byomedicsystem.com\/en\/wp-json\/wp\/v2\/product"}],"about":[{"href":"https:\/\/byomedicsystem.com\/en\/wp-json\/wp\/v2\/types\/product"}],"wp:featuredmedia":[{"embeddable":true,"href":"https:\/\/byomedicsystem.com\/en\/wp-json\/wp\/v2\/media\/236054"}],"wp:attachment":[{"href":"https:\/\/byomedicsystem.com\/en\/wp-json\/wp\/v2\/media?parent=235945"}],"wp:term":[{"taxonomy":"product_cat","embeddable":true,"href":"https:\/\/byomedicsystem.com\/en\/wp-json\/wp\/v2\/product_cat?post=235945"},{"taxonomy":"product_tag","embeddable":true,"href":"https:\/\/byomedicsystem.com\/en\/wp-json\/wp\/v2\/product_tag?post=235945"}],"curies":[{"name":"wp","href":"https:\/\/api.w.org\/{rel}","templated":true}]}}