{"id":234823,"date":"2018-10-25T07:45:37","date_gmt":"2018-10-25T07:45:37","guid":{"rendered":"https:\/\/byomedicsystem.com\/?post_type=product&#038;p=234823"},"modified":"2024-02-21T11:40:43","modified_gmt":"2024-02-21T11:40:43","slug":"volante-f1","status":"publish","type":"product","link":"https:\/\/byomedicsystem.com\/en\/tienda\/performance\/volante-f1\/","title":{"rendered":"Volante F1"},"content":{"rendered":"","protected":false},"excerpt":{"rendered":"<h3 style=\"text-align: center;\"><strong>SENSACIONES TANTO DENTRO COMO FUERA\u00a0<\/strong><\/h3>\n<p>El V-F1 es un complemento \u00fanico para cualquier piloto del Motorsport. Su dise\u00f1o compacto, exclusivo y ergon\u00f3mico hace que el entrenamiento de las cuervas sea pr\u00e1cticamente el mismo que en la pista.<\/p>\n<p>Deja el pasado, el futuro ha llegado para ganar cada curva. Acelera el cambio con V-F1<\/p>\n<ul>\n<li><strong>PRECIO A CONSULTAR<\/strong><\/li>\n<\/ul>","protected":false},"featured_media":235687,"template":"","meta":{"_et_pb_use_builder":"","_et_pb_old_content":"","_et_gb_content_width":""},"product_cat":[19],"product_tag":[],"_links":{"self":[{"href":"https:\/\/byomedicsystem.com\/en\/wp-json\/wp\/v2\/product\/234823"}],"collection":[{"href":"https:\/\/byomedicsystem.com\/en\/wp-json\/wp\/v2\/product"}],"about":[{"href":"https:\/\/byomedicsystem.com\/en\/wp-json\/wp\/v2\/types\/product"}],"wp:featuredmedia":[{"embeddable":true,"href":"https:\/\/byomedicsystem.com\/en\/wp-json\/wp\/v2\/media\/235687"}],"wp:attachment":[{"href":"https:\/\/byomedicsystem.com\/en\/wp-json\/wp\/v2\/media?parent=234823"}],"wp:term":[{"taxonomy":"product_cat","embeddable":true,"href":"https:\/\/byomedicsystem.com\/en\/wp-json\/wp\/v2\/product_cat?post=234823"},{"taxonomy":"product_tag","embeddable":true,"href":"https:\/\/byomedicsystem.com\/en\/wp-json\/wp\/v2\/product_tag?post=234823"}],"curies":[{"name":"wp","href":"https:\/\/api.w.org\/{rel}","templated":true}]}}