{"id":1626,"date":"2017-11-27T11:45:34","date_gmt":"2017-11-27T11:45:34","guid":{"rendered":"https:\/\/byomedicsystem.com\/producto\/el-entrenamiento-en-los-deportes-de-equipo\/"},"modified":"2024-02-21T11:42:21","modified_gmt":"2024-02-21T11:42:21","slug":"el-entrenamiento-en-los-deportes-de-equipo","status":"publish","type":"product","link":"https:\/\/byomedicsystem.com\/en\/tienda\/formacion\/el-entrenamiento-en-los-deportes-de-equipo\/","title":{"rendered":"El entrenamiento en los deportes de equipo"},"content":{"rendered":"<p><em>Preparar para entrenar<\/em> implica la inclusi\u00f3n de ejercicios gen\u00e9ricos de Nivel 0 (Orientado), generales de Nivel I y dirigidos de Nivel II. Para cada uno de estos niveles se plantear\u00e1n estrategias de entrenamiento basadas en el desarrollo tridimensional y cuadrimensional de la fuerza, que construir\u00e1n finalmente el universo tridimensional de la preparaci\u00f3n del deportista. Esta primera parte de la propuesta de entrenamiento se fundamenta en la predominancia de la estructura condicional (Cap\u00edtulo 2).<\/p>\n<p>En <em>preparar para competir<\/em> se dise\u00f1ar\u00e1n tareas especiales de Nivel III, Nivel IV y Nivel V de juego reducido y tareas de Nivel V de juego real. Para cada uno de estos niveles se construir\u00e1n situaciones simuladoras preferenciales (SSP) con diferentes niveles de exigencia. En esta segunda parte de la propuesta de entrenamiento debe predominar la estructura coordinativa (Cap\u00edtulo 3) o cognitiva (Cap\u00edtulo 4).<\/p>\n<p>Alrededor de toda la propuesta, a modo de capa superficial, se encuentra la estructura socioafectiva (Cap\u00edtulo 5) como elemento ineludible que nos permitir\u00e1 saber c\u00f3mo y por qu\u00e9 ganamos. Finalmente, como contenido transversal pero no por ello menos relevante, se abordar\u00e1 la inserci\u00f3n de la acci\u00f3n preventiva (Cap\u00edtulo 7) y el control de la carga en los deportes de interacci\u00f3n en espacio compartido o DIEC (Cap\u00edtulo 8).<\/p>","protected":false},"excerpt":{"rendered":"<h3><strong>Autor: Francisco Seirul\u00b7lo Vargas<\/strong><\/h3>\n<p>Este libro incluye la filosof\u00eda, conocimientos, procedimientos y aplicaciones del <strong>entrenamiento estructurado<\/strong> (EE) a trav\u00e9s de las principales estructuras que lo componen: condicional, coordinativa, cognitiva y socioafectiva. El EE, desarrollado en los cap\u00edtulos 1 y 6 como n\u00facleo central de la propuesta, tiene como reto desarrollar una metodolog\u00eda que prepare al deportista <em>para entrenar y para competir<\/em> en los deportes de equipo (DE).<\/p>\n<ul>\n<li><strong>PRECIO A CONSULTAR<\/strong><\/li>\n<\/ul>","protected":false},"featured_media":235894,"template":"","meta":{"_et_pb_use_builder":"","_et_pb_old_content":"","_et_gb_content_width":""},"product_cat":[13],"product_tag":[],"_links":{"self":[{"href":"https:\/\/byomedicsystem.com\/en\/wp-json\/wp\/v2\/product\/1626"}],"collection":[{"href":"https:\/\/byomedicsystem.com\/en\/wp-json\/wp\/v2\/product"}],"about":[{"href":"https:\/\/byomedicsystem.com\/en\/wp-json\/wp\/v2\/types\/product"}],"wp:featuredmedia":[{"embeddable":true,"href":"https:\/\/byomedicsystem.com\/en\/wp-json\/wp\/v2\/media\/235894"}],"wp:attachment":[{"href":"https:\/\/byomedicsystem.com\/en\/wp-json\/wp\/v2\/media?parent=1626"}],"wp:term":[{"taxonomy":"product_cat","embeddable":true,"href":"https:\/\/byomedicsystem.com\/en\/wp-json\/wp\/v2\/product_cat?post=1626"},{"taxonomy":"product_tag","embeddable":true,"href":"https:\/\/byomedicsystem.com\/en\/wp-json\/wp\/v2\/product_tag?post=1626"}],"curies":[{"name":"wp","href":"https:\/\/api.w.org\/{rel}","templated":true}]}}