{"id":1596,"date":"2018-10-25T11:32:02","date_gmt":"2018-10-25T11:32:02","guid":{"rendered":"https:\/\/byomedicsystem.com\/?post_type=product&#038;p=1596"},"modified":"2024-02-21T12:27:31","modified_gmt":"2024-02-21T12:27:31","slug":"curso-teorico-practico-maquinas-inerciales","status":"publish","type":"product","link":"https:\/\/byomedicsystem.com\/en\/tienda\/formacion\/curso-teorico-practico-maquinas-inerciales\/","title":{"rendered":"CURSO TEORICO-PRACTICO M\u00c1QUINAS INERCIALES"},"content":{"rendered":"<p><span style=\"color: #ff001c;\"><strong>MATERIAL<\/strong><strong>: <\/strong><\/span><\/p>\n<p>Se dispondr\u00e1 de 2 poleas c\u00f3nicas <strong><em>Eccotek Training Force\u00ae<\/em><\/strong> &#8211; 2 Byomedic Belt\u00ae (Cintur\u00f3n Ruso), 3 Chronojump para valoraci\u00f3n del deportista. 3 Encoder Lineal. Plataforma de contactos, Eccorow Training Force\u00ae &#8211; m\u00e1quina de remo multidisciplinar. Plataforma de vibraciones inestable Vibalance\u00ae, Fotoc\u00e9lulas, etc\u2026\u00a0<strong>PRESENTARemos<\/strong>\u00a0la nueva m\u00e1quina Inercial espec\u00edfica para el tren inferior fabricada por Byomedic System S.L.U.<\/p>","protected":false},"excerpt":{"rendered":"<h4 style=\"text-align: center;\"><span style=\"color: #ff0005;\"><strong>PLAZAS LIMITADAS A 20 PERSONAS<\/strong><\/span><\/h4>\n<p style=\"text-align: justify;\">El Objetivo del Curso, es mostrar c\u00f3mo sacar el m\u00e1ximo partido a la polea c\u00f3nica mediante el uso de ejercicios para la prevenci\u00f3n de lesiones y la mejora del rendimiento. Durante el Curso, se mostrar\u00e1 como utilizar tecnolog\u00eda para analizar las fuerzas que se generan durante la ejecuci\u00f3n de los diversos ejercicios.<\/p>\n<p>Seg\u00fan este an\u00e1lisis podemos evaluar el nivel f\u00edsico del deportista tanto en mejora del rendimiento, como en la b\u00fasqueda de desequilibrios que puedan acabar comportando una lesi\u00f3n.<\/p>\n<p style=\"text-align: justify;\">En este curso, se realizar\u00e1n test de fuerza conc\u00e9ntrica-exc\u00e9ntrica, velocidad, resistencia con el dispositivo <strong><em>Chronojump<\/em><\/strong> para sacar el m\u00e1ximo rendimiento y valorar el estado de los deportistas mediante la medici\u00f3n gr\u00e1fica y num\u00e9rica y tambi\u00e9n realizaremos test de EMG con Polea C\u00f3nica y Byomedic Belt\u00ae (Tirante Musculador) para valorar la activaci\u00f3n de cualquier extremidad trabajada.<\/p>\n<ul>\n<li><strong>PRECIO A CONSULTAR<\/strong><\/li>\n<\/ul>","protected":false},"featured_media":1585,"template":"","meta":{"_et_pb_use_builder":"","_et_pb_old_content":"","_et_gb_content_width":""},"product_cat":[13],"product_tag":[],"_links":{"self":[{"href":"https:\/\/byomedicsystem.com\/en\/wp-json\/wp\/v2\/product\/1596"}],"collection":[{"href":"https:\/\/byomedicsystem.com\/en\/wp-json\/wp\/v2\/product"}],"about":[{"href":"https:\/\/byomedicsystem.com\/en\/wp-json\/wp\/v2\/types\/product"}],"wp:featuredmedia":[{"embeddable":true,"href":"https:\/\/byomedicsystem.com\/en\/wp-json\/wp\/v2\/media\/1585"}],"wp:attachment":[{"href":"https:\/\/byomedicsystem.com\/en\/wp-json\/wp\/v2\/media?parent=1596"}],"wp:term":[{"taxonomy":"product_cat","embeddable":true,"href":"https:\/\/byomedicsystem.com\/en\/wp-json\/wp\/v2\/product_cat?post=1596"},{"taxonomy":"product_tag","embeddable":true,"href":"https:\/\/byomedicsystem.com\/en\/wp-json\/wp\/v2\/product_tag?post=1596"}],"curies":[{"name":"wp","href":"https:\/\/api.w.org\/{rel}","templated":true}]}}