{"id":1573,"date":"2024-02-21T11:46:38","date_gmt":"2024-02-21T11:46:38","guid":{"rendered":"https:\/\/byomedicsystem.com\/?post_type=product&#038;p=1573"},"modified":"2024-02-21T11:46:57","modified_gmt":"2024-02-21T11:46:57","slug":"curso-de-prevencion-de-lesiones","status":"publish","type":"product","link":"https:\/\/byomedicsystem.com\/en\/tienda\/formacion\/curso-de-prevencion-de-lesiones\/","title":{"rendered":"CURSO DE PREVENCI\u00d3N DE LESIONES"},"content":{"rendered":"<p>El Objetivo del Curso, es mostrar c\u00f3mo sacar el m\u00e1ximo partido los materiales B\u00e1sicos para la Prevenci\u00f3n de Lesiones mediante el uso de ejercicios para evitar lesiones y la mejora del rendimiento depotivo. Durante el Curso, se mostrar\u00e1 como utilizar esta tecnolog\u00eda para analizar las fuerzas que se generan durante la ejecuci\u00f3n de los diversos ejercicios.<\/p>\n<p>Seg\u00fan este an\u00e1lisis podemos evaluar el nivel f\u00edsico del deportista tanto en mejora del rendimiento, como en la b\u00fasqueda de desequilibrios que puedan acabar comportando una lesi\u00f3n.<\/p>\n<p>Tambi\u00e9n se hablar\u00e1 de c\u00f3mo debe ser el dise\u00f1o de ejercicios en funci\u00f3n de la implicaci\u00f3n de las diversas articulaciones, de esa manera nos aseguramos un uso adecuado, evitando ejercicios que puedan traer m\u00e1s perjuicios que beneficios.<\/p>\n<p>Inscripciones:\u00a0<a class=\"moz-txt-link-abbreviated\" href=\"mailto:alexisblanco@byomedicsystem.es\">alexisblanco@byomedicsystem.es<\/a><br \/>\nTel\u00e9fono de contacto: 93 730 67 32 &#8211; 636 508 323<\/p>","protected":false},"excerpt":{"rendered":"<p><strong><span style=\"color: #f5a623;\"><span style=\"text-decoration: underline;\"><big><big>CURSO DE PREVENCI\u00d3N DE LESIONES <\/big><\/big><\/span><\/span><\/strong><\/p>\n<p><span style=\"color: #ff0000;\"><strong><span style=\"text-decoration: underline;\"><big><big><span style=\"color: #f5a623; text-decoration: underline;\">APLICADO AL ENTRENAMIENTO FUNCIONAL<\/span><\/big><\/big><big><big><br \/>\n<\/big><\/big><\/span><\/strong><\/span><\/p>\n<p><span style=\"font-family: Calibri;\">informamos del<em><strong> Curso Te\u00f3rico-Pr\u00e1ctico de Prevenci\u00f3n de Lesiones aplicado al Entrenamiento Funcional<\/strong><\/em>, que se realizar\u00e1 el pr\u00f3ximo 6<span style=\"text-decoration: underline;\"><strong>\u00a0de Mayo de 2017<\/strong><\/span>\u00a0que tendr\u00e1 lugar en el <span style=\"text-decoration: underline;\"><strong>INEFC de Barcelona<\/strong><\/span>.<\/span><\/p>\n<p>&nbsp;<\/p>\n<p>&nbsp;<\/p>","protected":false},"featured_media":1563,"template":"","meta":{"_et_pb_use_builder":"","_et_pb_old_content":"","_et_gb_content_width":""},"product_cat":[13],"product_tag":[],"_links":{"self":[{"href":"https:\/\/byomedicsystem.com\/en\/wp-json\/wp\/v2\/product\/1573"}],"collection":[{"href":"https:\/\/byomedicsystem.com\/en\/wp-json\/wp\/v2\/product"}],"about":[{"href":"https:\/\/byomedicsystem.com\/en\/wp-json\/wp\/v2\/types\/product"}],"wp:featuredmedia":[{"embeddable":true,"href":"https:\/\/byomedicsystem.com\/en\/wp-json\/wp\/v2\/media\/1563"}],"wp:attachment":[{"href":"https:\/\/byomedicsystem.com\/en\/wp-json\/wp\/v2\/media?parent=1573"}],"wp:term":[{"taxonomy":"product_cat","embeddable":true,"href":"https:\/\/byomedicsystem.com\/en\/wp-json\/wp\/v2\/product_cat?post=1573"},{"taxonomy":"product_tag","embeddable":true,"href":"https:\/\/byomedicsystem.com\/en\/wp-json\/wp\/v2\/product_tag?post=1573"}],"curies":[{"name":"wp","href":"https:\/\/api.w.org\/{rel}","templated":true}]}}