{"id":1455,"date":"2015-04-28T09:55:58","date_gmt":"2015-04-28T09:55:58","guid":{"rendered":"https:\/\/byomedicsystem.com\/producto\/nivel-iii-curso-teorico-practico-poleas-conicas\/"},"modified":"2024-02-21T12:24:17","modified_gmt":"2024-02-21T12:24:17","slug":"nivel-iii-curso-teorico-practico-poleas-conicas","status":"publish","type":"product","link":"https:\/\/byomedicsystem.com\/en\/tienda\/formacion\/nivel-iii-curso-teorico-practico-poleas-conicas\/","title":{"rendered":"CURSO TE\u00d3RICO-PR\u00c1CTICO CHRONOJUMP"},"content":{"rendered":"<ul>\n<li>\n<p style=\"margin-bottom: 0cm; background: #ffffff;\" align=\"LEFT\"><span style=\"color: #000000;\"><span style=\"font-family: Calibri,sans-serif;\"><span style=\"font-size: large;\"><span style=\"text-decoration: underline;\"><strong>ORGANIZADO <\/strong><\/span><\/span><\/span><\/span><span style=\"color: #000000;\"><span style=\"font-family: Calibri,sans-serif;\"><span style=\"font-size: large;\"><span style=\"text-decoration: underline;\"><strong>POR<\/strong><\/span><\/span><\/span><\/span><span style=\"color: #000000;\"><span style=\"font-family: Calibri,sans-serif;\"><span style=\"font-size: large;\"><strong>:<\/strong><\/span><\/span><\/span><\/p>\n<\/li>\n<\/ul>\n<p style=\"margin-bottom: 0cm; background: #ffffff;\" align=\"LEFT\"><span style=\"color: #000000;\"><span style=\"font-family: Calibri,sans-serif;\"><span style=\"font-size: small;\"><strong>\u00a0\u00a0\u00a0\u00a0\u00a0\u00a0\u00a0\u00a0\u00a0 BYOMEDIC<\/strong><\/span><\/span><\/span><span style=\"color: #000000;\"><span style=\"font-family: Calibri,sans-serif;\"><span style=\"font-size: small;\"><strong>SYSTEM<\/strong><\/span><\/span><\/span><span style=\"color: #000000;\"><span style=\"font-family: Calibri,sans-serif;\"><span style=\"font-size: small;\"><strong>S<\/strong><\/span><\/span><\/span><span style=\"color: #000000;\"><span style=\"font-family: Calibri,sans-serif;\"><span style=\"font-size: small;\"><strong>.<\/strong><\/span><\/span><\/span><span style=\"color: #000000;\"><span style=\"font-family: Calibri,sans-serif;\"><span style=\"font-size: small;\"><strong>L<\/strong><\/span><\/span><\/span><span style=\"color: #000000;\"><span style=\"font-family: Calibri,sans-serif;\"><span style=\"font-size: small;\"><strong>.<\/strong><\/span><\/span><\/span><span style=\"color: #000000;\"><span style=\"font-family: Calibri,sans-serif;\"><span style=\"font-size: small;\"><strong>U<\/strong><\/span><\/span><\/span><span style=\"color: #000000;\"><span style=\"font-family: Calibri,sans-serif;\"><span style=\"font-size: small;\"><strong>.<\/strong><\/span><\/span><\/span><\/p>\n<p style=\"margin-bottom: 0cm; background: #ffffff;\" align=\"LEFT\"><span style=\"color: #000000;\"><span style=\"font-family: Calibri,sans-serif;\"><span style=\"font-size: small;\"><strong>\u00a0\u00a0\u00a0\u00a0\u00a0\u00a0\u00a0\u00a0\u00a0 TELF<\/strong><\/span><\/span><\/span><span style=\"color: #000000;\"><span style=\"font-family: Calibri,sans-serif;\"><span style=\"font-size: small;\"><strong>: 93 730 67 32 \u2013 636 508 323 \u2013 666 439 719 <\/strong><\/span><\/span><\/span><\/p>\n<p style=\"margin-bottom: 0cm; background: #ffffff;\" align=\"LEFT\"><span style=\"color: #000000;\"><span style=\"font-family: Calibri,sans-serif;\"><span style=\"font-size: small;\"><strong>\u00a0\u00a0\u00a0\u00a0\u00a0\u00a0\u00a0\u00a0\u00a0 Correo<\/strong><\/span><\/span><\/span><span style=\"color: #000000;\"><span style=\"font-family: Calibri,sans-serif;\"><span style=\"font-size: small;\"><strong>Electr\u00f3nico<\/strong><\/span><\/span><\/span><span style=\"color: #000000;\"><span style=\"font-family: Calibri,sans-serif;\"><span style=\"font-size: small;\"><strong>: <\/strong><\/span><\/span><\/span><a href=\"mailto:alexisblanco@byomedicsystem.es\"><span style=\"color: #000080;\"><span lang=\"zxx\"><span style=\"text-decoration: underline;\"><span style=\"font-family: Calibri,sans-serif;\"><span style=\"font-size: small;\"><strong>alexisblanco<\/strong><\/span><\/span><\/span><\/span><\/span><span style=\"color: #000080;\"><span lang=\"zxx\"><span style=\"text-decoration: underline;\"><span style=\"font-family: Calibri,sans-serif;\"><span style=\"font-size: small;\"><strong>@<\/strong><\/span><\/span><\/span><\/span><\/span><span style=\"color: #000080;\"><span lang=\"zxx\"><span style=\"text-decoration: underline;\"><span style=\"font-family: Calibri,sans-serif;\"><span style=\"font-size: small;\"><strong>byomedicsystem<\/strong><\/span><\/span><\/span><\/span><\/span><span style=\"color: #000080;\"><span lang=\"zxx\"><span style=\"text-decoration: underline;\"><span style=\"font-family: Calibri,sans-serif;\"><span style=\"font-size: small;\"><strong>.<\/strong><\/span><\/span><\/span><\/span><\/span><span style=\"color: #000080;\"><span lang=\"zxx\"><span style=\"text-decoration: underline;\"><span style=\"font-family: Calibri,sans-serif;\"><span style=\"font-size: small;\"><strong>es<\/strong><\/span><\/span><\/span><\/span><\/span><\/a><\/p>\n<p style=\"margin-bottom: 0cm; background: #ffffff;\" align=\"LEFT\">__________________________________________________________<\/p>\n<ul>\n<li>\n<p style=\"margin-bottom: 0cm; background: #ffffff;\" align=\"LEFT\"><span style=\"color: #000000;\"><span style=\"font-family: Calibri,sans-serif;\"><span style=\"font-size: large;\"><span style=\"text-decoration: underline;\"><strong>LUGAR<\/strong><\/span><\/span><\/span><\/span><span style=\"color: #000000;\"><span style=\"font-family: Calibri,sans-serif;\"><span style=\"font-size: large;\"><strong>: <\/strong><\/span><\/span><\/span><span style=\"color: #000000;\"><span style=\"font-family: Calibri,sans-serif;\"><span style=\"font-size: small;\"><strong>INEFC <\/strong><\/span><\/span><\/span><span style=\"color: #000000;\"><span style=\"font-family: Calibri,sans-serif;\"><span style=\"font-size: small;\"><strong>DE<\/strong><\/span><\/span><\/span><span style=\"color: #000000;\"><span style=\"font-family: Calibri,sans-serif;\"><span style=\"font-size: small;\"><strong> BARCELONA<\/strong><\/span><\/span><\/span><\/p>\n<\/li>\n<\/ul>\n<p style=\"margin-bottom: 0cm; background: none repeat scroll 0% 0% #ffffff; text-align: left;\" align=\"CENTER\">__________________________________________________________<\/p>\n<ul>\n<li>\n<p style=\"background: #ffffff;\" align=\"LEFT\"><span style=\"color: #000000;\"><span style=\"font-family: Calibri,sans-serif;\"><span style=\"font-size: large;\"><span style=\"font-style: normal;\"><span style=\"text-decoration: underline;\"><strong>CONTENIDOS<\/strong><\/span><\/span><\/span><\/span><\/span><span style=\"color: #000000;\"><span style=\"font-family: Calibri,sans-serif;\"><span style=\"font-size: large;\"><span style=\"font-style: normal;\"><span style=\"text-decoration: none;\"><strong>:<\/strong><\/span><\/span><\/span><\/span><\/span><\/p>\n<\/li>\n<\/ul>\n<ul>\n<li>\u00a0\u00a0\u00a0\u00a0\u00a0\u00a0\u00a0\u00a0 Introducci\u00f3n al entrenamiento de Valoraci\u00f3n.<\/li>\n<\/ul>\n<ol>\n<li>Caracter\u00edsticas.<\/li>\n<li>Aplicaciones.<\/li>\n<li>Medios de trabajo de valoraci\u00f3n.<\/li>\n<\/ol>\n<ul>\n<li>\u00a0\u00a0\u00a0\u00a0\u00a0\u00a0\u00a0\u00a0 Aplicaci\u00f3n del trabajo Exc\u00e9ntrico en la prevenci\u00f3n de lesiones.<\/li>\n<li>\u00a0\u00a0\u00a0\u00a0\u00a0\u00a0\u00a0\u00a0 Ejercicios para la mejora de acciones durante la competici\u00f3n valorando con Chronojump.<\/li>\n<li>\u00a0\u00a0\u00a0\u00a0\u00a0\u00a0\u00a0\u00a0 Valoraci\u00f3n de tiempos de reacci\u00f3n y ritmos de ejecuci\u00f3n con Chronojump<\/li>\n<li>\u00a0\u00a0\u00a0\u00a0\u00a0\u00a0\u00a0\u00a0 Mejora de la potencia en los desplazamientos y salidas con Polea C\u00f3nica<\/li>\n<li>\u00a0\u00a0\u00a0\u00a0\u00a0\u00a0\u00a0\u00a0 Extraer datos objetivos mediante control con Polea C\u00f3nica (Chronojump)<\/li>\n<li>\u00a0\u00a0\u00a0\u00a0\u00a0\u00a0\u00a0\u00a0 Aprender a leer resultados para evitar lesiones (Chronojump)<\/li>\n<li>\u00a0\u00a0\u00a0\u00a0\u00a0\u00a0\u00a0\u00a0 Aplicar los datos al trabajo pr\u00e1ctico para disminuir el riesgo de Lesi\u00f3n<\/li>\n<li>\u00a0\u00a0\u00a0\u00a0\u00a0\u00a0\u00a0\u00a0 Monitorizaci\u00f3n del entrenamiento con la polea c\u00f3nica (Chronojump)<\/li>\n<li>\u00a0\u00a0\u00a0\u00a0\u00a0\u00a0\u00a0\u00a0 Valoraci\u00f3n de la Fuerza Exc\u00e9ntrica y Conc\u00e9ntrica (Chronojump)<\/li>\n<li>\u00a0 \u00a0 \u00a0 \u00a0 \u00a0Test de valoraci\u00f3n en carrera con fotoc\u00e9lulas<\/li>\n<\/ul>\n<p style=\"background: #ffffff;\" align=\"LEFT\">____________________________________________________________<\/p>\n<p style=\"background: #ffffff;\" align=\"LEFT\"><span style=\"text-decoration: underline;\"><strong><span style=\"color: #000000; text-decoration: underline;\"><span style=\"text-decoration: none;\"><span style=\"font-family: Calibri,sans-serif;\"><span style=\"font-size: small;\"><span style=\"font-style: normal;\">PROFESORADO:<\/span><\/span><\/span><\/span><\/span><\/strong><\/span><\/p>\n<ul>\n<li><span style=\"color: #000000;\"><span style=\"text-decoration: none;\"><span style=\"font-family: Calibri,sans-serif;\"><span style=\"font-size: small;\"><span style=\"font-style: normal;\"><span style=\"font-weight: normal;\">DR. JOSE MARIA PADULLES &#8211; INEFC DE BARCELONA &amp; CHRONOJUMP\u00ae<\/span><\/span><\/span><\/span><\/span><\/span><\/li>\n<li><span style=\"color: #000000;\"><span style=\"text-decoration: none;\"><span style=\"font-family: Calibri,sans-serif;\"><span style=\"font-size: small;\"><span style=\"font-style: normal;\"><span style=\"font-weight: normal;\">SR. XAVIER DE BLAS &#8211; UNIV. BLANQUERNA &amp; CHRONOJUMP\u00ae<\/span><\/span><\/span><\/span><\/span><\/span><\/li>\n<li>SR. XAVIER PADULL\u00c9S &#8211; CHRONOJUMP\u00ae<\/li>\n<\/ul>\n<p>______________________________________________________________________<\/p>\n<p><strong><span style=\"color: #000000;\"><span style=\"text-decoration: none;\"><span style=\"font-family: Calibri,sans-serif;\"><span style=\"font-size: small;\"><span style=\"font-style: normal;\">PDF Adjunto en Descargas<\/span><\/span><\/span><\/span><\/span><\/strong><\/p>","protected":false},"excerpt":{"rendered":"<p style=\"margin-bottom: 0cm; background: transparent; font-style: normal; font-weight: normal; text-decoration: none;\" align=\"JUSTIFY\"><span style=\"color: #000000;\"><span style=\"font-family: Calibri,sans-serif;\"><span style=\"font-size: small;\"><img loading=\"lazy\" decoding=\"async\" class=\"size-full wp-image-1452\" src=\"https:\/\/byomedicsystem.com\/wp-content\/uploads\/2015\/04\/003-baja.jpg\" alt=\"\" width=\"116\" height=\"81\" srcset=\"https:\/\/byomedicsystem.com\/wp-content\/uploads\/2015\/04\/003-baja.jpg 1000w, https:\/\/byomedicsystem.com\/wp-content\/uploads\/2015\/04\/003-baja-600x420.jpg 600w, https:\/\/byomedicsystem.com\/wp-content\/uploads\/2015\/04\/003-baja-300x210.jpg 300w, https:\/\/byomedicsystem.com\/wp-content\/uploads\/2015\/04\/003-baja-768x538.jpg 768w\" sizes=\"(max-width: 116px) 100vw, 116px\" \/> <img loading=\"lazy\" decoding=\"async\" class=\"size-full wp-image-1453\" src=\"https:\/\/byomedicsystem.com\/wp-content\/uploads\/2015\/04\/logo-eccotek-bo.jpg\" alt=\"\" width=\"121\" height=\"92\" srcset=\"https:\/\/byomedicsystem.com\/wp-content\/uploads\/2015\/04\/logo-eccotek-bo.jpg 5533w, https:\/\/byomedicsystem.com\/wp-content\/uploads\/2015\/04\/logo-eccotek-bo-600x456.jpg 600w, https:\/\/byomedicsystem.com\/wp-content\/uploads\/2015\/04\/logo-eccotek-bo-300x228.jpg 300w, https:\/\/byomedicsystem.com\/wp-content\/uploads\/2015\/04\/logo-eccotek-bo-768x584.jpg 768w, https:\/\/byomedicsystem.com\/wp-content\/uploads\/2015\/04\/logo-eccotek-bo-1024x779.jpg 1024w\" sizes=\"(max-width: 121px) 100vw, 121px\" \/><img loading=\"lazy\" decoding=\"async\" class=\"size-full wp-image-1454\" src=\"https:\/\/byomedicsystem.com\/wp-content\/uploads\/2015\/04\/logo_3.png\" alt=\"\" width=\"158\" height=\"66\" \/><\/span><\/span><\/span><\/p>\n<p>El Objetivo del Curso, es mostrar c\u00f3mo sacar el m\u00e1ximo partido a los diferentes encoder\u2019s que existen actualmente de Chronojump \u2013 Bosco System.<br \/>\nSe mostrar\u00e1 c\u00f3mo utilizar el Encoder Lineal, Plataforma de Saltos, Fotoc\u00e9lulas y Encoder rotatorio con Polea C\u00f3nica.<\/p>\n<p>Se mostrar\u00e1 a los alumnos como recoger datos del chronojump y analizarlos para evaluar el estado f\u00edsico de nuestros deportistas, ver tiempos de vuelo, potencias m\u00e1ximas, intervalos de tiempo, etc&#8230; Se realizar\u00e1n test de fuerza conc\u00e9ntrica-exc\u00e9ntrica, velocidad, resistencia con el dispositivo <strong><em>Chronojump<\/em><\/strong> y Polea C\u00f3nica Eccotek Training Force\u00ae.<\/p>\n<p style=\"margin-bottom: 0cm; background: #ffffff;\" align=\"LEFT\">____________________________________________<\/p>\n<ul>\n<li>\n<p style=\"margin-bottom: 0cm; background: #ffffff;\" align=\"LEFT\"><span style=\"color: #000000;\"><span style=\"font-family: Calibri,sans-serif;\"><span style=\"font-size: large;\"><span style=\"text-decoration: underline;\"><strong>FECHA<\/strong><\/span><\/span><\/span><\/span><span style=\"color: #000000;\"><span style=\"font-family: Calibri,sans-serif;\"><span style=\"font-size: large;\"><strong>: <\/strong><\/span><\/span><\/span><span style=\"color: #000000;\"><span style=\"font-family: Calibri,sans-serif;\"><span style=\"font-size: small;\"><strong>S\u00c1BADO<\/strong><\/span><\/span><\/span><span style=\"color: #000000;\"><span style=\"font-family: Calibri,sans-serif;\"><span style=\"font-size: small;\"><strong>\u00a002\u00a0<\/strong><\/span><\/span><\/span><span style=\"color: #000000;\"><span style=\"font-family: Calibri,sans-serif;\"><span style=\"font-size: small;\"><strong>DE JUNIO<\/strong><\/span><\/span><\/span><span style=\"color: #000000;\"><span style=\"font-family: Calibri,sans-serif;\"><span style=\"font-size: small;\"><strong>\u00a0<\/strong><\/span><\/span><\/span><span style=\"color: #000000;\"><span style=\"font-family: Calibri,sans-serif;\"><span style=\"font-size: small;\"><strong>2018<\/strong><\/span><\/span><\/span><\/p>\n<\/li>\n<\/ul>\n<p><span style=\"color: #000000;\"><span style=\"font-family: Calibri,sans-serif;\"><span style=\"font-size: small;\"><strong>____________________________________________<\/strong><\/span><\/span><\/span><\/p>\n<h2 style=\"text-align: center;\"><span style=\"color: #ff5600;\"><span style=\"font-family: Calibri,sans-serif;\"><span style=\"font-size: small;\"><strong>PLAZAS LIMITADAS A 20 PERSONAS<\/strong><\/span><\/span><\/span><\/h2>","protected":false},"featured_media":1445,"template":"","meta":{"_et_pb_use_builder":"","_et_pb_old_content":"","_et_gb_content_width":""},"product_cat":[13],"product_tag":[],"_links":{"self":[{"href":"https:\/\/byomedicsystem.com\/en\/wp-json\/wp\/v2\/product\/1455"}],"collection":[{"href":"https:\/\/byomedicsystem.com\/en\/wp-json\/wp\/v2\/product"}],"about":[{"href":"https:\/\/byomedicsystem.com\/en\/wp-json\/wp\/v2\/types\/product"}],"wp:featuredmedia":[{"embeddable":true,"href":"https:\/\/byomedicsystem.com\/en\/wp-json\/wp\/v2\/media\/1445"}],"wp:attachment":[{"href":"https:\/\/byomedicsystem.com\/en\/wp-json\/wp\/v2\/media?parent=1455"}],"wp:term":[{"taxonomy":"product_cat","embeddable":true,"href":"https:\/\/byomedicsystem.com\/en\/wp-json\/wp\/v2\/product_cat?post=1455"},{"taxonomy":"product_tag","embeddable":true,"href":"https:\/\/byomedicsystem.com\/en\/wp-json\/wp\/v2\/product_tag?post=1455"}],"curies":[{"name":"wp","href":"https:\/\/api.w.org\/{rel}","templated":true}]}}