{"id":1436,"date":"2015-03-09T10:42:31","date_gmt":"2015-03-09T10:42:31","guid":{"rendered":"https:\/\/byomedicsystem.com\/producto\/tirante-musculador-muscle-belt-russian-belt-tirante-musculador-ruso\/"},"modified":"2024-02-21T12:25:02","modified_gmt":"2024-02-21T12:25:02","slug":"tirante-musculador-muscle-belt-russian-belt-tirante-musculador-ruso","status":"publish","type":"product","link":"https:\/\/byomedicsystem.com\/en\/tienda\/fitness\/material-funcional\/tirante-musculador-muscle-belt-russian-belt-tirante-musculador-ruso\/","title":{"rendered":"Byomedic Belt\u00ae"},"content":{"rendered":"","protected":false},"excerpt":{"rendered":"<div id=\"short_description_block\" class=\"clearBoth\">\n<div id=\"short_description_content\" class=\"rte align_justify\">\n<div id=\"short_description_block\" class=\"clearBoth\">\n<div id=\"short_description_content\" class=\"rte align_justify\">\n<div id=\"short_description_block\" class=\"clearBoth\">\n<div id=\"short_description_content\" class=\"rte align_justify\">\n<h3 style=\"text-align: center;\"><strong>SENCILLO, COMPACTO Y \u00daNICO<\/strong><\/h3>\n<p style=\"text-align: justify;\"><strong>Byomedic Bet\u00ae<\/strong> Est\u00e1 especialmente dise\u00f1ada para ejercitar y tonificar las extremidades inferiores (<strong><em>B\u00edceps Femoral, Cu\u00e1driceps e Isquiotibiales<\/em><\/strong>). Es hoy d\u00eda, gracias a la buena preparaci\u00f3n de los profesionales de la <strong>Preparaci\u00f3n F\u00edsica, Medicina Deportiva, Rehabilitaci\u00f3n <\/strong>y<strong> Fisioterapia<\/strong>, cuando m\u00e1s se han valorado los importantes beneficios que aporta a los deportistas en su entrenamiento diario.<\/p>\n<ul>\n<li><strong>PRECIO A CONSULTAR<\/strong><\/li>\n<\/ul>\n<\/div>\n<\/div>\n<\/div>\n<\/div>\n<\/div>\n<\/div>","protected":false},"featured_media":1430,"template":"","meta":{"_et_pb_use_builder":"","_et_pb_old_content":"","_et_gb_content_width":""},"product_cat":[141,16],"product_tag":[],"_links":{"self":[{"href":"https:\/\/byomedicsystem.com\/en\/wp-json\/wp\/v2\/product\/1436"}],"collection":[{"href":"https:\/\/byomedicsystem.com\/en\/wp-json\/wp\/v2\/product"}],"about":[{"href":"https:\/\/byomedicsystem.com\/en\/wp-json\/wp\/v2\/types\/product"}],"wp:featuredmedia":[{"embeddable":true,"href":"https:\/\/byomedicsystem.com\/en\/wp-json\/wp\/v2\/media\/1430"}],"wp:attachment":[{"href":"https:\/\/byomedicsystem.com\/en\/wp-json\/wp\/v2\/media?parent=1436"}],"wp:term":[{"taxonomy":"product_cat","embeddable":true,"href":"https:\/\/byomedicsystem.com\/en\/wp-json\/wp\/v2\/product_cat?post=1436"},{"taxonomy":"product_tag","embeddable":true,"href":"https:\/\/byomedicsystem.com\/en\/wp-json\/wp\/v2\/product_tag?post=1436"}],"curies":[{"name":"wp","href":"https:\/\/api.w.org\/{rel}","templated":true}]}}