{"id":1429,"date":"2015-03-09T10:27:57","date_gmt":"2015-03-09T10:27:57","guid":{"rendered":"https:\/\/byomedicsystem.com\/producto\/pack-basic-byomedic-belt\/"},"modified":"2024-02-21T12:28:36","modified_gmt":"2024-02-21T12:28:36","slug":"pack-basic-byomedic-belt","status":"publish","type":"product","link":"https:\/\/byomedicsystem.com\/en\/tienda\/fitness\/material-funcional\/pack-basic-byomedic-belt\/","title":{"rendered":"PACK BASIC BYOMEDIC BELT\u00ae"},"content":{"rendered":"<div id=\"idTab1\" class=\"rte\">\n<p style=\"text-align: justify;\"><span style=\"text-decoration: underline; color: #f5a623;\"><strong>VENTAJAS DE SU UTILIZACI\u00d3N:<\/strong><\/span><\/p>\n<ul style=\"text-align: justify;\">\n<li>Como es de contracci\u00f3n mayoritariamente exc\u00e9ntrica, se crea una mayor ganancia de fuerza y con poco riesgo.<\/li>\n<\/ul>\n<ul style=\"text-align: justify;\">\n<li>Existe una mayor incidencia sobre el tejido el\u00e1stico por lo que la hipertrofia muscular es longitudinal y no transversal (<strong>Exc\u00e9ntrica y no Conc\u00e9ntrica<\/strong>)<\/li>\n<\/ul>\n<ul style=\"text-align: justify;\">\n<li>Todos los usuarios de <span style=\"color: #f5a623;\"><strong>Byomedic Belt\u00ae<\/strong><\/span> han mejorado extraordinariamente su <strong><em>Rendimiento Deportivo<\/em> <\/strong>y su<strong> <em>Estado F\u00edsico<\/em><\/strong>.<\/li>\n<\/ul>\n<\/div>","protected":false},"excerpt":{"rendered":"<div id=\"short_description_block\" class=\"clearBoth\">\n<div id=\"short_description_content\" class=\"rte align_justify\">\n<div id=\"short_description_block\" class=\"clearBoth\">\n<div id=\"short_description_content\" class=\"rte align_justify\">\n<h3 style=\"text-align: center;\"><strong>PACK BASIC SPORT<\/strong><\/h3>\n<p style=\"text-align: justify;\"><span style=\"color: #f5a623;\"><strong>Byomedic Bet\u00ae<\/strong><\/span> es una herramienta de entrenamiento especialmente dise\u00f1ada para ejercitar y tonificar las extremidades inferiores (<strong><em>B\u00edceps Femoral, Cu\u00e1driceps e Isquiotibiales<\/em><\/strong>). Fueron los deportistas de la antigua Uni\u00f3n Sovi\u00e9tica quienes lo empezaron a utilizar, y es hoy d\u00eda, gracias a la buena preparaci\u00f3n de los profesionales de la <strong>Preparaci\u00f3n F\u00edsica, Medicina Deportiva, Rehabilitaci\u00f3n <\/strong>y<strong> Fisioterapia<\/strong>, cuando m\u00e1s se han valorado los importantes beneficios que aporta a los deportistas en su entrenamiento diario.<\/p>\n<p>INCLUYE BYOMEDIC BELT\u00ae\u00a0 + BARRA DE PARED<\/p>\n<ul>\n<li><strong>PRECIO A CONSULTAR<\/strong><\/li>\n<\/ul>\n<p>&nbsp;<\/p>\n<\/div>\n<\/div>\n<\/div>\n<\/div>","protected":false},"featured_media":1425,"template":"","meta":{"_et_pb_use_builder":"","_et_pb_old_content":"","_et_gb_content_width":""},"product_cat":[141,16],"product_tag":[],"_links":{"self":[{"href":"https:\/\/byomedicsystem.com\/en\/wp-json\/wp\/v2\/product\/1429"}],"collection":[{"href":"https:\/\/byomedicsystem.com\/en\/wp-json\/wp\/v2\/product"}],"about":[{"href":"https:\/\/byomedicsystem.com\/en\/wp-json\/wp\/v2\/types\/product"}],"wp:featuredmedia":[{"embeddable":true,"href":"https:\/\/byomedicsystem.com\/en\/wp-json\/wp\/v2\/media\/1425"}],"wp:attachment":[{"href":"https:\/\/byomedicsystem.com\/en\/wp-json\/wp\/v2\/media?parent=1429"}],"wp:term":[{"taxonomy":"product_cat","embeddable":true,"href":"https:\/\/byomedicsystem.com\/en\/wp-json\/wp\/v2\/product_cat?post=1429"},{"taxonomy":"product_tag","embeddable":true,"href":"https:\/\/byomedicsystem.com\/en\/wp-json\/wp\/v2\/product_tag?post=1429"}],"curies":[{"name":"wp","href":"https:\/\/api.w.org\/{rel}","templated":true}]}}