{"id":1372,"date":"2014-11-14T13:52:00","date_gmt":"2014-11-14T13:52:00","guid":{"rendered":"https:\/\/byomedicsystem.com\/producto\/lactate-scout-completo-4\/"},"modified":"2024-02-21T13:53:03","modified_gmt":"2024-02-21T13:53:03","slug":"lactate-scout-completo-4","status":"publish","type":"product","link":"https:\/\/byomedicsystem.com\/en\/tienda\/itech\/lactate-scout-completo-4\/","title":{"rendered":"LACTATE SCOUT SPORT SOLO"},"content":{"rendered":"<p><strong>Pack<\/strong> composed by:<\/p>\n<ul>\n<li>Analizador Lactate Scout Sport con Bluetooth<\/li>\n<li>Instruction manual<\/li>\n<li>2 CR2450 batteries<\/li>\n<\/ul>\n<p>&nbsp;<\/p>\n<p>&nbsp;<\/p>","protected":false},"excerpt":{"rendered":"<p>The new lactate analyser,\u00a0<b>Lactate Scout Sport Solo<\/b>\u00a0has been developed by EKF Diagnostics.<\/p>\n<p><img decoding=\"async\" title=\"Imagen del analizador de acido lactico Lactate Scout 4\" src=\"https:\/\/www.biolaster.com\/productos\/analisis-lactato\/Lactate-Scout-4\/lactate-scout-4.jpg\" alt=\"analisis acido lactico sangre rendimiento fisico\" align=\"right\" hspace=\"3\" \/>The analyzer\u00a0<b>Lactate Scout Sport Solo<\/b> es un nuevo analizador de lactato que obtiene resultados en tan s\u00f3lo 10 segundos. Al igual que su antecesor el Lactate Scout 4 + incluye una conexi\u00f3n Bluetooth. No obstante, este nuevo modelo, la conexi\u00f3n Bluetooth que incluye es\u00a0<u>Bluetooth Bluegiga 4.1<\/u>\u00a0(Bluetooth Smart - Low Energy) to be able to synchronize the data obtained wirelessly, significantly improving connectivity.<\/p>\n<ul>\n<li><strong>PRECIO A CONSULTAR<\/strong><\/li>\n<\/ul>\n<p>&nbsp;<\/p>\n<p>&nbsp;<\/p>","protected":false},"featured_media":235951,"template":"","meta":{"_et_pb_use_builder":"","_et_pb_old_content":"","_et_gb_content_width":""},"product_cat":[36],"product_tag":[],"_links":{"self":[{"href":"https:\/\/byomedicsystem.com\/en\/wp-json\/wp\/v2\/product\/1372"}],"collection":[{"href":"https:\/\/byomedicsystem.com\/en\/wp-json\/wp\/v2\/product"}],"about":[{"href":"https:\/\/byomedicsystem.com\/en\/wp-json\/wp\/v2\/types\/product"}],"wp:featuredmedia":[{"embeddable":true,"href":"https:\/\/byomedicsystem.com\/en\/wp-json\/wp\/v2\/media\/235951"}],"wp:attachment":[{"href":"https:\/\/byomedicsystem.com\/en\/wp-json\/wp\/v2\/media?parent=1372"}],"wp:term":[{"taxonomy":"product_cat","embeddable":true,"href":"https:\/\/byomedicsystem.com\/en\/wp-json\/wp\/v2\/product_cat?post=1372"},{"taxonomy":"product_tag","embeddable":true,"href":"https:\/\/byomedicsystem.com\/en\/wp-json\/wp\/v2\/product_tag?post=1372"}],"curies":[{"name":"wp","href":"https:\/\/api.w.org\/{rel}","templated":true}]}}