{"id":1350,"date":"2014-11-13T17:11:42","date_gmt":"2014-11-13T17:11:42","guid":{"rendered":"https:\/\/byomedicsystem.com\/producto\/powerbreathe-k3\/"},"modified":"2024-02-21T12:40:51","modified_gmt":"2024-02-21T12:40:51","slug":"powerbreathe-k3","status":"publish","type":"product","link":"https:\/\/byomedicsystem.com\/en\/tienda\/itech\/powerbreathe-k3\/","title":{"rendered":"POWERBREATHE KINETIC K3"},"content":{"rendered":"<p><span style=\"text-decoration: underline;\"><strong>ADDITIONAL CHARACTERISTICS:<\/strong><\/span><\/p>\n<ul>\n<li>Potencia del \u00faltimo per\u00edodo de sesi\u00f3n (Watts)<\/li>\n<li>Mejora de la fuerza muscular inspiratoria (%)<\/li>\n<li>Potencia de per\u00edodo de sesi\u00f3n anterior (Watts)<\/li>\n<li>Historia de la energ\u00eda gr\u00e1ficamente (\u00faltimas 38 sesiones)<\/li>\n<li>\u00daltima sesi\u00f3n de trabajo (Julios)<\/li>\n<li>Mejora el trabajo muscular inspiratorio (%)<\/li>\n<li>Trabajos de la sesi\u00f3n anterior (Julios)<\/li>\n<li>Historia del trabajo gr\u00e1ficamente (\u00faltimas 38 sesiones)<\/li>\n<li>C\u00f3digo de Producto PBK3<\/li>\n<li>SRP<\/li>\n<\/ul>\n<p><strong>\u00a0<\/strong><\/p>","protected":false},"excerpt":{"rendered":"<p style=\"text-align: justify;\">The <strong>POWERbreathe Kinetic K3<\/strong> es un avanzado sistema electr\u00f3nico de entrenamiento de los m\u00fasculos. Es la gama m\u00e1s alta de la serie de no descargablesde y utiliza el mismo auto-optimizaci\u00f3n de la tecnolog\u00eda IMT como los modelos K1 y K2, pero con la informaci\u00f3n que se muestra adicional.<\/p>\n<p style=\"text-align: justify;\">Ideal para personas que requieren un amplio programa de capacitaci\u00f3n para respirar, con cuatro modos de respiraci\u00f3n (opciones de entrenamiento) para usuarios que desean visualizar su perfeccionamiento, en todas las sesiones de formaci\u00f3n, tanto actuales como anteriores.<\/p>\n<ul>\n<li><strong>PRECIO A CONSULTAR<\/strong><\/li>\n<\/ul>\n<p style=\"text-align: justify;\">","protected":false},"featured_media":235926,"template":"","meta":{"_et_pb_use_builder":"","_et_pb_old_content":"","_et_gb_content_width":""},"product_cat":[36],"product_tag":[],"_links":{"self":[{"href":"https:\/\/byomedicsystem.com\/en\/wp-json\/wp\/v2\/product\/1350"}],"collection":[{"href":"https:\/\/byomedicsystem.com\/en\/wp-json\/wp\/v2\/product"}],"about":[{"href":"https:\/\/byomedicsystem.com\/en\/wp-json\/wp\/v2\/types\/product"}],"wp:featuredmedia":[{"embeddable":true,"href":"https:\/\/byomedicsystem.com\/en\/wp-json\/wp\/v2\/media\/235926"}],"wp:attachment":[{"href":"https:\/\/byomedicsystem.com\/en\/wp-json\/wp\/v2\/media?parent=1350"}],"wp:term":[{"taxonomy":"product_cat","embeddable":true,"href":"https:\/\/byomedicsystem.com\/en\/wp-json\/wp\/v2\/product_cat?post=1350"},{"taxonomy":"product_tag","embeddable":true,"href":"https:\/\/byomedicsystem.com\/en\/wp-json\/wp\/v2\/product_tag?post=1350"}],"curies":[{"name":"wp","href":"https:\/\/api.w.org\/{rel}","templated":true}]}}