{"id":1341,"date":"2014-11-13T16:59:01","date_gmt":"2014-11-13T16:59:01","guid":{"rendered":"https:\/\/byomedicsystem.com\/producto\/powerbreathe-kinetic-k4\/"},"modified":"2024-02-21T12:41:33","modified_gmt":"2024-02-21T12:41:33","slug":"powerbreathe-kinetic-k4","status":"publish","type":"product","link":"https:\/\/byomedicsystem.com\/en\/tienda\/itech\/powerbreathe-kinetic-k4\/","title":{"rendered":"POWERBREATHE KINETIC K4"},"content":{"rendered":"","protected":false},"excerpt":{"rendered":"<div style=\"text-align: justify;\"><\/div>\n<div style=\"text-align: justify;\">The <strong>POWERbreathe Kinetic K4<\/strong>\u00a0es un avanzado sistema electr\u00f3nico de entrenamiento de los m\u00fasculos. Es la gama m\u00e1s alta de la serie de no descargablesde y utiliza el mismo auto-optimizaci\u00f3n de la tecnolog\u00eda IMT como los modelos K1 y K2, pero con la informaci\u00f3n que se muestra adicional.<br \/>\nIdeal para personas que requieren un amplio programa de capacitaci\u00f3n para respirar, con cuatro modos de respiraci\u00f3n (opciones de entrenamiento) para usuarios que desean visualizar su perfeccionamiento, en todas las sesiones de formaci\u00f3n, tanto actuales como anteriores.<\/div>\n<div style=\"text-align: justify;\"><\/div>\n<div>\n<ul>\n<li><strong>PRECIO A CONSULTAR<\/strong><\/li>\n<\/ul>\n<\/div>\n<div style=\"text-align: justify;\"><\/div>\n<div style=\"text-align: justify;\"><\/div>","protected":false},"featured_media":235927,"template":"","meta":{"_et_pb_use_builder":"","_et_pb_old_content":"","_et_gb_content_width":""},"product_cat":[36],"product_tag":[],"_links":{"self":[{"href":"https:\/\/byomedicsystem.com\/en\/wp-json\/wp\/v2\/product\/1341"}],"collection":[{"href":"https:\/\/byomedicsystem.com\/en\/wp-json\/wp\/v2\/product"}],"about":[{"href":"https:\/\/byomedicsystem.com\/en\/wp-json\/wp\/v2\/types\/product"}],"wp:featuredmedia":[{"embeddable":true,"href":"https:\/\/byomedicsystem.com\/en\/wp-json\/wp\/v2\/media\/235927"}],"wp:attachment":[{"href":"https:\/\/byomedicsystem.com\/en\/wp-json\/wp\/v2\/media?parent=1341"}],"wp:term":[{"taxonomy":"product_cat","embeddable":true,"href":"https:\/\/byomedicsystem.com\/en\/wp-json\/wp\/v2\/product_cat?post=1341"},{"taxonomy":"product_tag","embeddable":true,"href":"https:\/\/byomedicsystem.com\/en\/wp-json\/wp\/v2\/product_tag?post=1341"}],"curies":[{"name":"wp","href":"https:\/\/api.w.org\/{rel}","templated":true}]}}