{"id":1310,"date":"2014-11-11T17:37:30","date_gmt":"2014-11-11T17:37:30","guid":{"rendered":"https:\/\/byomedicsystem.com\/producto\/powerbreathe-ironman-girl-pink\/"},"modified":"2024-02-21T12:45:34","modified_gmt":"2024-02-21T12:45:34","slug":"powerbreathe-ironman-girl-pink","status":"publish","type":"product","link":"https:\/\/byomedicsystem.com\/en\/tienda\/itech\/powerbreathe-ironman-girl-pink\/","title":{"rendered":"POWERBREATHE SERIE PINK EDITION"},"content":{"rendered":"<p><img loading=\"lazy\" decoding=\"async\" class=\"size-full wp-image-1307\" src=\"https:\/\/byomedicsystem.com\/wp-content\/uploads\/2014\/11\/GraficoPlusCompet.jpg\" alt=\"\" width=\"204\" height=\"121\" \/>\u00a0\u00a0<img loading=\"lazy\" decoding=\"async\" class=\"size-full wp-image-1308\" src=\"https:\/\/byomedicsystem.com\/wp-content\/uploads\/2014\/11\/GraficoPlusDepor.jpg\" alt=\"\" width=\"220\" height=\"120\" \/>\u00a0<img loading=\"lazy\" decoding=\"async\" class=\"size-full wp-image-1309\" src=\"https:\/\/byomedicsystem.com\/wp-content\/uploads\/2014\/11\/GraficoPlusSalud.jpg\" alt=\"\" width=\"231\" height=\"118\" \/><\/p>\n<p><em><strong>\u00a0 \u00a0 \u00a0 Powerbreathe Heavy Resistance \u00a0 \u00a0 \u00a0 \u00a0 Powerbreathe Medium Resistance \u00a0 \u00a0 \u00a0 Powerbreathe Low Resistance<\/strong><\/em><\/p>\n<div id=\"idTab1\" class=\"rte\">\n<div id=\"more_info_sheets\" class=\"sheets align_justify\">\n<div id=\"idTab1\" class=\"rte\">\n<p style=\"text-align: justify;\">La resistencia f\u00e1cilmente regulable y visible de este modelo de POWERbreathe presenta 11 niveles diferenciados que van desde 17 cm2 de H2O como valor m\u00ednimo hasta 98 cm2 de H2O como valor m\u00e1ximo; con el fin de afinar en la progresi\u00f3n de la resistencia, el aumento entre un nivel y otro no hay por qu\u00e9 realizarlo de una vez sino que admite varios pasos, con lo que en la pr\u00e1ctica presenta m\u00faltiples niveles de resistencia elegibles. Suponen los niveles m\u00e1s livianos de resistencia dentro de los POWERbreathe.<\/p>\n<p>&nbsp;<\/p>\n<\/div>\n<\/div>\n<\/div>","protected":false},"excerpt":{"rendered":"<p>Fruto de un acuerdo de colaboraci\u00f3n entre POWERbreathe y Ironman el organizador de los WTC a nivel mundial, surgi\u00f3 esta nueva <strong>Serie Pink Edition<\/strong> que adoptando las caracter\u00edsticas de la serie Plus (en cuanto a ergonom\u00eda, est\u00e9tica, filtros,&#8230;) presenta una est\u00e9tica diferenciada. Todos los modelos de esta serie son de color gris oscuro.<\/p>\n<ul>\n<li><strong>PRECIO A CONSULTAR<\/strong><\/li>\n<\/ul>","protected":false},"featured_media":235932,"template":"","meta":{"_et_pb_use_builder":"","_et_pb_old_content":"","_et_gb_content_width":""},"product_cat":[36],"product_tag":[],"_links":{"self":[{"href":"https:\/\/byomedicsystem.com\/en\/wp-json\/wp\/v2\/product\/1310"}],"collection":[{"href":"https:\/\/byomedicsystem.com\/en\/wp-json\/wp\/v2\/product"}],"about":[{"href":"https:\/\/byomedicsystem.com\/en\/wp-json\/wp\/v2\/types\/product"}],"wp:featuredmedia":[{"embeddable":true,"href":"https:\/\/byomedicsystem.com\/en\/wp-json\/wp\/v2\/media\/235932"}],"wp:attachment":[{"href":"https:\/\/byomedicsystem.com\/en\/wp-json\/wp\/v2\/media?parent=1310"}],"wp:term":[{"taxonomy":"product_cat","embeddable":true,"href":"https:\/\/byomedicsystem.com\/en\/wp-json\/wp\/v2\/product_cat?post=1310"},{"taxonomy":"product_tag","embeddable":true,"href":"https:\/\/byomedicsystem.com\/en\/wp-json\/wp\/v2\/product_tag?post=1310"}],"curies":[{"name":"wp","href":"https:\/\/api.w.org\/{rel}","templated":true}]}}