{"id":1300,"date":"2014-11-11T16:50:53","date_gmt":"2014-11-11T16:50:53","guid":{"rendered":"https:\/\/byomedicsystem.com\/producto\/powerbreathe-plus-competicion\/"},"modified":"2024-02-21T12:46:20","modified_gmt":"2024-02-21T12:46:20","slug":"powerbreathe-plus-competicion","status":"publish","type":"product","link":"https:\/\/byomedicsystem.com\/en\/tienda\/itech\/powerbreathe-plus-competicion\/","title":{"rendered":"POWERBREATHE PLUS COMPETICI\u00d3N"},"content":{"rendered":"<div id=\"more_info_sheets\" class=\"sheets align_justify\">\n<div id=\"idTab1\" class=\"rte\">\n<p><img loading=\"lazy\" decoding=\"async\" class=\"size-full wp-image-1299\" style=\"margin-left: auto; margin-right: auto;\" src=\"https:\/\/byomedicsystem.com\/wp-content\/uploads\/2014\/11\/GraficoPlusCompet.jpg\" alt=\"\" width=\"291\" height=\"172\" \/><\/p>\n<p style=\"text-align: justify;\">La resistencia f\u00e1cilmente regulable y visible de este modelo de POWERbreathe presenta 11 niveles diferenciados que van desde 17 cm2 de H2O como valor m\u00ednimo hasta 98 cm2 de H2O como valor m\u00e1ximo; con el fin de afinar en la progresi\u00f3n de la resistencia, el aumento entre un nivel y otro no hay por qu\u00e9 realizarlo de una vez sino que admite varios pasos, con lo que en la pr\u00e1ctica presenta m\u00faltiples niveles de resistencia elegibles. Suponen los niveles m\u00e1s livianos de resistencia dentro de los POWERbreathe y se identifica por el color rojo.<\/p>\n<p>&nbsp;<\/p>\n<\/div>\n<\/div>","protected":false},"excerpt":{"rendered":"<p style=\"text-align: justify;\">The <strong>POWERbreathe Plus Competicion<\/strong> es el modelo evolucionado de POWERbreathe destinado a deportistas de competici\u00f3n que a trav\u00e9s del entrenamiento de la musculatura inspiratoria mejoran la fuerza y resistencia de dicha musculatura, disminuyendo la fatiga y mejorando el rendimiento f\u00edsico, como se ha demostrado en diferentes estudios de investigaci\u00f3n publicados.<\/p>\n<ul>\n<li><strong>PRECIO A CONSULTAR<\/strong><\/li>\n<\/ul>\n<p>&nbsp;<\/p>","protected":false},"featured_media":235936,"template":"","meta":{"_et_pb_use_builder":"","_et_pb_old_content":"","_et_gb_content_width":""},"product_cat":[36],"product_tag":[],"_links":{"self":[{"href":"https:\/\/byomedicsystem.com\/en\/wp-json\/wp\/v2\/product\/1300"}],"collection":[{"href":"https:\/\/byomedicsystem.com\/en\/wp-json\/wp\/v2\/product"}],"about":[{"href":"https:\/\/byomedicsystem.com\/en\/wp-json\/wp\/v2\/types\/product"}],"wp:featuredmedia":[{"embeddable":true,"href":"https:\/\/byomedicsystem.com\/en\/wp-json\/wp\/v2\/media\/235936"}],"wp:attachment":[{"href":"https:\/\/byomedicsystem.com\/en\/wp-json\/wp\/v2\/media?parent=1300"}],"wp:term":[{"taxonomy":"product_cat","embeddable":true,"href":"https:\/\/byomedicsystem.com\/en\/wp-json\/wp\/v2\/product_cat?post=1300"},{"taxonomy":"product_tag","embeddable":true,"href":"https:\/\/byomedicsystem.com\/en\/wp-json\/wp\/v2\/product_tag?post=1300"}],"curies":[{"name":"wp","href":"https:\/\/api.w.org\/{rel}","templated":true}]}}