{"id":1293,"date":"2014-11-11T13:50:54","date_gmt":"2014-11-11T13:50:54","guid":{"rendered":"https:\/\/byomedicsystem.com\/producto\/powerbreathe-plus-deporte\/"},"modified":"2024-02-21T12:47:02","modified_gmt":"2024-02-21T12:47:02","slug":"powerbreathe-plus-deporte","status":"publish","type":"product","link":"https:\/\/byomedicsystem.com\/en\/tienda\/itech\/powerbreathe-plus-deporte\/","title":{"rendered":"POWERBREATHE PLUS DEPORTE"},"content":{"rendered":"<p><img loading=\"lazy\" decoding=\"async\" class=\"size-full wp-image-1292\" style=\"margin-left: auto; margin-right: auto;\" src=\"https:\/\/byomedicsystem.com\/wp-content\/uploads\/2014\/11\/GraficoPlusDepor.jpg\" alt=\"\" width=\"290\" height=\"157\" \/><\/p>\n<p style=\"text-align: justify;\">La resistencia f\u00e1cilmente regulable y visible de este modelo de POWERbreathe presenta 11 niveles diferenciados que van desde 17 cm2 de H2O como valor m\u00ednimo hasta 98 cm2 de H2O como valor m\u00e1ximo; con el fin de afinar en la progresi\u00f3n de la resistencia, el aumento entre un nivel y otro no hay por qu\u00e9 realizarlo de una vez sino que admite varios pasos, con lo que en la pr\u00e1ctica presenta m\u00faltiples niveles de resistencia elegibles. Suponen los niveles m\u00e1s livianos de resistencia dentro de los POWERbreathe y se identifica por el color azul.<\/p>\n<p>&nbsp;<\/p>","protected":false},"excerpt":{"rendered":"<p>The<strong> POWERbreathe Plus Deporte<\/strong> es el modelo evolucionado de POWERbreathe destinado a deportistas de fitness y recreaci\u00f3n que a trav\u00e9s del entrenamiento de la musculatura inspiratoria mejoran la fuerza y resistencia de dicha musculatura, mejorando la salud y bienestar adem\u00e1s de disminuir el cansancio y mejorar el rendimiento f\u00edsico.<\/p>\n<ul>\n<li><strong>PRECIO A CONSULTAR<\/strong><\/li>\n<\/ul>\n<p>&nbsp;<\/p>","protected":false},"featured_media":235937,"template":"","meta":{"_et_pb_use_builder":"","_et_pb_old_content":"","_et_gb_content_width":""},"product_cat":[36],"product_tag":[],"_links":{"self":[{"href":"https:\/\/byomedicsystem.com\/en\/wp-json\/wp\/v2\/product\/1293"}],"collection":[{"href":"https:\/\/byomedicsystem.com\/en\/wp-json\/wp\/v2\/product"}],"about":[{"href":"https:\/\/byomedicsystem.com\/en\/wp-json\/wp\/v2\/types\/product"}],"wp:featuredmedia":[{"embeddable":true,"href":"https:\/\/byomedicsystem.com\/en\/wp-json\/wp\/v2\/media\/235937"}],"wp:attachment":[{"href":"https:\/\/byomedicsystem.com\/en\/wp-json\/wp\/v2\/media?parent=1293"}],"wp:term":[{"taxonomy":"product_cat","embeddable":true,"href":"https:\/\/byomedicsystem.com\/en\/wp-json\/wp\/v2\/product_cat?post=1293"},{"taxonomy":"product_tag","embeddable":true,"href":"https:\/\/byomedicsystem.com\/en\/wp-json\/wp\/v2\/product_tag?post=1293"}],"curies":[{"name":"wp","href":"https:\/\/api.w.org\/{rel}","templated":true}]}}