{"id":1288,"date":"2014-11-11T13:37:34","date_gmt":"2014-11-11T13:37:34","guid":{"rendered":"https:\/\/byomedicsystem.com\/producto\/powerbreathe-salud\/"},"modified":"2024-02-21T12:48:34","modified_gmt":"2024-02-21T12:48:34","slug":"powerbreathe-salud","status":"publish","type":"product","link":"https:\/\/byomedicsystem.com\/en\/tienda\/itech\/powerbreathe-salud\/","title":{"rendered":"POWERBREATHE SALUD"},"content":{"rendered":"<p style=\"text-align: justify;\"><img loading=\"lazy\" decoding=\"async\" class=\"size-full wp-image-1287\" style=\"margin-left: auto; margin-right: auto;\" src=\"https:\/\/byomedicsystem.com\/wp-content\/uploads\/2014\/11\/GraficoPlusSalud.jpg\" alt=\"\" width=\"289\" height=\"146\" \/><\/p>\n<p style=\"text-align: justify;\">La resistencia f\u00e1cilmente regulable y visible de este modelo de POWERbreathe presenta 11 niveles diferenciados que van desde 17 cm2 de H2O como valor m\u00ednimo hasta 98 cm2 de H2O como valor m\u00e1ximo; con el fin de afinar en la progresi\u00f3n de la resistencia, el aumento entre un nivel y otro no hay por qu\u00e9 realizarlo de una vez sino que admite varios pasos, con lo que en la pr\u00e1ctica presenta m\u00faltiples niveles de resistencia elegibles. Suponen los niveles m\u00e1s livianos de resistencia dentro de los POWERbreathe y se identifica por el color verde.<\/p>\n<p>&nbsp;<\/p>","protected":false},"excerpt":{"rendered":"<p style=\"text-align: justify;\">The <strong>POWERbreathe Plus Salud<\/strong> es el modelo evolucionado de POWERbreathe destinado a personas sedentarias e incluso enfermos respiratorios que a trav\u00e9s del entrenamiento de la musculatura inspiratoria mejoran la fuerza y resistencia de dicha musculatura, disminuyendo la fatiga y mejorando significativamente la salud y el rendimiento f\u00edsico, como se ha demostrado en diferentes estudios de investigaci\u00f3n publicados.<\/p>\n<ul>\n<li><strong>PRECIO A CONSULTAR<\/strong><\/li>\n<\/ul>\n<p>&nbsp;<\/p>","protected":false},"featured_media":235938,"template":"","meta":{"_et_pb_use_builder":"","_et_pb_old_content":"","_et_gb_content_width":""},"product_cat":[36],"product_tag":[],"_links":{"self":[{"href":"https:\/\/byomedicsystem.com\/en\/wp-json\/wp\/v2\/product\/1288"}],"collection":[{"href":"https:\/\/byomedicsystem.com\/en\/wp-json\/wp\/v2\/product"}],"about":[{"href":"https:\/\/byomedicsystem.com\/en\/wp-json\/wp\/v2\/types\/product"}],"wp:featuredmedia":[{"embeddable":true,"href":"https:\/\/byomedicsystem.com\/en\/wp-json\/wp\/v2\/media\/235938"}],"wp:attachment":[{"href":"https:\/\/byomedicsystem.com\/en\/wp-json\/wp\/v2\/media?parent=1288"}],"wp:term":[{"taxonomy":"product_cat","embeddable":true,"href":"https:\/\/byomedicsystem.com\/en\/wp-json\/wp\/v2\/product_cat?post=1288"},{"taxonomy":"product_tag","embeddable":true,"href":"https:\/\/byomedicsystem.com\/en\/wp-json\/wp\/v2\/product_tag?post=1288"}],"curies":[{"name":"wp","href":"https:\/\/api.w.org\/{rel}","templated":true}]}}