{"id":1282,"date":"2014-11-10T17:52:00","date_gmt":"2014-11-10T17:52:00","guid":{"rendered":"https:\/\/byomedicsystem.com\/producto\/aerosling-elite-set-basic\/"},"modified":"2024-02-21T12:48:00","modified_gmt":"2024-02-21T12:48:00","slug":"aerosling-elite-set-basic","status":"publish","type":"product","link":"https:\/\/byomedicsystem.com\/en\/tienda\/fitness\/aerosling-elite-set-basic\/","title":{"rendered":"AEROSLING ELITE SET BASIC"},"content":{"rendered":"","protected":false},"excerpt":{"rendered":"<div id=\"short_description_block\" class=\"clearBoth\">\n<div id=\"short_description_content\" class=\"rte align_justify\">\n<p>Aqu\u00ed les presentamos el <strong>AEROSLING ELITE SET BASIC<\/strong>, un equipo preparado y reforzado con una polea para los entrenamientos, tanto en casa como en centros de preparaci\u00f3n f\u00edsica. aeroSling Elite nos proporciona inestabilidad y con esto, podemos mejorar la resistencia de los m\u00fasculos de nuestro cuerpo trabajando la fuerza exc\u00e9ntrica y conc\u00e9ntrica.<\/p>\n<p>&nbsp;<\/p>\n<p>El entrenamiento con el <strong>AeroSling Elite Set Basic<\/strong>\u00a0est\u00e1 basado en la utilizaci\u00f3n del propio peso del cuerpo como resistencia, que resulta la forma m\u00e1s efectiva y natural de entrenarse. Gracias a su capacidad de ajuste, el <strong>AeroSling Elite Set Basic<\/strong>\u00a0se adapta a la necesidad del usuario.<\/p>\n<ul>\n<li><strong>PRECIO A CONSULTAR<\/strong><\/li>\n<\/ul>\n<p>___________________________________________________________<\/p>\n<p>&nbsp;<\/p>\n<p><img loading=\"lazy\" decoding=\"async\" class=\"size-full wp-image-1281\" src=\"https:\/\/byomedicsystem.com\/wp-content\/uploads\/2014\/11\/16887817-bandera-de-alemania-smartphone-botones-de-aplicacion-cuadrados.jpg\" alt=\"\" width=\"82\" height=\"82\" srcset=\"https:\/\/byomedicsystem.com\/wp-content\/uploads\/2014\/11\/16887817-bandera-de-alemania-smartphone-botones-de-aplicacion-cuadrados.jpg 168w, https:\/\/byomedicsystem.com\/wp-content\/uploads\/2014\/11\/16887817-bandera-de-alemania-smartphone-botones-de-aplicacion-cuadrados-150x150.jpg 150w, https:\/\/byomedicsystem.com\/wp-content\/uploads\/2014\/11\/16887817-bandera-de-alemania-smartphone-botones-de-aplicacion-cuadrados-100x100.jpg 100w\" sizes=\"(max-width: 82px) 100vw, 82px\" \/><\/p>\n<p><strong>Made in Germany<\/strong><\/p>\n<\/div>\n<\/div>","protected":false},"featured_media":1276,"template":"","meta":{"_et_pb_use_builder":"","_et_pb_old_content":"","_et_gb_content_width":""},"product_cat":[141,16,41],"product_tag":[],"_links":{"self":[{"href":"https:\/\/byomedicsystem.com\/en\/wp-json\/wp\/v2\/product\/1282"}],"collection":[{"href":"https:\/\/byomedicsystem.com\/en\/wp-json\/wp\/v2\/product"}],"about":[{"href":"https:\/\/byomedicsystem.com\/en\/wp-json\/wp\/v2\/types\/product"}],"wp:featuredmedia":[{"embeddable":true,"href":"https:\/\/byomedicsystem.com\/en\/wp-json\/wp\/v2\/media\/1276"}],"wp:attachment":[{"href":"https:\/\/byomedicsystem.com\/en\/wp-json\/wp\/v2\/media?parent=1282"}],"wp:term":[{"taxonomy":"product_cat","embeddable":true,"href":"https:\/\/byomedicsystem.com\/en\/wp-json\/wp\/v2\/product_cat?post=1282"},{"taxonomy":"product_tag","embeddable":true,"href":"https:\/\/byomedicsystem.com\/en\/wp-json\/wp\/v2\/product_tag?post=1282"}],"curies":[{"name":"wp","href":"https:\/\/api.w.org\/{rel}","templated":true}]}}