{"id":1230,"date":"2014-11-06T20:09:58","date_gmt":"2014-11-06T20:09:58","guid":{"rendered":"https:\/\/byomedicsystem.com\/producto\/nuevas-tendencias-en-fuerza-y-musculacion\/"},"modified":"2024-02-21T12:51:14","modified_gmt":"2024-02-21T12:51:14","slug":"nuevas-tendencias-en-fuerza-y-musculacion","status":"publish","type":"product","link":"https:\/\/byomedicsystem.com\/en\/tienda\/formacion\/nuevas-tendencias-en-fuerza-y-musculacion\/","title":{"rendered":"Nuevas tendencias en fuerza y musculaci\u00f3n"},"content":{"rendered":"<p style=\"margin-bottom: 0cm;\"><span style=\"color: #000000; text-decoration: underline;\"><span style=\"font-family: Arial, sans-serif;\"><span style=\"font-size: small;\"><strong>CONTENIDOS<\/strong><\/span><\/span><\/span><\/p>\n<ul>\n<li>\n<div style=\"margin-bottom: 0cm;\"><span style=\"color: #000000;\">\u00bf<span style=\"font-size: small;\"><span style=\"font-family: Arial, sans-serif;\">Qu\u00e9 es la fuerza?.<\/span><\/span><\/span><\/div>\n<\/li>\n<li>\n<div style=\"margin-bottom: 0cm;\" align=\"justify\"><span style=\"font-size: small;\"><span style=\"color: #000000;\"><span style=\"font-family: Arial, sans-serif;\">Introducci\u00f3n y justificaci\u00f3n a la propuesta.<\/span><\/span><\/span><\/div>\n<\/li>\n<li>\n<div style=\"margin-bottom: 0cm;\" align=\"justify\"><span style=\"font-size: small;\"><span style=\"color: #000000;\"><span style=\"font-family: Arial, sans-serif;\">Metodolog\u00eda del entrenamiento de fuerza.<\/span><\/span><\/span><\/div>\n<\/li>\n<li>\n<div style=\"margin-bottom: 0cm;\" align=\"justify\"><span style=\"font-size: small;\"><span style=\"color: #000000;\"><span style=\"font-family: Arial, sans-serif;\">Equipamiento para el entrenamiento de la fuerza.<\/span><\/span><\/span><\/div>\n<\/li>\n<li>\n<div style=\"margin-bottom: 0cm;\" align=\"justify\"><span style=\"font-size: small;\"><span style=\"color: #000000;\"><span style=\"font-family: Arial, sans-serif;\">M\u00e9todos y sistemas de entrenamiento provenientes de los sistemas de fuerza: halterofilia, powerlifting, m\u00e9todo b\u00falgaro, m\u00e9todo ruso, de Zatsiorsky, m\u00e9todos piramidales. <\/span><\/span><\/span><\/div>\n<\/li>\n<li>\n<div style=\"margin-bottom: 0cm;\" align=\"justify\"><span style=\"font-size: small;\"><span style=\"color: #000000;\"><span style=\"font-family: Arial, sans-serif;\">M\u00e9todos y sistemas de entrenamiento provenientes del culturismo y la musculaci\u00f3n: principios b\u00e1sicos sistema, Weider, entrenamiento de palpaci\u00f3n sistem\u00e1tica, power stretch.<\/span><\/span><\/span><\/div>\n<\/li>\n<li>\n<div style=\"margin-bottom: 0cm;\" align=\"justify\"><span style=\"font-size: small;\"><span style=\"color: #000000;\"><span style=\"font-family: Arial, sans-serif;\">M\u00e9todos y sistemas de entrenamiento provenientes de la rehabilitaci\u00f3n y fisioterapia: electroestimulaci\u00f3n, Delorme, DAPRE, IAPRE, isom\u00e9trico, MARES, cadenas cin\u00e9ticas, estimulaci\u00f3n vibratoria.<\/span><\/span><\/span><\/div>\n<\/li>\n<li>\n<div style=\"margin-bottom: 0cm;\" align=\"justify\"><span style=\"font-size: small;\"><span style=\"color: #000000;\"><span style=\"font-family: Arial, sans-serif;\">M\u00e9todos y sistemas de entrenamiento provenientes del entrenamiento deportivo: pliometr\u00eda. circuit-training, general-dirigido-espec\u00edfico.<\/span><\/span><\/span><\/div>\n<\/li>\n<li>\n<div style=\"margin-bottom: 0cm;\" align=\"justify\"><span style=\"font-size: small;\"><span style=\"color: #000000;\"><span style=\"font-family: Arial, sans-serif;\">Control y periodizaci\u00f3n del entrenamiento de la fuerza: la RM, car\u00e1cter del esfuerzo, control de intensidad mediante la m\u00ednima velocidad y\/o potencia aceptada, modelos de periodizaci\u00f3n, aplicaciones pr\u00e1cticas.<\/span><\/span><\/span><\/div>\n<\/li>\n<li>\n<div style=\"margin-bottom: 0cm;\" align=\"justify\"><span style=\"font-size: small;\"><span style=\"color: #000000;\"><span style=\"font-family: Arial, sans-serif;\">Valoraci\u00f3n: \u00bfpor qu\u00e9 controlar la velocidad de contracci\u00f3n del m\u00fasculo?. Test con cargas. Test de saltos. <\/span><\/span><\/span><\/div>\n<\/li>\n<li>\n<div style=\"margin-bottom: 0cm;\" align=\"justify\"><span style=\"font-size: small;\"><span style=\"color: #000000;\"><span style=\"font-family: Arial, sans-serif;\">Bibliograf\u00eda comentada.<\/span><\/span><\/span><\/div>\n<\/li>\n<li>\n<div style=\"margin-bottom: 0cm;\" align=\"justify\"><span style=\"font-size: small;\"><span style=\"color: #000000;\"><span style=\"font-family: Arial, sans-serif;\">La fuerza en Internet.<\/span><\/span><\/span><\/div>\n<\/li>\n<li>\n<div style=\"margin-bottom: 0cm;\" align=\"justify\"><span style=\"font-size: small;\"><span style=\"color: #000000;\"><span style=\"font-family: Arial, sans-serif;\">D\u00f3nde encontrar informaci\u00f3n sobre el entrenamiento de la fuerza.<\/span><\/span><\/span><\/div>\n<\/li>\n<li>\n<div style=\"margin-bottom: .1cm;\" align=\"justify\"><span style=\"font-size: small;\"><span style=\"color: #000000;\"><span style=\"font-family: Arial, sans-serif;\">Glosario.<\/span><\/span><\/span><\/div>\n<\/li>\n<\/ul>\n<p style=\"margin-bottom: 0cm;\"><span style=\"text-decoration: underline; background-color: #ffffff;\"><span style=\"font-family: Arial, sans-serif;\"><span style=\"font-size: small;\"><strong>CARACTER\u00cdSTICAS T\u00c9CNICAS<\/strong><\/span><\/span><\/span><\/p>\n<p style=\"margin-bottom: 0cm;\"><span style=\"font-size: small;\"><span style=\"font-family: Arial, sans-serif;\">Autor y editor: <\/span><span style=\"color: #0000ff;\"><span style=\"font-family: Arial, sans-serif;\"><em><strong>Julio Tous Fajardo<\/strong><\/em><\/span><\/span><\/span><\/p>\n<p style=\"margin-bottom: 0cm;\"><span style=\"font-family: Arial, sans-serif;\"><span style=\"font-size: small;\">Formato: 210 x 280 mm<\/span><\/span><\/p>\n<p style=\"margin-bottom: 0cm;\"><span style=\"font-size: small;\"><span style=\"font-family: Arial, sans-serif;\">P\u00e1ginas: 224<\/span><\/span><\/p>\n<p style=\"margin-bottom: 0cm;\"><span style=\"text-decoration: underline;\"><strong><span style=\"font-size: small;\"><span style=\"font-family: Arial, sans-serif;\">Acerca del autor:<\/span><\/span><\/strong><\/span><\/p>\n<p style=\"margin-bottom: 0cm;\"><span style=\"color: #0000ff;\"><span style=\"font-family: Arial, sans-serif;\"><span style=\"font-size: small;\"><em><strong>Julio Tous Fajardo <\/strong><\/em><\/span><\/span><\/span><\/p>\n<ul>\n<li>\n<div style=\"margin-bottom: 0cm;\" align=\"justify\"><span style=\"font-family: Arial, sans-serif;\"><span style=\"font-size: small;\">Doctor en Ciencias de la Educaci\u00f3n F\u00edsica (Universidad de Barcelona)<\/span><\/span><\/div>\n<\/li>\n<li>\n<div style=\"margin-bottom: 0cm;\" align=\"justify\"><span style=\"font-family: Arial, sans-serif;\"><span style=\"font-size: small;\">M\u00e1ster en Alto Rendimiento Deportivo por el Comit\u00e9 Ol\u00edmpico Espa\u00f1ol y la Universidad Aut\u00f3noma de Madrid (Rama Biom\u00e9dica).<\/span><\/span><\/div>\n<\/li>\n<li>\n<div style=\"margin-bottom: 0cm;\" align=\"justify\"><span style=\"font-family: Arial, sans-serif;\"><span style=\"font-size: small;\">Entrenador Nacional de Fisicoculturismo y Musculaci\u00f3n.<\/span><\/span><\/div>\n<\/li>\n<li>\n<div style=\"margin-bottom: 0cm;\" align=\"justify\"><span style=\"font-family: Arial, sans-serif;\"><span style=\"font-size: small;\">Entrenador de Baloncesto.<\/span><\/span><\/div>\n<\/li>\n<li>\n<div style=\"margin-bottom: 0cm;\" align=\"justify\"><span style=\"font-family: Arial, sans-serif;\"><span style=\"font-size: small;\">Profesor en varios cursos y seminarios relacionados con el entrenamiento de la fuerza.<\/span><\/span><\/div>\n<\/li>\n<li>\n<div style=\"margin-bottom: 0cm;\" align=\"justify\"><span style=\"font-family: Arial, sans-serif;\"><span style=\"font-size: small;\">Autor del libro \u00abReglamento comentado de baloncesto\u00bb (Editorial Paidotribo).<\/span><\/span><\/div>\n<\/li>\n<li>\n<div style=\"margin-bottom: 0cm;\" align=\"justify\"><span style=\"font-family: Arial, sans-serif;\"><span style=\"font-size: small;\">Traductor y revisor t\u00e9cnico de varios libros sobre el entrenamiento de la fuerza para la editorial Hispano Europea.<\/span><\/span><\/div>\n<\/li>\n<\/ul>\n<ul>\n<li>\n<div style=\"margin-bottom: 0cm;\" align=\"justify\"><span style=\"font-family: Arial, sans-serif;\"><span style=\"font-size: small;\">Autor de varias comunicaciones y art\u00edculos tanto a nivel nacional como internacional.<\/span><\/span><\/div>\n<\/li>\n<li>\n<div style=\"margin-bottom: 0cm;\" align=\"justify\"><span style=\"font-size: small;\"><span style=\"font-family: Arial, sans-serif;\">Actualmente se encuentra finalizando su tesis doctoral sobre el entrenamiento de la musculatura abdominal, para lo cual emplea la tecnolog\u00eda <\/span><span style=\"color: #2445a2;\"><a href=\"https:\/\/byomedicsystem.es\/82-musclelab-ml-6000\"><span style=\"color: #2445a2; font-family: Arial, sans-serif;\"><em>MuscleLab<\/em><\/span><\/a><\/span><span style=\"font-family: Arial, sans-serif;\">.<\/span><\/span><\/div>\n<\/li>\n<\/ul>\n<p style=\"margin-bottom: 0cm;\">","protected":false},"excerpt":{"rendered":"<h2>AUTOR: JULIO TOUS FAJARDO<\/h2>\n<p><strong>Uno de los mejores libros sobre el entrenamiento de la fuerza que se han publicado en nuestro pa\u00eds, y sin duda el m\u00e1s completo y actualizado. Con un gran rigor cient\u00edfico y apoyado por una atractiva edici\u00f3n en color, Julio Tous hace una novedosa introducci\u00f3n al concepto de fuerza y presenta una magn\u00edfica metodolog\u00eda de entrenamiento, control y valoraci\u00f3n de la misma. Asimismo, se a\u00f1ade una extensa bibliograf\u00eda y una secci\u00f3n dedicada a la fuerza en internet. Tambi\u00e9n se incluyen numerosos datos de tests realizados a atletas espa\u00f1oles. Libro imprescindible para entrenadores, profesores y estudiantes de Educaci\u00f3n F\u00edsica as\u00ed como todo tipo de deportistas.<\/strong><\/p>\n<ul>\n<li><strong>PRECIO A CONSULTAR<\/strong><\/li>\n<\/ul>","protected":false},"featured_media":235895,"template":"","meta":{"_et_pb_use_builder":"","_et_pb_old_content":"","_et_gb_content_width":""},"product_cat":[13],"product_tag":[],"_links":{"self":[{"href":"https:\/\/byomedicsystem.com\/en\/wp-json\/wp\/v2\/product\/1230"}],"collection":[{"href":"https:\/\/byomedicsystem.com\/en\/wp-json\/wp\/v2\/product"}],"about":[{"href":"https:\/\/byomedicsystem.com\/en\/wp-json\/wp\/v2\/types\/product"}],"wp:featuredmedia":[{"embeddable":true,"href":"https:\/\/byomedicsystem.com\/en\/wp-json\/wp\/v2\/media\/235895"}],"wp:attachment":[{"href":"https:\/\/byomedicsystem.com\/en\/wp-json\/wp\/v2\/media?parent=1230"}],"wp:term":[{"taxonomy":"product_cat","embeddable":true,"href":"https:\/\/byomedicsystem.com\/en\/wp-json\/wp\/v2\/product_cat?post=1230"},{"taxonomy":"product_tag","embeddable":true,"href":"https:\/\/byomedicsystem.com\/en\/wp-json\/wp\/v2\/product_tag?post=1230"}],"curies":[{"name":"wp","href":"https:\/\/api.w.org\/{rel}","templated":true}]}}