{"id":1228,"date":"2014-11-06T19:59:15","date_gmt":"2014-11-06T19:59:15","guid":{"rendered":"https:\/\/byomedicsystem.com\/producto\/jugar-con-el-corazon\/"},"modified":"2024-02-21T12:50:46","modified_gmt":"2024-02-21T12:50:46","slug":"jugar-con-el-corazon","status":"publish","type":"product","link":"https:\/\/byomedicsystem.com\/en\/tienda\/performance\/jugar-con-el-corazon\/","title":{"rendered":"JUGAR CON EL CORAZ\u00d3N"},"content":{"rendered":"<p><span style=\"font-family: Arial, sans-serif;\">La respuesta no est\u00e1 en la cabeza sino en el coraz\u00f3n. No se encuentra ni en nuestra vida p\u00fablica ni en la privada, sino en nuestra vida secreta. En afrontar cada problema como un reto, como una forma de crecimiento, como un desaf\u00edo. En concentrarnos en crecer, no s\u00f3lo en ganar. En trabajar en equipo. Y sobretodo en actuar, no solo so\u00f1ar.<\/span><\/p>\n<p><span style=\"font-family: Arial, sans-serif;\">Con ejemplos extra\u00eddos de su experiencia como entrenador profesional y de su particular forma de entender la vida, Xesco Espar nos muestra como la vida castiga duramente a los que s\u00f3lo hablan, fingen o pretenden y en cambio colma de recompensas a los que la act\u00faan, se transforman y crecen\u2026 a los que la juegan con el coraz\u00f3n. <\/span><\/p>","protected":false},"excerpt":{"rendered":"<h2 style=\"margin-bottom: 0cm;\"><\/h2>\n<h2><strong>AUTOR: XESCO ESPAR<\/strong><\/h2>\n<p style=\"margin-bottom: 0cm;\"><strong>\u00bf<span style=\"font-family: Arial, sans-serif;\">C\u00f3mo se desaf\u00eda al destino cuando los dem\u00e1s parten con ventaja? \u00bfC\u00f3mo se puede hacer saltar por los aires el l\u00edmite superior de nuestro m\u00e1ximo rendimiento? \u00bfC\u00f3mo se describe una visi\u00f3n fascinante? \u00bfC\u00f3mo se definen los objetivos para que sean intr\u00ednsecamente motivadores? \u00bfC\u00f3mo encarar la vida cuando la excelencia no es suficiente?<\/span><\/strong><\/p>\n<h2 style=\"margin-bottom: 0cm;\"><\/h2>","protected":false},"featured_media":1227,"template":"","meta":{"_et_pb_use_builder":"","_et_pb_old_content":"","_et_gb_content_width":""},"product_cat":[19],"product_tag":[],"_links":{"self":[{"href":"https:\/\/byomedicsystem.com\/en\/wp-json\/wp\/v2\/product\/1228"}],"collection":[{"href":"https:\/\/byomedicsystem.com\/en\/wp-json\/wp\/v2\/product"}],"about":[{"href":"https:\/\/byomedicsystem.com\/en\/wp-json\/wp\/v2\/types\/product"}],"wp:featuredmedia":[{"embeddable":true,"href":"https:\/\/byomedicsystem.com\/en\/wp-json\/wp\/v2\/media\/1227"}],"wp:attachment":[{"href":"https:\/\/byomedicsystem.com\/en\/wp-json\/wp\/v2\/media?parent=1228"}],"wp:term":[{"taxonomy":"product_cat","embeddable":true,"href":"https:\/\/byomedicsystem.com\/en\/wp-json\/wp\/v2\/product_cat?post=1228"},{"taxonomy":"product_tag","embeddable":true,"href":"https:\/\/byomedicsystem.com\/en\/wp-json\/wp\/v2\/product_tag?post=1228"}],"curies":[{"name":"wp","href":"https:\/\/api.w.org\/{rel}","templated":true}]}}