{"id":1226,"date":"2014-11-06T19:41:17","date_gmt":"2014-11-06T19:41:17","guid":{"rendered":"https:\/\/byomedicsystem.com\/producto\/teoria-del-entrenamiento-deportivo-2\/"},"modified":"2024-02-21T12:51:49","modified_gmt":"2024-02-21T12:51:49","slug":"planificacion-del-entrenamiento-deportivo","status":"publish","type":"product","link":"https:\/\/byomedicsystem.com\/en\/tienda\/formacion\/planificacion-del-entrenamiento-deportivo\/","title":{"rendered":"Planificaci\u00f3n deportiva en deportes individuales"},"content":{"rendered":"<p>Es por esta raz\u00f3n, que en la planificaci\u00f3n no predominan propuestas de actuaci\u00f3n cerradas, sino que sobre unos principios generales, cada entrenador emplea los procedimientos y t\u00e9cnicas que ha adquirido gracias a su experiencia. Esta situaci\u00f3n provoca que, en algunos casos, el joven entrenador se sienta algo desorientado y con pocos recursos en el momento de planificar la temporada. La finalidad principal de este libro consiste en ayudar a los estudiantes de educaci\u00f3n f\u00edsica y a los t\u00e9cnicos, proporcion\u00e1ndoles un texto donde se describen los contenidos te\u00f3ricos b\u00e1sicos de la planificaci\u00f3n y las principales pautas de actuaci\u00f3n utilizadas por el propio autor y otros de reconocida experiencia.<\/p>\n<p><span style=\"text-decoration: underline;\">Acerca del autor:<\/span><\/p>\n<p>Joan Sol\u00e9 Fort\u00f3 es doctor en Educaci\u00f3n F\u00edsica y Deportes por la Universidad de Barcelona. En la actualidad imparte las asignaturas de Fundamentos del Entrenamiento y Planificaci\u00f3n y Control del Entrenamiento Deportivo en el Instituto de Educaci\u00f3n F\u00edsica de Barcelona (INEFC). Ha publicado diversos textos y art\u00edculos cient\u00edficos en revistas especializadas. M\u00e1s all\u00e1 del contexto acad\u00e9mico ha venido desarrollando una intensa labor como preparador f\u00edsico en distintas disciplinas deportivas, desde el baloncesto al golf, pasando por la lucha, el waterpolo o el f\u00fatbol.<\/p>","protected":false},"excerpt":{"rendered":"<h2><strong>Autor: Joan <\/strong><strong>Sol\u00e9 Fort\u00f3<\/strong><\/h2>\n<p><strong>La planificaci\u00f3n del entrenamiento deportivo es una de las \u00e1reas de la teor\u00eda del entrenamiento que se relaciona directamente con la estrategia seguida por el equipo t\u00e9cnico para conseguir los objetivos formulados.<\/strong><\/p>\n<ul>\n<li><strong>PRECIO A CONSULTAR<\/strong><\/li>\n<\/ul>","protected":false},"featured_media":236154,"template":"","meta":{"_et_pb_use_builder":"","_et_pb_old_content":"","_et_gb_content_width":""},"product_cat":[13],"product_tag":[],"_links":{"self":[{"href":"https:\/\/byomedicsystem.com\/en\/wp-json\/wp\/v2\/product\/1226"}],"collection":[{"href":"https:\/\/byomedicsystem.com\/en\/wp-json\/wp\/v2\/product"}],"about":[{"href":"https:\/\/byomedicsystem.com\/en\/wp-json\/wp\/v2\/types\/product"}],"wp:featuredmedia":[{"embeddable":true,"href":"https:\/\/byomedicsystem.com\/en\/wp-json\/wp\/v2\/media\/236154"}],"wp:attachment":[{"href":"https:\/\/byomedicsystem.com\/en\/wp-json\/wp\/v2\/media?parent=1226"}],"wp:term":[{"taxonomy":"product_cat","embeddable":true,"href":"https:\/\/byomedicsystem.com\/en\/wp-json\/wp\/v2\/product_cat?post=1226"},{"taxonomy":"product_tag","embeddable":true,"href":"https:\/\/byomedicsystem.com\/en\/wp-json\/wp\/v2\/product_tag?post=1226"}],"curies":[{"name":"wp","href":"https:\/\/api.w.org\/{rel}","templated":true}]}}