{"id":1224,"date":"2014-11-06T19:35:58","date_gmt":"2014-11-06T19:35:58","guid":{"rendered":"https:\/\/byomedicsystem.com\/producto\/teoria-del-entrenamiento-deportivo\/"},"modified":"2024-02-21T12:52:28","modified_gmt":"2024-02-21T12:52:28","slug":"teoria-del-entrenamiento-deportivo","status":"publish","type":"product","link":"https:\/\/byomedicsystem.com\/en\/tienda\/formacion\/teoria-del-entrenamiento-deportivo\/","title":{"rendered":"Teor\u00eda del entrenamiento deportivo"},"content":{"rendered":"<p>La teor\u00eda del entrenamiento deportivo integra conocimientos cient\u00edficos que provienen del deporte y de sus diversas ciencias auxiliares. Su comprensi\u00f3n nos permite saber los efectos del ejercicio f\u00edsico sobre el organismo, proporcionando los fundamentos te\u00f3ricos y pr\u00e1cticos para la preparaci\u00f3n de los deportistas.<\/p>\n<p>Desde la creaci\u00f3n de los primeros Institutos de Educaci\u00f3n F\u00edsicas y Deportes de nuestro pa\u00eds, la teor\u00eda del entrenamiento ha sido una de las asignaturas m\u00e1s representativas e importantes de estos estudios. Con el objetivo de facilitar el aprendizaje de sus contenidos a los futuros graduados y entrenadores, se ha elaborado este libro donde se describen de forma muy did\u00e1ctica las diversas t\u00e9cnicas y metodolog\u00edas que se emplean en la actualidad en el proceso de la preparaci\u00f3n de los deportistas.<\/p>\n<p><span style=\"text-decoration: underline;\">Acerca del autor:<\/span><\/p>\n<p>Joan Sol\u00e9 Fort\u00f3 es doctor en Educaci\u00f3n F\u00edsica y Deportes por la Universidad de Barcelona. En la actualidad imparte las asignaturas de Fundamentos del Entrenamiento y Planificaci\u00f3n y Control del Entrenamiento Deportivo en el Instituto de Educaci\u00f3n F\u00edsica de Barcelona (INEFC). Ha publicado diversos textos y art\u00edculos cient\u00edficos en revistas especializadas. M\u00e1s all\u00e1 del contexto acad\u00e9mico ha venido desarrollando una intensa labor como preparador f\u00edsico en distintas disciplinas deportivas, desde el baloncesto al golf, pasando por la lucha, el waterpolo o el f\u00fatbol.<\/p>","protected":false},"excerpt":{"rendered":"<h2><strong>Autor: Joan <\/strong><strong>Sol\u00e9 Fort\u00f3<\/strong><\/h2>\n<p><strong>El entrenamiento deportivo es un proceso pedag\u00f3gico a trav\u00e9s del cual un deportista puede, partiendo de su potencial gen\u00e9tico, conseguir un determinado nivel de rendimiento merced a los complejos procesos de aprendizaje y adaptaci\u00f3n del organismo humano.<\/strong><\/p>\n<ul>\n<li><strong>PRECIO A CONSULTAR<\/strong><\/li>\n<\/ul>\n<h2><\/h2>","protected":false},"featured_media":235897,"template":"","meta":{"_et_pb_use_builder":"","_et_pb_old_content":"","_et_gb_content_width":""},"product_cat":[13],"product_tag":[],"_links":{"self":[{"href":"https:\/\/byomedicsystem.com\/en\/wp-json\/wp\/v2\/product\/1224"}],"collection":[{"href":"https:\/\/byomedicsystem.com\/en\/wp-json\/wp\/v2\/product"}],"about":[{"href":"https:\/\/byomedicsystem.com\/en\/wp-json\/wp\/v2\/types\/product"}],"wp:featuredmedia":[{"embeddable":true,"href":"https:\/\/byomedicsystem.com\/en\/wp-json\/wp\/v2\/media\/235897"}],"wp:attachment":[{"href":"https:\/\/byomedicsystem.com\/en\/wp-json\/wp\/v2\/media?parent=1224"}],"wp:term":[{"taxonomy":"product_cat","embeddable":true,"href":"https:\/\/byomedicsystem.com\/en\/wp-json\/wp\/v2\/product_cat?post=1224"},{"taxonomy":"product_tag","embeddable":true,"href":"https:\/\/byomedicsystem.com\/en\/wp-json\/wp\/v2\/product_tag?post=1224"}],"curies":[{"name":"wp","href":"https:\/\/api.w.org\/{rel}","templated":true}]}}