{"id":1181,"date":"2014-11-04T17:41:49","date_gmt":"2014-11-04T17:41:49","guid":{"rendered":"https:\/\/byomedicsystem.com\/producto\/collarin-cf-diam-50\/"},"modified":"2024-02-21T12:56:21","modified_gmt":"2024-02-21T12:56:21","slug":"collarin-cf-diam-50","status":"publish","type":"product","link":"https:\/\/byomedicsystem.com\/en\/tienda\/fitness\/collarin-cf-diam-50\/","title":{"rendered":"Collar\u00edn CF di\u00e1m. 50 BFL"},"content":{"rendered":"","protected":false},"excerpt":{"rendered":"<p>Collar\u00edn L\u00ednea BFL, recomendado especialmente para Barras de Crossfit\/Fitness.<br \/>\nFabricado con nylon y resina.<br \/>\nAltamente resistentes.<\/p>\n<ul>\n<li><strong>PRECIO A CONSULTAR<\/strong><\/li>\n<\/ul>","protected":false},"featured_media":1178,"template":"","meta":{"_et_pb_use_builder":"","_et_pb_old_content":"","_et_gb_content_width":""},"product_cat":[16,35],"product_tag":[],"_links":{"self":[{"href":"https:\/\/byomedicsystem.com\/en\/wp-json\/wp\/v2\/product\/1181"}],"collection":[{"href":"https:\/\/byomedicsystem.com\/en\/wp-json\/wp\/v2\/product"}],"about":[{"href":"https:\/\/byomedicsystem.com\/en\/wp-json\/wp\/v2\/types\/product"}],"wp:featuredmedia":[{"embeddable":true,"href":"https:\/\/byomedicsystem.com\/en\/wp-json\/wp\/v2\/media\/1178"}],"wp:attachment":[{"href":"https:\/\/byomedicsystem.com\/en\/wp-json\/wp\/v2\/media?parent=1181"}],"wp:term":[{"taxonomy":"product_cat","embeddable":true,"href":"https:\/\/byomedicsystem.com\/en\/wp-json\/wp\/v2\/product_cat?post=1181"},{"taxonomy":"product_tag","embeddable":true,"href":"https:\/\/byomedicsystem.com\/en\/wp-json\/wp\/v2\/product_tag?post=1181"}],"curies":[{"name":"wp","href":"https:\/\/api.w.org\/{rel}","templated":true}]}}